{"id":105,"date":"2013-06-07T10:52:06","date_gmt":"2013-06-07T10:52:06","guid":{"rendered":"http:\/\/demo2.woothemes.com\/woocommerce\/?post_type=product&#038;p=34"},"modified":"2025-03-29T09:03:13","modified_gmt":"2025-03-29T06:03:13","slug":"anthurium-blanc","status":"publish","type":"product","link":"https:\/\/florajia.com\/?product=anthurium-blanc","title":{"rendered":"anthurium blanc"},"content":{"rendered":"<style type=\"text\/css\"><!--td {border: 1px solid #ccc;}br {mso-data-placement:same-cell;}--><\/style>\n<p><span data-sheets-value=\"{&quot;1&quot;:2,&quot;2&quot;:&quot;Le champion blanc Royal Anthurium aura certaines exigences pour grandir correctement. Il doit d'abord \u00eatre plant\u00e9 dans un endroit chaud et humide avec une temp\u00e9rature d'environ 20 \u00b0 C et surtout bien prot\u00e9g\u00e9. Vous appr\u00e9cierez les zones claires ou l\u00e9g\u00e8rement ombrag\u00e9es mais prot\u00e9g\u00e9es des vents ou des courants d'air. Elle a peur du froid car elle n'est pas rustique et souvent le gel lui est fatal. De plus, il serait pr\u00e9f\u00e9rable de les garder \u00e0 l'int\u00e9rieur et de les sortir pendant les meilleurs jours. Les rayons chauds peuvent br\u00fbler leurs feuilles quelque peu sensibles, qui doivent \u00eatre bien prot\u00e9g\u00e9es. M\u00eame s'il appr\u00e9cie l'humidit\u00e9, il faudra \u00e9viter un exc\u00e8s d'eau qui pourrait faire pourrir les racines. De plus, votre arrosage doit toujours \u00eatre r\u00e9gulier et mod\u00e9r\u00e9, juste pour humidifier correctement le sol. Vous pouvez \u00e9galement prendre soin de vaporiser ses feuilles avec de l'eau de pluie.&quot;}\" data-sheets-userformat=\"{&quot;2&quot;:513,&quot;3&quot;:{&quot;1&quot;:0},&quot;12&quot;:0}\">Le champion blanc Royal Anthurium aura certaines exigences pour grandir correctement. Il doit d&rsquo;abord \u00eatre plant\u00e9 dans un endroit chaud et humide avec une temp\u00e9rature d&rsquo;environ 20 \u00b0 C et surtout bien prot\u00e9g\u00e9. Vous appr\u00e9cierez les zones claires ou l\u00e9g\u00e8rement ombrag\u00e9es mais prot\u00e9g\u00e9es des vents ou des courants d&rsquo;air. Elle a peur du froid car elle n&rsquo;est pas rustique et souvent le gel lui est fatal. De plus, il serait pr\u00e9f\u00e9rable de les garder \u00e0 l&rsquo;int\u00e9rieur et de les sortir pendant les meilleurs jours. Les rayons chauds peuvent br\u00fbler leurs feuilles quelque peu sensibles, qui doivent \u00eatre bien prot\u00e9g\u00e9es. M\u00eame s&rsquo;il appr\u00e9cie l&rsquo;humidit\u00e9, il faudra \u00e9viter un exc\u00e8s d&rsquo;eau qui pourrait faire pourrir les racines. De plus, votre arrosage doit toujours \u00eatre r\u00e9gulier et mod\u00e9r\u00e9, juste pour humidifier correctement le sol. Vous pouvez \u00e9galement prendre soin de vaporiser ses feuilles avec de l&rsquo;eau de pluie.<\/span><\/p>\n","protected":false},"excerpt":{"rendered":"<style type=\"text\/css\"><!--td {border: 1px solid #ccc;}br {mso-data-placement:same-cell;}--><\/style>\n<p><span data-sheets-value=\"{&quot;1&quot;:2,&quot;2&quot;:&quot;Une plante tr\u00e8s raffin\u00e9e\\nFacile \u00e0 entretenir\\nUne belle touche d\u2019exotisme\\nplus florajia offert une boite coeur de chocolat cadeau\\n&quot;}\" data-sheets-userformat=\"{&quot;2&quot;:513,&quot;3&quot;:{&quot;1&quot;:0},&quot;12&quot;:0}\">Une plante tr\u00e8s raffin\u00e9e<br \/>\nFacile \u00e0 entretenir<br \/>\nUne belle touche d\u2019exotisme<br \/>\nplus florajia offert une boite coeur de chocolat cadeau<br \/>\n<\/span><\/p>\n<p><img decoding=\"async\" loading=\"lazy\" class=\"alignnone wp-image-13330 size-medium\" src=\"https:\/\/florajia.com\/wp-content\/uploads\/2022\/04\/paiement-en-ligne-10-securise-2-removebg-preview-300x72.png\" alt=\"\" width=\"300\" height=\"72\" srcset=\"https:\/\/florajia.com\/wp-content\/uploads\/2022\/04\/paiement-en-ligne-10-securise-2-removebg-preview-300x72.png 300w, https:\/\/florajia.com\/wp-content\/uploads\/2022\/04\/paiement-en-ligne-10-securise-2-removebg-preview-600x144.png 600w, https:\/\/florajia.com\/wp-content\/uploads\/2022\/04\/paiement-en-ligne-10-securise-2-removebg-preview.png 769w\" sizes=\"(max-width: 300px) 100vw, 300px\" \/><\/p>\n","protected":false},"featured_media":8681,"comment_status":"open","ping_status":"closed","template":"","meta":{"_joinchat":[]},"product_cat":[29],"product_tag":[],"yoast_head":"<!-- This site is optimized with the Yoast SEO plugin v20.13 - https:\/\/yoast.com\/wordpress\/plugins\/seo\/ -->\n<title>https:\/\/florajia.com\/produit\/anthurium-blanc d&#039;int\u00e9rieur et d&#039;arbustes<\/title>\n<meta name=\"description\" content=\"plantes d&#039;int\u00e9rieur et d&#039;arbustes plantes vertes faciles d&#039;entretien et floraison int\u00e9rieure et ext\u00e9rieure livraison rapide partout \u00e0 Maroc\" \/>\n<meta name=\"robots\" content=\"index, follow, max-snippet:-1, max-image-preview:large, max-video-preview:-1\" \/>\n<link rel=\"canonical\" href=\"https:\/\/florajia.com\/?product=anthurium-blanc\" \/>\n<meta property=\"og:locale\" content=\"fr_FR\" \/>\n<meta property=\"og:type\" content=\"article\" \/>\n<meta property=\"og:title\" content=\"https:\/\/florajia.com\/produit\/anthurium-blanc d&#039;int\u00e9rieur et d&#039;arbustes\" \/>\n<meta property=\"og:description\" content=\"plantes d&#039;int\u00e9rieur et d&#039;arbustes plantes vertes faciles d&#039;entretien et floraison int\u00e9rieure et ext\u00e9rieure livraison rapide partout \u00e0 Maroc\" \/>\n<meta property=\"og:url\" content=\"https:\/\/florajia.com\/?product=anthurium-blanc\" \/>\n<meta property=\"og:site_name\" content=\"www.Florajia.com\" \/>\n<meta property=\"article:publisher\" content=\"https:\/\/www.facebook.com\/florajiafleur\" \/>\n<meta property=\"article:modified_time\" content=\"2025-03-29T06:03:13+00:00\" \/>\n<meta property=\"og:image\" content=\"https:\/\/florajia.com\/wp-content\/uploads\/2013\/06\/ANTHURIUM-BLANC.png\" \/>\n\t<meta property=\"og:image:width\" content=\"1080\" \/>\n\t<meta property=\"og:image:height\" content=\"1080\" \/>\n\t<meta property=\"og:image:type\" content=\"image\/png\" \/>\n<meta name=\"twitter:card\" content=\"summary_large_image\" \/>\n<meta name=\"twitter:site\" content=\"@florajiafleur\" \/>\n<meta name=\"twitter:label1\" content=\"Dur\u00e9e de lecture estim\u00e9e\" \/>\n\t<meta name=\"twitter:data1\" content=\"1 minute\" \/>\n<script type=\"application\/ld+json\" class=\"yoast-schema-graph\">{\"@context\":\"https:\/\/schema.org\",\"@graph\":[{\"@type\":\"WebPage\",\"@id\":\"https:\/\/florajia.com\/?product=anthurium-blanc\",\"url\":\"https:\/\/florajia.com\/?product=anthurium-blanc\",\"name\":\"https:\/\/florajia.com\/produit\/anthurium-blanc d'int\u00e9rieur et d'arbustes\",\"isPartOf\":{\"@id\":\"https:\/\/florajia.com\/#website\"},\"datePublished\":\"2013-06-07T10:52:06+00:00\",\"dateModified\":\"2025-03-29T06:03:13+00:00\",\"description\":\"plantes d'int\u00e9rieur et d'arbustes plantes vertes faciles d'entretien et floraison int\u00e9rieure et ext\u00e9rieure livraison rapide partout \u00e0 Maroc\",\"breadcrumb\":{\"@id\":\"https:\/\/florajia.com\/?product=anthurium-blanc#breadcrumb\"},\"inLanguage\":\"fr-FR\",\"potentialAction\":[{\"@type\":\"ReadAction\",\"target\":[\"https:\/\/florajia.com\/?product=anthurium-blanc\"]}]},{\"@type\":\"BreadcrumbList\",\"@id\":\"https:\/\/florajia.com\/?product=anthurium-blanc#breadcrumb\",\"itemListElement\":[{\"@type\":\"ListItem\",\"position\":1,\"name\":\"Home\",\"item\":\"https:\/\/florajia.com\/\"},{\"@type\":\"ListItem\",\"position\":2,\"name\":\"Shop\",\"item\":\"https:\/\/florajia.com\/?page_id=345\"},{\"@type\":\"ListItem\",\"position\":3,\"name\":\"anthurium blanc\"}]},{\"@type\":\"WebSite\",\"@id\":\"https:\/\/florajia.com\/#website\",\"url\":\"https:\/\/florajia.com\/\",\"name\":\"www.Florajia.com\",\"description\":\"florajia c&#039;est un fleuriste   Sp\u00e9cialiste de livraison de bouquets de fleurs et rose qualite fleurissent  livraison partout \u00e0 Marrakech\",\"publisher\":{\"@id\":\"https:\/\/florajia.com\/#organization\"},\"potentialAction\":[{\"@type\":\"SearchAction\",\"target\":{\"@type\":\"EntryPoint\",\"urlTemplate\":\"https:\/\/florajia.com\/?s={search_term_string}\"},\"query-input\":\"required name=search_term_string\"}],\"inLanguage\":\"fr-FR\"},{\"@type\":\"Organization\",\"@id\":\"https:\/\/florajia.com\/#organization\",\"name\":\"Florajia\",\"url\":\"https:\/\/florajia.com\/\",\"logo\":{\"@type\":\"ImageObject\",\"inLanguage\":\"fr-FR\",\"@id\":\"https:\/\/florajia.com\/#\/schema\/logo\/image\/\",\"url\":\"https:\/\/florajia.com\/wp-content\/uploads\/2020\/02\/5e48499b45714_image_name-1.jpg\",\"contentUrl\":\"https:\/\/florajia.com\/wp-content\/uploads\/2020\/02\/5e48499b45714_image_name-1.jpg\",\"width\":512,\"height\":512,\"caption\":\"Florajia\"},\"image\":{\"@id\":\"https:\/\/florajia.com\/#\/schema\/logo\/image\/\"},\"sameAs\":[\"https:\/\/www.facebook.com\/florajiafleur\",\"https:\/\/twitter.com\/florajiafleur\",\"https:\/\/www.instagram.com\/florajiafleurs\",\"https:\/\/www.pinterest.com\/florajiafleurs\/\"]}]}<\/script>\n<!-- \/ Yoast SEO plugin. -->","yoast_head_json":{"title":"https:\/\/florajia.com\/produit\/anthurium-blanc d'int\u00e9rieur et d'arbustes","description":"plantes d'int\u00e9rieur et d'arbustes plantes vertes faciles d'entretien et floraison int\u00e9rieure et ext\u00e9rieure livraison rapide partout \u00e0 Maroc","robots":{"index":"index","follow":"follow","max-snippet":"max-snippet:-1","max-image-preview":"max-image-preview:large","max-video-preview":"max-video-preview:-1"},"canonical":"https:\/\/florajia.com\/?product=anthurium-blanc","og_locale":"fr_FR","og_type":"article","og_title":"https:\/\/florajia.com\/produit\/anthurium-blanc d'int\u00e9rieur et d'arbustes","og_description":"plantes d'int\u00e9rieur et d'arbustes plantes vertes faciles d'entretien et floraison int\u00e9rieure et ext\u00e9rieure livraison rapide partout \u00e0 Maroc","og_url":"https:\/\/florajia.com\/?product=anthurium-blanc","og_site_name":"www.Florajia.com","article_publisher":"https:\/\/www.facebook.com\/florajiafleur","article_modified_time":"2025-03-29T06:03:13+00:00","og_image":[{"width":1080,"height":1080,"url":"https:\/\/florajia.com\/wp-content\/uploads\/2013\/06\/ANTHURIUM-BLANC.png","type":"image\/png"}],"twitter_card":"summary_large_image","twitter_site":"@florajiafleur","twitter_misc":{"Dur\u00e9e de lecture estim\u00e9e":"1 minute"},"schema":{"@context":"https:\/\/schema.org","@graph":[{"@type":"WebPage","@id":"https:\/\/florajia.com\/?product=anthurium-blanc","url":"https:\/\/florajia.com\/?product=anthurium-blanc","name":"https:\/\/florajia.com\/produit\/anthurium-blanc d'int\u00e9rieur et d'arbustes","isPartOf":{"@id":"https:\/\/florajia.com\/#website"},"datePublished":"2013-06-07T10:52:06+00:00","dateModified":"2025-03-29T06:03:13+00:00","description":"plantes d'int\u00e9rieur et d'arbustes plantes vertes faciles d'entretien et floraison int\u00e9rieure et ext\u00e9rieure livraison rapide partout \u00e0 Maroc","breadcrumb":{"@id":"https:\/\/florajia.com\/?product=anthurium-blanc#breadcrumb"},"inLanguage":"fr-FR","potentialAction":[{"@type":"ReadAction","target":["https:\/\/florajia.com\/?product=anthurium-blanc"]}]},{"@type":"BreadcrumbList","@id":"https:\/\/florajia.com\/?product=anthurium-blanc#breadcrumb","itemListElement":[{"@type":"ListItem","position":1,"name":"Home","item":"https:\/\/florajia.com\/"},{"@type":"ListItem","position":2,"name":"Shop","item":"https:\/\/florajia.com\/?page_id=345"},{"@type":"ListItem","position":3,"name":"anthurium blanc"}]},{"@type":"WebSite","@id":"https:\/\/florajia.com\/#website","url":"https:\/\/florajia.com\/","name":"www.Florajia.com","description":"florajia c&#039;est un fleuriste   Sp\u00e9cialiste de livraison de bouquets de fleurs et rose qualite fleurissent  livraison partout \u00e0 Marrakech","publisher":{"@id":"https:\/\/florajia.com\/#organization"},"potentialAction":[{"@type":"SearchAction","target":{"@type":"EntryPoint","urlTemplate":"https:\/\/florajia.com\/?s={search_term_string}"},"query-input":"required name=search_term_string"}],"inLanguage":"fr-FR"},{"@type":"Organization","@id":"https:\/\/florajia.com\/#organization","name":"Florajia","url":"https:\/\/florajia.com\/","logo":{"@type":"ImageObject","inLanguage":"fr-FR","@id":"https:\/\/florajia.com\/#\/schema\/logo\/image\/","url":"https:\/\/florajia.com\/wp-content\/uploads\/2020\/02\/5e48499b45714_image_name-1.jpg","contentUrl":"https:\/\/florajia.com\/wp-content\/uploads\/2020\/02\/5e48499b45714_image_name-1.jpg","width":512,"height":512,"caption":"Florajia"},"image":{"@id":"https:\/\/florajia.com\/#\/schema\/logo\/image\/"},"sameAs":["https:\/\/www.facebook.com\/florajiafleur","https:\/\/twitter.com\/florajiafleur","https:\/\/www.instagram.com\/florajiafleurs","https:\/\/www.pinterest.com\/florajiafleurs\/"]}]}},"_links":{"self":[{"href":"https:\/\/florajia.com\/index.php?rest_route=\/wp\/v2\/product\/105"}],"collection":[{"href":"https:\/\/florajia.com\/index.php?rest_route=\/wp\/v2\/product"}],"about":[{"href":"https:\/\/florajia.com\/index.php?rest_route=\/wp\/v2\/types\/product"}],"replies":[{"embeddable":true,"href":"https:\/\/florajia.com\/index.php?rest_route=%2Fwp%2Fv2%2Fcomments&post=105"}],"wp:featuredmedia":[{"embeddable":true,"href":"https:\/\/florajia.com\/index.php?rest_route=\/wp\/v2\/media\/8681"}],"wp:attachment":[{"href":"https:\/\/florajia.com\/index.php?rest_route=%2Fwp%2Fv2%2Fmedia&parent=105"}],"wp:term":[{"taxonomy":"product_cat","embeddable":true,"href":"https:\/\/florajia.com\/index.php?rest_route=%2Fwp%2Fv2%2Fproduct_cat&post=105"},{"taxonomy":"product_tag","embeddable":true,"href":"https:\/\/florajia.com\/index.php?rest_route=%2Fwp%2Fv2%2Fproduct_tag&post=105"}],"curies":[{"name":"wp","href":"https:\/\/api.w.org\/{rel}","templated":true}]}}