{"id":113,"date":"2013-06-07T11:22:50","date_gmt":"2013-06-07T08:22:50","guid":{"rendered":"http:\/\/demo2.woothemes.com\/woocommerce\/?post_type=product&#038;p=67"},"modified":"2024-04-01T01:51:16","modified_gmt":"2024-03-31T22:51:16","slug":"3-pot-de-cactus","status":"publish","type":"product","link":"https:\/\/florajia.com\/?product=3-pot-de-cactus","title":{"rendered":"cactus"},"content":{"rendered":"<style type=\"text\/css\"><!--td {border: 1px solid #ccc;}br {mso-data-placement:same-cell;}--><\/style>\n<p><span data-sheets-value=\"{&quot;1&quot;:2,&quot;2&quot;:&quot;Berceau de l'Afrique du Sud, Euphorbia erythrea est une plante de cactus qui peut atteindre une hauteur de 3 m\u00e8tres. Gr\u00e2ce \u00e0 cette svelte coutume faite de pattes \u00e9paisses et d'un tronc court, cette Euphorbia est tr\u00e8s originale et d\u00e9cor\u00e9e. Quoi qu'il en soit, ils ne vous obligeront pas \u00e0 mener une entrevue complexe et restreinte pour prosp\u00e9rer quotidiennement. C'est pourquoi il est fortement recommand\u00e9 pour un jardin junior qui a un peu de connaissances et de comp\u00e9tences. Euphoria Erythria appr\u00e9cie la lumi\u00e8re mais ne re\u00e7oit pas directement la lumi\u00e8re du soleil, ce qui peut endommager ses feuilles et les s\u00e9cher. Vous trouverez sa place dans un r\u00e9cipient assez grand et profond que vous pourrez placer sur un balcon ou une serre (avec une temp\u00e9rature d'environ 12 \u00b0 C). Pas tr\u00e8s rural, et vous ne pourrez pas rester dehors pendant&quot;}\" data-sheets-userformat=\"{&quot;2&quot;:513,&quot;3&quot;:{&quot;1&quot;:0},&quot;12&quot;:0}\">Berceau de l&rsquo;Afrique du Sud, Euphorbia erythrea est une plante de cactus qui peut atteindre une hauteur de 3 m\u00e8tres. Gr\u00e2ce \u00e0 cette svelte coutume faite de pattes \u00e9paisses et d&rsquo;un tronc court, cette Euphorbia est tr\u00e8s originale et d\u00e9cor\u00e9e. Quoi qu&rsquo;il en soit, ils ne vous obligeront pas \u00e0 mener une entrevue complexe et restreinte pour prosp\u00e9rer quotidiennement. C&rsquo;est pourquoi il est fortement recommand\u00e9 pour un jardin junior qui a un peu de connaissances et de comp\u00e9tences. Euphoria Erythria appr\u00e9cie la lumi\u00e8re mais ne re\u00e7oit pas directement la lumi\u00e8re du soleil, ce qui peut endommager ses feuilles et les s\u00e9cher. Vous trouverez sa place dans un r\u00e9cipient assez grand et profond que vous pourrez placer sur un balcon ou une serre (avec une temp\u00e9rature d&rsquo;environ 12 \u00b0 C). Pas tr\u00e8s rural, et vous ne pourrez pas rester dehors pendant<\/span><\/p>\n","protected":false},"excerpt":{"rendered":"<style type=\"text\/css\"><!--td {border: 1px solid #ccc;}br {mso-data-placement:same-cell;}--><\/style>\n<p style=\"text-align: left;\"><span data-sheets-value=\"{&quot;1&quot;:2,&quot;2&quot;:&quot;Pour un int\u00e9rieur styl\u00e9\\nDemande peu d'arrosages\\nSupporte les endroits ensoleill\u00e9s\\nplus florajia offert une arrosoir cadeau.&quot;}\" data-sheets-userformat=\"{&quot;2&quot;:513,&quot;3&quot;:{&quot;1&quot;:0},&quot;12&quot;:0}\">Pour un int\u00e9rieur styl\u00e9<br \/>\nDemande peu d&rsquo;arrosages<br \/>\nSupporte les endroits ensoleill\u00e9s <\/span><span data-sheets-value=\"{&quot;1&quot;:2,&quot;2&quot;:&quot;Pour un int\u00e9rieur styl\u00e9\\nDemande peu d'arrosages\\nSupporte les endroits ensoleill\u00e9s\\nplus florajia offert une arrosoir cadeau.&quot;}\" data-sheets-userformat=\"{&quot;2&quot;:513,&quot;3&quot;:{&quot;1&quot;:0},&quot;12&quot;:0}\">plus florajia offert une arrosoir cadeau.\u00a0<\/span><\/p>\n<p>&nbsp;<\/p>\n<p><img decoding=\"async\" loading=\"lazy\" class=\"alignnone wp-image-13330 size-medium\" src=\"https:\/\/florajia.com\/wp-content\/uploads\/2022\/04\/paiement-en-ligne-10-securise-2-removebg-preview-300x72.png\" alt=\"\" width=\"300\" height=\"72\" srcset=\"https:\/\/florajia.com\/wp-content\/uploads\/2022\/04\/paiement-en-ligne-10-securise-2-removebg-preview-300x72.png 300w, https:\/\/florajia.com\/wp-content\/uploads\/2022\/04\/paiement-en-ligne-10-securise-2-removebg-preview-600x144.png 600w, https:\/\/florajia.com\/wp-content\/uploads\/2022\/04\/paiement-en-ligne-10-securise-2-removebg-preview.png 769w\" sizes=\"(max-width: 300px) 100vw, 300px\" \/><\/p>\n<p>&nbsp;<\/p>\n","protected":false},"featured_media":8678,"comment_status":"open","ping_status":"closed","template":"","meta":{"_joinchat":[]},"product_cat":[29],"product_tag":[],"yoast_head":"<!-- This site is optimized with the Yoast SEO plugin v20.13 - https:\/\/yoast.com\/wordpress\/plugins\/seo\/ -->\n<title>&quot;Cactus: Collection Vari\u00e9e pour D\u00e9cor Exotique&quot;<\/title>\n<meta name=\"description\" content=\"Livraison de fleurs \u00e0 domicile en moins de 24H et pour toutes les occasions : Saint-Valentin, 8 Mars, F\u00eate des M\u00e8res... Appelez nous au +212 06 06 02 30 32\" \/>\n<meta name=\"robots\" content=\"index, follow, max-snippet:-1, max-image-preview:large, max-video-preview:-1\" \/>\n<link rel=\"canonical\" href=\"https:\/\/florajia.com\/?product=3-pot-de-cactus\" \/>\n<meta property=\"og:locale\" content=\"fr_FR\" \/>\n<meta property=\"og:type\" content=\"article\" \/>\n<meta property=\"og:title\" content=\"&quot;Cactus: Collection Vari\u00e9e pour D\u00e9cor Exotique&quot;\" \/>\n<meta property=\"og:description\" content=\"Livraison de fleurs \u00e0 domicile en moins de 24H et pour toutes les occasions : Saint-Valentin, 8 Mars, F\u00eate des M\u00e8res... Appelez nous au +212 06 06 02 30 32\" \/>\n<meta property=\"og:url\" content=\"https:\/\/florajia.com\/?product=3-pot-de-cactus\" \/>\n<meta property=\"og:site_name\" content=\"www.Florajia.com\" \/>\n<meta property=\"article:publisher\" content=\"https:\/\/www.facebook.com\/florajiafleur\" \/>\n<meta property=\"article:modified_time\" content=\"2024-03-31T22:51:16+00:00\" \/>\n<meta property=\"og:image\" content=\"https:\/\/florajia.com\/wp-content\/uploads\/2013\/06\/3-pot-de-cactus-1.png\" \/>\n\t<meta property=\"og:image:width\" content=\"1080\" \/>\n\t<meta property=\"og:image:height\" content=\"1080\" \/>\n\t<meta property=\"og:image:type\" content=\"image\/png\" \/>\n<meta name=\"twitter:card\" content=\"summary_large_image\" \/>\n<meta name=\"twitter:site\" content=\"@florajiafleur\" \/>\n<meta name=\"twitter:label1\" content=\"Dur\u00e9e de lecture estim\u00e9e\" \/>\n\t<meta name=\"twitter:data1\" content=\"1 minute\" \/>\n<script type=\"application\/ld+json\" class=\"yoast-schema-graph\">{\"@context\":\"https:\/\/schema.org\",\"@graph\":[{\"@type\":\"WebPage\",\"@id\":\"https:\/\/florajia.com\/?product=3-pot-de-cactus\",\"url\":\"https:\/\/florajia.com\/?product=3-pot-de-cactus\",\"name\":\"\\\"Cactus: Collection Vari\u00e9e pour D\u00e9cor Exotique\\\"\",\"isPartOf\":{\"@id\":\"https:\/\/florajia.com\/#website\"},\"datePublished\":\"2013-06-07T08:22:50+00:00\",\"dateModified\":\"2024-03-31T22:51:16+00:00\",\"description\":\"Livraison de fleurs \u00e0 domicile en moins de 24H et pour toutes les occasions : Saint-Valentin, 8 Mars, F\u00eate des M\u00e8res... Appelez nous au +212 06 06 02 30 32\",\"breadcrumb\":{\"@id\":\"https:\/\/florajia.com\/?product=3-pot-de-cactus#breadcrumb\"},\"inLanguage\":\"fr-FR\",\"potentialAction\":[{\"@type\":\"ReadAction\",\"target\":[\"https:\/\/florajia.com\/?product=3-pot-de-cactus\"]}]},{\"@type\":\"BreadcrumbList\",\"@id\":\"https:\/\/florajia.com\/?product=3-pot-de-cactus#breadcrumb\",\"itemListElement\":[{\"@type\":\"ListItem\",\"position\":1,\"name\":\"Home\",\"item\":\"https:\/\/florajia.com\/\"},{\"@type\":\"ListItem\",\"position\":2,\"name\":\"Shop\",\"item\":\"https:\/\/florajia.com\/?page_id=345\"},{\"@type\":\"ListItem\",\"position\":3,\"name\":\"cactus\"}]},{\"@type\":\"WebSite\",\"@id\":\"https:\/\/florajia.com\/#website\",\"url\":\"https:\/\/florajia.com\/\",\"name\":\"www.Florajia.com\",\"description\":\"florajia c&#039;est un fleuriste   Sp\u00e9cialiste de livraison de bouquets de fleurs et rose qualite fleurissent  livraison partout \u00e0 Marrakech\",\"publisher\":{\"@id\":\"https:\/\/florajia.com\/#organization\"},\"potentialAction\":[{\"@type\":\"SearchAction\",\"target\":{\"@type\":\"EntryPoint\",\"urlTemplate\":\"https:\/\/florajia.com\/?s={search_term_string}\"},\"query-input\":\"required name=search_term_string\"}],\"inLanguage\":\"fr-FR\"},{\"@type\":\"Organization\",\"@id\":\"https:\/\/florajia.com\/#organization\",\"name\":\"Florajia\",\"url\":\"https:\/\/florajia.com\/\",\"logo\":{\"@type\":\"ImageObject\",\"inLanguage\":\"fr-FR\",\"@id\":\"https:\/\/florajia.com\/#\/schema\/logo\/image\/\",\"url\":\"https:\/\/florajia.com\/wp-content\/uploads\/2020\/02\/5e48499b45714_image_name-1.jpg\",\"contentUrl\":\"https:\/\/florajia.com\/wp-content\/uploads\/2020\/02\/5e48499b45714_image_name-1.jpg\",\"width\":512,\"height\":512,\"caption\":\"Florajia\"},\"image\":{\"@id\":\"https:\/\/florajia.com\/#\/schema\/logo\/image\/\"},\"sameAs\":[\"https:\/\/www.facebook.com\/florajiafleur\",\"https:\/\/twitter.com\/florajiafleur\",\"https:\/\/www.instagram.com\/florajiafleurs\",\"https:\/\/www.pinterest.com\/florajiafleurs\/\"]}]}<\/script>\n<!-- \/ Yoast SEO plugin. -->","yoast_head_json":{"title":"\"Cactus: Collection Vari\u00e9e pour D\u00e9cor Exotique\"","description":"Livraison de fleurs \u00e0 domicile en moins de 24H et pour toutes les occasions : Saint-Valentin, 8 Mars, F\u00eate des M\u00e8res... Appelez nous au +212 06 06 02 30 32","robots":{"index":"index","follow":"follow","max-snippet":"max-snippet:-1","max-image-preview":"max-image-preview:large","max-video-preview":"max-video-preview:-1"},"canonical":"https:\/\/florajia.com\/?product=3-pot-de-cactus","og_locale":"fr_FR","og_type":"article","og_title":"\"Cactus: Collection Vari\u00e9e pour D\u00e9cor Exotique\"","og_description":"Livraison de fleurs \u00e0 domicile en moins de 24H et pour toutes les occasions : Saint-Valentin, 8 Mars, F\u00eate des M\u00e8res... Appelez nous au +212 06 06 02 30 32","og_url":"https:\/\/florajia.com\/?product=3-pot-de-cactus","og_site_name":"www.Florajia.com","article_publisher":"https:\/\/www.facebook.com\/florajiafleur","article_modified_time":"2024-03-31T22:51:16+00:00","og_image":[{"width":1080,"height":1080,"url":"https:\/\/florajia.com\/wp-content\/uploads\/2013\/06\/3-pot-de-cactus-1.png","type":"image\/png"}],"twitter_card":"summary_large_image","twitter_site":"@florajiafleur","twitter_misc":{"Dur\u00e9e de lecture estim\u00e9e":"1 minute"},"schema":{"@context":"https:\/\/schema.org","@graph":[{"@type":"WebPage","@id":"https:\/\/florajia.com\/?product=3-pot-de-cactus","url":"https:\/\/florajia.com\/?product=3-pot-de-cactus","name":"\"Cactus: Collection Vari\u00e9e pour D\u00e9cor Exotique\"","isPartOf":{"@id":"https:\/\/florajia.com\/#website"},"datePublished":"2013-06-07T08:22:50+00:00","dateModified":"2024-03-31T22:51:16+00:00","description":"Livraison de fleurs \u00e0 domicile en moins de 24H et pour toutes les occasions : Saint-Valentin, 8 Mars, F\u00eate des M\u00e8res... Appelez nous au +212 06 06 02 30 32","breadcrumb":{"@id":"https:\/\/florajia.com\/?product=3-pot-de-cactus#breadcrumb"},"inLanguage":"fr-FR","potentialAction":[{"@type":"ReadAction","target":["https:\/\/florajia.com\/?product=3-pot-de-cactus"]}]},{"@type":"BreadcrumbList","@id":"https:\/\/florajia.com\/?product=3-pot-de-cactus#breadcrumb","itemListElement":[{"@type":"ListItem","position":1,"name":"Home","item":"https:\/\/florajia.com\/"},{"@type":"ListItem","position":2,"name":"Shop","item":"https:\/\/florajia.com\/?page_id=345"},{"@type":"ListItem","position":3,"name":"cactus"}]},{"@type":"WebSite","@id":"https:\/\/florajia.com\/#website","url":"https:\/\/florajia.com\/","name":"www.Florajia.com","description":"florajia c&#039;est un fleuriste   Sp\u00e9cialiste de livraison de bouquets de fleurs et rose qualite fleurissent  livraison partout \u00e0 Marrakech","publisher":{"@id":"https:\/\/florajia.com\/#organization"},"potentialAction":[{"@type":"SearchAction","target":{"@type":"EntryPoint","urlTemplate":"https:\/\/florajia.com\/?s={search_term_string}"},"query-input":"required name=search_term_string"}],"inLanguage":"fr-FR"},{"@type":"Organization","@id":"https:\/\/florajia.com\/#organization","name":"Florajia","url":"https:\/\/florajia.com\/","logo":{"@type":"ImageObject","inLanguage":"fr-FR","@id":"https:\/\/florajia.com\/#\/schema\/logo\/image\/","url":"https:\/\/florajia.com\/wp-content\/uploads\/2020\/02\/5e48499b45714_image_name-1.jpg","contentUrl":"https:\/\/florajia.com\/wp-content\/uploads\/2020\/02\/5e48499b45714_image_name-1.jpg","width":512,"height":512,"caption":"Florajia"},"image":{"@id":"https:\/\/florajia.com\/#\/schema\/logo\/image\/"},"sameAs":["https:\/\/www.facebook.com\/florajiafleur","https:\/\/twitter.com\/florajiafleur","https:\/\/www.instagram.com\/florajiafleurs","https:\/\/www.pinterest.com\/florajiafleurs\/"]}]}},"_links":{"self":[{"href":"https:\/\/florajia.com\/index.php?rest_route=\/wp\/v2\/product\/113"}],"collection":[{"href":"https:\/\/florajia.com\/index.php?rest_route=\/wp\/v2\/product"}],"about":[{"href":"https:\/\/florajia.com\/index.php?rest_route=\/wp\/v2\/types\/product"}],"replies":[{"embeddable":true,"href":"https:\/\/florajia.com\/index.php?rest_route=%2Fwp%2Fv2%2Fcomments&post=113"}],"wp:featuredmedia":[{"embeddable":true,"href":"https:\/\/florajia.com\/index.php?rest_route=\/wp\/v2\/media\/8678"}],"wp:attachment":[{"href":"https:\/\/florajia.com\/index.php?rest_route=%2Fwp%2Fv2%2Fmedia&parent=113"}],"wp:term":[{"taxonomy":"product_cat","embeddable":true,"href":"https:\/\/florajia.com\/index.php?rest_route=%2Fwp%2Fv2%2Fproduct_cat&post=113"},{"taxonomy":"product_tag","embeddable":true,"href":"https:\/\/florajia.com\/index.php?rest_route=%2Fwp%2Fv2%2Fproduct_tag&post=113"}],"curies":[{"name":"wp","href":"https:\/\/api.w.org\/{rel}","templated":true}]}}