{"id":13076,"date":"2020-09-13T15:29:39","date_gmt":"2020-09-13T12:29:39","guid":{"rendered":"https:\/\/florajia.com\/?post_type=product&#038;p=13076"},"modified":"2020-09-13T15:50:45","modified_gmt":"2020-09-13T12:50:45","slug":"la-beaute-naturelle","status":"publish","type":"product","link":"https:\/\/florajia.com\/?product=la-beaute-naturelle","title":{"rendered":"la beaut\u00e9 naturelle"},"content":{"rendered":"<p>.savon noir de roses<br \/>\nL&rsquo;\u00e9limination des peaux mortes aide \u00e0 \u00e9claircir la peau et \u00e0 lui donner de la fra\u00eecheur, \u00e0 nettoyer les pores des amputations noires et des impuret\u00e9s, \u00e0 stimuler la circulation sanguine<\/p>\n<p>.lait au safran<br \/>\nIl nourrit et hydrate la peau<\/p>\n<p>.gommage \u00e0 rose<br \/>\n\u00c9limine la salet\u00e9, la poussi\u00e8re et l&rsquo;exc\u00e8s d&rsquo;huile du visage R\u00e9duit l&rsquo;apparence des rides sur la peau Donne \u00e0 la peau un nettoyant distinctif R\u00e9duit l&rsquo;apparence des ridules sur le visage<\/p>\n<p>.savon de rose<br \/>\nLe savon \u00e0 la rose de Taif vous aide \u00e0 retarder les signes du vieillissement, \u00e9limine les rides et ridules r\u00e9sultant de l&rsquo;exposition de la peau \u00e0 des facteurs externes tels que la lumi\u00e8re du soleil, les temp\u00e9ratures \u00e9lev\u00e9es ou les courants d&rsquo;air froid et sec, aidant \u00e0 hydrater et nourrir la peau, \u00e9claircir les taches brunes, unifier la couleur de la peau et lui donner fra\u00eecheur et vitalit\u00e9<\/p>\n<p>.lait aux amandes<br \/>\nIl nourrit et hydrate la peau<\/p>\n","protected":false},"excerpt":{"rendered":"<p>Un tr\u00e9sor de la nature pour les produits de soin de la peau issus de nos recettes traditionnelles enrichies d&rsquo;ingr\u00e9dients naturels sans produits chimiques pour vous, madame<\/p>\n","protected":false},"featured_media":13077,"comment_status":"open","ping_status":"closed","template":"","meta":{"_joinchat":[]},"product_cat":[91],"product_tag":[],"yoast_head":"<!-- This site is optimized with the Yoast SEO plugin v20.13 - https:\/\/yoast.com\/wordpress\/plugins\/seo\/ -->\n<title>la beaut\u00e9 naturelle - www.Florajia.com<\/title>\n<meta name=\"description\" content=\"Un tr\u00e9sor de la nature pour les produits de soin de la peau issus de nos recettes traditionnelles enrichies d&#039;ingr\u00e9dients naturels sans produits chimiques pour vous, madame\" \/>\n<meta name=\"robots\" content=\"index, follow, max-snippet:-1, max-image-preview:large, max-video-preview:-1\" \/>\n<link rel=\"canonical\" href=\"https:\/\/florajia.com\/?product=la-beaute-naturelle\" \/>\n<meta property=\"og:locale\" content=\"fr_FR\" \/>\n<meta property=\"og:type\" content=\"article\" \/>\n<meta property=\"og:title\" content=\"la beaut\u00e9 naturelle - www.Florajia.com\" \/>\n<meta property=\"og:description\" content=\"Un tr\u00e9sor de la nature pour les produits de soin de la peau issus de nos recettes traditionnelles enrichies d&#039;ingr\u00e9dients naturels sans produits chimiques pour vous, madame\" \/>\n<meta property=\"og:url\" content=\"https:\/\/florajia.com\/?product=la-beaute-naturelle\" \/>\n<meta property=\"og:site_name\" content=\"www.Florajia.com\" \/>\n<meta property=\"article:publisher\" content=\"https:\/\/www.facebook.com\/florajiafleur\" \/>\n<meta property=\"article:modified_time\" content=\"2020-09-13T12:50:45+00:00\" \/>\n<meta property=\"og:image\" content=\"https:\/\/florajia.com\/wp-content\/uploads\/2020\/09\/POW_3297.jpg\" \/>\n\t<meta property=\"og:image:width\" content=\"1795\" \/>\n\t<meta property=\"og:image:height\" content=\"1205\" \/>\n\t<meta property=\"og:image:type\" content=\"image\/jpeg\" \/>\n<meta name=\"twitter:card\" content=\"summary_large_image\" \/>\n<meta name=\"twitter:site\" content=\"@florajiafleur\" \/>\n<meta name=\"twitter:label1\" content=\"Dur\u00e9e de lecture estim\u00e9e\" \/>\n\t<meta name=\"twitter:data1\" content=\"1 minute\" \/>\n<script type=\"application\/ld+json\" class=\"yoast-schema-graph\">{\"@context\":\"https:\/\/schema.org\",\"@graph\":[{\"@type\":\"WebPage\",\"@id\":\"https:\/\/florajia.com\/?product=la-beaute-naturelle\",\"url\":\"https:\/\/florajia.com\/?product=la-beaute-naturelle\",\"name\":\"la beaut\u00e9 naturelle - www.Florajia.com\",\"isPartOf\":{\"@id\":\"https:\/\/florajia.com\/#website\"},\"datePublished\":\"2020-09-13T12:29:39+00:00\",\"dateModified\":\"2020-09-13T12:50:45+00:00\",\"description\":\"Un tr\u00e9sor de la nature pour les produits de soin de la peau issus de nos recettes traditionnelles enrichies d'ingr\u00e9dients naturels sans produits chimiques pour vous, madame\",\"breadcrumb\":{\"@id\":\"https:\/\/florajia.com\/?product=la-beaute-naturelle#breadcrumb\"},\"inLanguage\":\"fr-FR\",\"potentialAction\":[{\"@type\":\"ReadAction\",\"target\":[\"https:\/\/florajia.com\/?product=la-beaute-naturelle\"]}]},{\"@type\":\"BreadcrumbList\",\"@id\":\"https:\/\/florajia.com\/?product=la-beaute-naturelle#breadcrumb\",\"itemListElement\":[{\"@type\":\"ListItem\",\"position\":1,\"name\":\"Home\",\"item\":\"https:\/\/florajia.com\/\"},{\"@type\":\"ListItem\",\"position\":2,\"name\":\"Shop\",\"item\":\"https:\/\/florajia.com\/?page_id=345\"},{\"@type\":\"ListItem\",\"position\":3,\"name\":\"la beaut\u00e9 naturelle\"}]},{\"@type\":\"WebSite\",\"@id\":\"https:\/\/florajia.com\/#website\",\"url\":\"https:\/\/florajia.com\/\",\"name\":\"www.Florajia.com\",\"description\":\"florajia c&#039;est un fleuriste   Sp\u00e9cialiste de livraison de bouquets de fleurs et rose qualite fleurissent  livraison partout \u00e0 Marrakech\",\"publisher\":{\"@id\":\"https:\/\/florajia.com\/#organization\"},\"potentialAction\":[{\"@type\":\"SearchAction\",\"target\":{\"@type\":\"EntryPoint\",\"urlTemplate\":\"https:\/\/florajia.com\/?s={search_term_string}\"},\"query-input\":\"required name=search_term_string\"}],\"inLanguage\":\"fr-FR\"},{\"@type\":\"Organization\",\"@id\":\"https:\/\/florajia.com\/#organization\",\"name\":\"Florajia\",\"url\":\"https:\/\/florajia.com\/\",\"logo\":{\"@type\":\"ImageObject\",\"inLanguage\":\"fr-FR\",\"@id\":\"https:\/\/florajia.com\/#\/schema\/logo\/image\/\",\"url\":\"https:\/\/florajia.com\/wp-content\/uploads\/2020\/02\/5e48499b45714_image_name-1.jpg\",\"contentUrl\":\"https:\/\/florajia.com\/wp-content\/uploads\/2020\/02\/5e48499b45714_image_name-1.jpg\",\"width\":512,\"height\":512,\"caption\":\"Florajia\"},\"image\":{\"@id\":\"https:\/\/florajia.com\/#\/schema\/logo\/image\/\"},\"sameAs\":[\"https:\/\/www.facebook.com\/florajiafleur\",\"https:\/\/twitter.com\/florajiafleur\",\"https:\/\/www.instagram.com\/florajiafleurs\",\"https:\/\/www.pinterest.com\/florajiafleurs\/\"]}]}<\/script>\n<!-- \/ Yoast SEO plugin. -->","yoast_head_json":{"title":"la beaut\u00e9 naturelle - www.Florajia.com","description":"Un tr\u00e9sor de la nature pour les produits de soin de la peau issus de nos recettes traditionnelles enrichies d'ingr\u00e9dients naturels sans produits chimiques pour vous, madame","robots":{"index":"index","follow":"follow","max-snippet":"max-snippet:-1","max-image-preview":"max-image-preview:large","max-video-preview":"max-video-preview:-1"},"canonical":"https:\/\/florajia.com\/?product=la-beaute-naturelle","og_locale":"fr_FR","og_type":"article","og_title":"la beaut\u00e9 naturelle - www.Florajia.com","og_description":"Un tr\u00e9sor de la nature pour les produits de soin de la peau issus de nos recettes traditionnelles enrichies d'ingr\u00e9dients naturels sans produits chimiques pour vous, madame","og_url":"https:\/\/florajia.com\/?product=la-beaute-naturelle","og_site_name":"www.Florajia.com","article_publisher":"https:\/\/www.facebook.com\/florajiafleur","article_modified_time":"2020-09-13T12:50:45+00:00","og_image":[{"width":1795,"height":1205,"url":"https:\/\/florajia.com\/wp-content\/uploads\/2020\/09\/POW_3297.jpg","type":"image\/jpeg"}],"twitter_card":"summary_large_image","twitter_site":"@florajiafleur","twitter_misc":{"Dur\u00e9e de lecture estim\u00e9e":"1 minute"},"schema":{"@context":"https:\/\/schema.org","@graph":[{"@type":"WebPage","@id":"https:\/\/florajia.com\/?product=la-beaute-naturelle","url":"https:\/\/florajia.com\/?product=la-beaute-naturelle","name":"la beaut\u00e9 naturelle - www.Florajia.com","isPartOf":{"@id":"https:\/\/florajia.com\/#website"},"datePublished":"2020-09-13T12:29:39+00:00","dateModified":"2020-09-13T12:50:45+00:00","description":"Un tr\u00e9sor de la nature pour les produits de soin de la peau issus de nos recettes traditionnelles enrichies d'ingr\u00e9dients naturels sans produits chimiques pour vous, madame","breadcrumb":{"@id":"https:\/\/florajia.com\/?product=la-beaute-naturelle#breadcrumb"},"inLanguage":"fr-FR","potentialAction":[{"@type":"ReadAction","target":["https:\/\/florajia.com\/?product=la-beaute-naturelle"]}]},{"@type":"BreadcrumbList","@id":"https:\/\/florajia.com\/?product=la-beaute-naturelle#breadcrumb","itemListElement":[{"@type":"ListItem","position":1,"name":"Home","item":"https:\/\/florajia.com\/"},{"@type":"ListItem","position":2,"name":"Shop","item":"https:\/\/florajia.com\/?page_id=345"},{"@type":"ListItem","position":3,"name":"la beaut\u00e9 naturelle"}]},{"@type":"WebSite","@id":"https:\/\/florajia.com\/#website","url":"https:\/\/florajia.com\/","name":"www.Florajia.com","description":"florajia c&#039;est un fleuriste   Sp\u00e9cialiste de livraison de bouquets de fleurs et rose qualite fleurissent  livraison partout \u00e0 Marrakech","publisher":{"@id":"https:\/\/florajia.com\/#organization"},"potentialAction":[{"@type":"SearchAction","target":{"@type":"EntryPoint","urlTemplate":"https:\/\/florajia.com\/?s={search_term_string}"},"query-input":"required name=search_term_string"}],"inLanguage":"fr-FR"},{"@type":"Organization","@id":"https:\/\/florajia.com\/#organization","name":"Florajia","url":"https:\/\/florajia.com\/","logo":{"@type":"ImageObject","inLanguage":"fr-FR","@id":"https:\/\/florajia.com\/#\/schema\/logo\/image\/","url":"https:\/\/florajia.com\/wp-content\/uploads\/2020\/02\/5e48499b45714_image_name-1.jpg","contentUrl":"https:\/\/florajia.com\/wp-content\/uploads\/2020\/02\/5e48499b45714_image_name-1.jpg","width":512,"height":512,"caption":"Florajia"},"image":{"@id":"https:\/\/florajia.com\/#\/schema\/logo\/image\/"},"sameAs":["https:\/\/www.facebook.com\/florajiafleur","https:\/\/twitter.com\/florajiafleur","https:\/\/www.instagram.com\/florajiafleurs","https:\/\/www.pinterest.com\/florajiafleurs\/"]}]}},"_links":{"self":[{"href":"https:\/\/florajia.com\/index.php?rest_route=\/wp\/v2\/product\/13076"}],"collection":[{"href":"https:\/\/florajia.com\/index.php?rest_route=\/wp\/v2\/product"}],"about":[{"href":"https:\/\/florajia.com\/index.php?rest_route=\/wp\/v2\/types\/product"}],"replies":[{"embeddable":true,"href":"https:\/\/florajia.com\/index.php?rest_route=%2Fwp%2Fv2%2Fcomments&post=13076"}],"wp:featuredmedia":[{"embeddable":true,"href":"https:\/\/florajia.com\/index.php?rest_route=\/wp\/v2\/media\/13077"}],"wp:attachment":[{"href":"https:\/\/florajia.com\/index.php?rest_route=%2Fwp%2Fv2%2Fmedia&parent=13076"}],"wp:term":[{"taxonomy":"product_cat","embeddable":true,"href":"https:\/\/florajia.com\/index.php?rest_route=%2Fwp%2Fv2%2Fproduct_cat&post=13076"},{"taxonomy":"product_tag","embeddable":true,"href":"https:\/\/florajia.com\/index.php?rest_route=%2Fwp%2Fv2%2Fproduct_tag&post=13076"}],"curies":[{"name":"wp","href":"https:\/\/api.w.org\/{rel}","templated":true}]}}