{"id":13084,"date":"2020-09-15T18:48:24","date_gmt":"2020-09-15T15:48:24","guid":{"rendered":"https:\/\/florajia.com\/?post_type=product&#038;p=13084"},"modified":"2020-09-15T18:50:13","modified_gmt":"2020-09-15T15:50:13","slug":"pack-pour-la-beaute","status":"publish","type":"product","link":"https:\/\/florajia.com\/?product=pack-pour-la-beaute","title":{"rendered":"pack pour la beaut\u00e9"},"content":{"rendered":"<p>.lait aux amandes<br \/>\nIl nourrit et hydrate la peau<\/p>\n<p>.savon de rose<br \/>\nLe savon \u00e0 la rose de Taif vous aide \u00e0 retarder les signes du vieillissement, \u00e9limine les rides et ridules r\u00e9sultant de l&rsquo;exposition de la peau \u00e0 des facteurs externes tels que la lumi\u00e8re du soleil, les temp\u00e9ratures \u00e9lev\u00e9es ou les courants d&rsquo;air froid et sec, aidant \u00e0 hydrater et nourrir la peau, \u00e9claircir les taches brunes, unifier la couleur de la peau et lui donner fra\u00eecheur et vitalit\u00e9<\/p>\n<p>.Lait hydratant \u00e0 la rose<br \/>\nEnrichi en huile de rose essentielle pour vos soins quotidiens de la peau.Extrait de nectar de fleurs<\/p>\n<p>Gommage de safran<br \/>\n\u00c9limine la salet\u00e9, la poussi\u00e8re et l&rsquo;exc\u00e8s d&rsquo;huile du visage, r\u00e9duit l&rsquo;apparence des rides<br \/>\nSur la peau, il donne \u00e0 la peau un nettoyant distinctif qui r\u00e9duit l&rsquo;apparence des ridules sur le visage<\/p>\n<p>cr\u00e8me d, arganier<br \/>\nNourrit et hydrate la peau<\/p>\n","protected":false},"excerpt":{"rendered":"<p>Un boite pour les soins de la peau des tr\u00e9sors de la nature marocaine d&rsquo;origine<\/p>\n","protected":false},"featured_media":13085,"comment_status":"open","ping_status":"closed","template":"","meta":{"_joinchat":[]},"product_cat":[91],"product_tag":[],"yoast_head":"<!-- This site is optimized with the Yoast SEO plugin v20.13 - https:\/\/yoast.com\/wordpress\/plugins\/seo\/ -->\n<title>pack pour la beaut\u00e9 - www.Florajia.com<\/title>\n<meta name=\"description\" content=\"Un boite pour les soins de la peau des tr\u00e9sors de la nature marocaine d&#039;origine\" \/>\n<meta name=\"robots\" content=\"index, follow, max-snippet:-1, max-image-preview:large, max-video-preview:-1\" \/>\n<link rel=\"canonical\" href=\"https:\/\/florajia.com\/?product=pack-pour-la-beaute\" \/>\n<meta property=\"og:locale\" content=\"fr_FR\" \/>\n<meta property=\"og:type\" content=\"article\" \/>\n<meta property=\"og:title\" content=\"pack pour la beaut\u00e9 - www.Florajia.com\" \/>\n<meta property=\"og:description\" content=\"Un boite pour les soins de la peau des tr\u00e9sors de la nature marocaine d&#039;origine\" \/>\n<meta property=\"og:url\" content=\"https:\/\/florajia.com\/?product=pack-pour-la-beaute\" \/>\n<meta property=\"og:site_name\" content=\"www.Florajia.com\" \/>\n<meta property=\"article:publisher\" content=\"https:\/\/www.facebook.com\/florajiafleur\" \/>\n<meta property=\"article:modified_time\" content=\"2020-09-15T15:50:13+00:00\" \/>\n<meta property=\"og:image\" content=\"https:\/\/florajia.com\/wp-content\/uploads\/2020\/09\/boit-produit-bio.png\" \/>\n\t<meta property=\"og:image:width\" content=\"1080\" \/>\n\t<meta property=\"og:image:height\" content=\"1080\" \/>\n\t<meta property=\"og:image:type\" content=\"image\/png\" \/>\n<meta name=\"twitter:card\" content=\"summary_large_image\" \/>\n<meta name=\"twitter:site\" content=\"@florajiafleur\" \/>\n<meta name=\"twitter:label1\" content=\"Dur\u00e9e de lecture estim\u00e9e\" \/>\n\t<meta name=\"twitter:data1\" content=\"1 minute\" \/>\n<script type=\"application\/ld+json\" class=\"yoast-schema-graph\">{\"@context\":\"https:\/\/schema.org\",\"@graph\":[{\"@type\":\"WebPage\",\"@id\":\"https:\/\/florajia.com\/?product=pack-pour-la-beaute\",\"url\":\"https:\/\/florajia.com\/?product=pack-pour-la-beaute\",\"name\":\"pack pour la beaut\u00e9 - www.Florajia.com\",\"isPartOf\":{\"@id\":\"https:\/\/florajia.com\/#website\"},\"datePublished\":\"2020-09-15T15:48:24+00:00\",\"dateModified\":\"2020-09-15T15:50:13+00:00\",\"description\":\"Un boite pour les soins de la peau des tr\u00e9sors de la nature marocaine d'origine\",\"breadcrumb\":{\"@id\":\"https:\/\/florajia.com\/?product=pack-pour-la-beaute#breadcrumb\"},\"inLanguage\":\"fr-FR\",\"potentialAction\":[{\"@type\":\"ReadAction\",\"target\":[\"https:\/\/florajia.com\/?product=pack-pour-la-beaute\"]}]},{\"@type\":\"BreadcrumbList\",\"@id\":\"https:\/\/florajia.com\/?product=pack-pour-la-beaute#breadcrumb\",\"itemListElement\":[{\"@type\":\"ListItem\",\"position\":1,\"name\":\"Home\",\"item\":\"https:\/\/florajia.com\/\"},{\"@type\":\"ListItem\",\"position\":2,\"name\":\"Shop\",\"item\":\"https:\/\/florajia.com\/?page_id=345\"},{\"@type\":\"ListItem\",\"position\":3,\"name\":\"pack pour la beaut\u00e9\"}]},{\"@type\":\"WebSite\",\"@id\":\"https:\/\/florajia.com\/#website\",\"url\":\"https:\/\/florajia.com\/\",\"name\":\"www.Florajia.com\",\"description\":\"florajia c&#039;est un fleuriste   Sp\u00e9cialiste de livraison de bouquets de fleurs et rose qualite fleurissent  livraison partout \u00e0 Marrakech\",\"publisher\":{\"@id\":\"https:\/\/florajia.com\/#organization\"},\"potentialAction\":[{\"@type\":\"SearchAction\",\"target\":{\"@type\":\"EntryPoint\",\"urlTemplate\":\"https:\/\/florajia.com\/?s={search_term_string}\"},\"query-input\":\"required name=search_term_string\"}],\"inLanguage\":\"fr-FR\"},{\"@type\":\"Organization\",\"@id\":\"https:\/\/florajia.com\/#organization\",\"name\":\"Florajia\",\"url\":\"https:\/\/florajia.com\/\",\"logo\":{\"@type\":\"ImageObject\",\"inLanguage\":\"fr-FR\",\"@id\":\"https:\/\/florajia.com\/#\/schema\/logo\/image\/\",\"url\":\"https:\/\/florajia.com\/wp-content\/uploads\/2020\/02\/5e48499b45714_image_name-1.jpg\",\"contentUrl\":\"https:\/\/florajia.com\/wp-content\/uploads\/2020\/02\/5e48499b45714_image_name-1.jpg\",\"width\":512,\"height\":512,\"caption\":\"Florajia\"},\"image\":{\"@id\":\"https:\/\/florajia.com\/#\/schema\/logo\/image\/\"},\"sameAs\":[\"https:\/\/www.facebook.com\/florajiafleur\",\"https:\/\/twitter.com\/florajiafleur\",\"https:\/\/www.instagram.com\/florajiafleurs\",\"https:\/\/www.pinterest.com\/florajiafleurs\/\"]}]}<\/script>\n<!-- \/ Yoast SEO plugin. -->","yoast_head_json":{"title":"pack pour la beaut\u00e9 - www.Florajia.com","description":"Un boite pour les soins de la peau des tr\u00e9sors de la nature marocaine d'origine","robots":{"index":"index","follow":"follow","max-snippet":"max-snippet:-1","max-image-preview":"max-image-preview:large","max-video-preview":"max-video-preview:-1"},"canonical":"https:\/\/florajia.com\/?product=pack-pour-la-beaute","og_locale":"fr_FR","og_type":"article","og_title":"pack pour la beaut\u00e9 - www.Florajia.com","og_description":"Un boite pour les soins de la peau des tr\u00e9sors de la nature marocaine d'origine","og_url":"https:\/\/florajia.com\/?product=pack-pour-la-beaute","og_site_name":"www.Florajia.com","article_publisher":"https:\/\/www.facebook.com\/florajiafleur","article_modified_time":"2020-09-15T15:50:13+00:00","og_image":[{"width":1080,"height":1080,"url":"https:\/\/florajia.com\/wp-content\/uploads\/2020\/09\/boit-produit-bio.png","type":"image\/png"}],"twitter_card":"summary_large_image","twitter_site":"@florajiafleur","twitter_misc":{"Dur\u00e9e de lecture estim\u00e9e":"1 minute"},"schema":{"@context":"https:\/\/schema.org","@graph":[{"@type":"WebPage","@id":"https:\/\/florajia.com\/?product=pack-pour-la-beaute","url":"https:\/\/florajia.com\/?product=pack-pour-la-beaute","name":"pack pour la beaut\u00e9 - www.Florajia.com","isPartOf":{"@id":"https:\/\/florajia.com\/#website"},"datePublished":"2020-09-15T15:48:24+00:00","dateModified":"2020-09-15T15:50:13+00:00","description":"Un boite pour les soins de la peau des tr\u00e9sors de la nature marocaine d'origine","breadcrumb":{"@id":"https:\/\/florajia.com\/?product=pack-pour-la-beaute#breadcrumb"},"inLanguage":"fr-FR","potentialAction":[{"@type":"ReadAction","target":["https:\/\/florajia.com\/?product=pack-pour-la-beaute"]}]},{"@type":"BreadcrumbList","@id":"https:\/\/florajia.com\/?product=pack-pour-la-beaute#breadcrumb","itemListElement":[{"@type":"ListItem","position":1,"name":"Home","item":"https:\/\/florajia.com\/"},{"@type":"ListItem","position":2,"name":"Shop","item":"https:\/\/florajia.com\/?page_id=345"},{"@type":"ListItem","position":3,"name":"pack pour la beaut\u00e9"}]},{"@type":"WebSite","@id":"https:\/\/florajia.com\/#website","url":"https:\/\/florajia.com\/","name":"www.Florajia.com","description":"florajia c&#039;est un fleuriste   Sp\u00e9cialiste de livraison de bouquets de fleurs et rose qualite fleurissent  livraison partout \u00e0 Marrakech","publisher":{"@id":"https:\/\/florajia.com\/#organization"},"potentialAction":[{"@type":"SearchAction","target":{"@type":"EntryPoint","urlTemplate":"https:\/\/florajia.com\/?s={search_term_string}"},"query-input":"required name=search_term_string"}],"inLanguage":"fr-FR"},{"@type":"Organization","@id":"https:\/\/florajia.com\/#organization","name":"Florajia","url":"https:\/\/florajia.com\/","logo":{"@type":"ImageObject","inLanguage":"fr-FR","@id":"https:\/\/florajia.com\/#\/schema\/logo\/image\/","url":"https:\/\/florajia.com\/wp-content\/uploads\/2020\/02\/5e48499b45714_image_name-1.jpg","contentUrl":"https:\/\/florajia.com\/wp-content\/uploads\/2020\/02\/5e48499b45714_image_name-1.jpg","width":512,"height":512,"caption":"Florajia"},"image":{"@id":"https:\/\/florajia.com\/#\/schema\/logo\/image\/"},"sameAs":["https:\/\/www.facebook.com\/florajiafleur","https:\/\/twitter.com\/florajiafleur","https:\/\/www.instagram.com\/florajiafleurs","https:\/\/www.pinterest.com\/florajiafleurs\/"]}]}},"_links":{"self":[{"href":"https:\/\/florajia.com\/index.php?rest_route=\/wp\/v2\/product\/13084"}],"collection":[{"href":"https:\/\/florajia.com\/index.php?rest_route=\/wp\/v2\/product"}],"about":[{"href":"https:\/\/florajia.com\/index.php?rest_route=\/wp\/v2\/types\/product"}],"replies":[{"embeddable":true,"href":"https:\/\/florajia.com\/index.php?rest_route=%2Fwp%2Fv2%2Fcomments&post=13084"}],"wp:featuredmedia":[{"embeddable":true,"href":"https:\/\/florajia.com\/index.php?rest_route=\/wp\/v2\/media\/13085"}],"wp:attachment":[{"href":"https:\/\/florajia.com\/index.php?rest_route=%2Fwp%2Fv2%2Fmedia&parent=13084"}],"wp:term":[{"taxonomy":"product_cat","embeddable":true,"href":"https:\/\/florajia.com\/index.php?rest_route=%2Fwp%2Fv2%2Fproduct_cat&post=13084"},{"taxonomy":"product_tag","embeddable":true,"href":"https:\/\/florajia.com\/index.php?rest_route=%2Fwp%2Fv2%2Fproduct_tag&post=13084"}],"curies":[{"name":"wp","href":"https:\/\/api.w.org\/{rel}","templated":true}]}}