{"id":13086,"date":"2020-09-15T19:16:11","date_gmt":"2020-09-15T16:16:11","guid":{"rendered":"https:\/\/florajia.com\/?post_type=product&#038;p=13086"},"modified":"2022-05-15T01:40:19","modified_gmt":"2022-05-14T22:40:19","slug":"13086","status":"publish","type":"product","link":"https:\/\/florajia.com\/?product=13086","title":{"rendered":"Le secret est dans la nature"},"content":{"rendered":"<p>Lait d&rsquo;Aloe Vera<br \/>\nIl nourrit et hydrate la peau<\/p>\n<p>.savon noir \u00e0 l eau de rose distill\u00e9e<br \/>\nIl nettoie la peau des impuret\u00e9s et des cellules mortes, tandis que tous les avantages naturels du Fassi Aker atteignent la peau et en versent du neuf et lui redonnent son \u00e9lasticit\u00e9. Le savon restaure \u00e9galement la jeunesse et la vitalit\u00e9 de la peau.<\/p>\n<p>.gommage \u00e0 rose<br \/>\n\u00c9limine la salet\u00e9, la poussi\u00e8re et l\u2019exc\u00e8s d\u2019huile du visage R\u00e9duit l\u2019apparence des rides sur la peau Donne \u00e0 la peau un nettoyant distinctif R\u00e9duit l\u2019apparence des ridules sur le visage<\/p>\n<p>Eau de rose distill\u00e9e<br \/>\nCalme les yeux Nourrissant et laxatif, prot\u00e8ge et nourrit la peau s\u00e8che Un d\u00e9maquillant naturel<\/p>\n<p>.savon de rose<br \/>\nLe savon \u00e0 la rose de Taif vous aide \u00e0 retarder les signes du vieillissement, \u00e9limine les rides et ridules r\u00e9sultant de l&rsquo;exposition de la peau \u00e0 des facteurs externes tels que la lumi\u00e8re du soleil, les temp\u00e9ratures \u00e9lev\u00e9es ou les courants d&rsquo;air froid et sec, aidant \u00e0 hydrater et nourrir la peau, \u00e9claircir les taches brunes, unifier la couleur de la peau et lui donner fra\u00eecheur et vitalit\u00e9<\/p>\n<p>.lait aux amandes<br \/>\nIl nourrit et hydrate la peau<\/p>\n<p>&nbsp;<\/p>\n<p>&nbsp;<\/p>\n","protected":false},"excerpt":{"rendered":"<p>Le secret de la nature est de prot\u00e9ger tous les types de peau<\/p>\n","protected":false},"featured_media":13087,"comment_status":"open","ping_status":"closed","template":"","meta":{"_joinchat":[]},"product_cat":[91],"product_tag":[],"yoast_head":"<!-- This site is optimized with the Yoast SEO plugin v20.13 - https:\/\/yoast.com\/wordpress\/plugins\/seo\/ -->\n<title>Le secret est dans la nature - www.Florajia.com<\/title>\n<meta name=\"description\" content=\"Le secret est dans la nature florajia bio\" \/>\n<meta name=\"robots\" content=\"index, follow, max-snippet:-1, max-image-preview:large, max-video-preview:-1\" \/>\n<link rel=\"canonical\" href=\"https:\/\/florajia.com\/?product=13086\" \/>\n<meta property=\"og:locale\" content=\"fr_FR\" \/>\n<meta property=\"og:type\" content=\"article\" \/>\n<meta property=\"og:title\" content=\"Le secret est dans la nature - www.Florajia.com\" \/>\n<meta property=\"og:description\" content=\"Le secret est dans la nature florajia bio\" \/>\n<meta property=\"og:url\" content=\"https:\/\/florajia.com\/?product=13086\" \/>\n<meta property=\"og:site_name\" content=\"www.Florajia.com\" \/>\n<meta property=\"article:publisher\" content=\"https:\/\/www.facebook.com\/florajiafleur\" \/>\n<meta property=\"article:modified_time\" content=\"2022-05-14T22:40:19+00:00\" \/>\n<meta property=\"og:image\" content=\"https:\/\/florajia.com\/wp-content\/uploads\/2020\/09\/florajia-bio.png\" \/>\n\t<meta property=\"og:image:width\" content=\"1080\" \/>\n\t<meta property=\"og:image:height\" content=\"1080\" \/>\n\t<meta property=\"og:image:type\" content=\"image\/png\" \/>\n<meta name=\"twitter:card\" content=\"summary_large_image\" \/>\n<meta name=\"twitter:site\" content=\"@florajiafleur\" \/>\n<meta name=\"twitter:label1\" content=\"Dur\u00e9e de lecture estim\u00e9e\" \/>\n\t<meta name=\"twitter:data1\" content=\"1 minute\" \/>\n<script type=\"application\/ld+json\" class=\"yoast-schema-graph\">{\"@context\":\"https:\/\/schema.org\",\"@graph\":[{\"@type\":\"WebPage\",\"@id\":\"https:\/\/florajia.com\/?product=13086\",\"url\":\"https:\/\/florajia.com\/?product=13086\",\"name\":\"Le secret est dans la nature - www.Florajia.com\",\"isPartOf\":{\"@id\":\"https:\/\/florajia.com\/#website\"},\"datePublished\":\"2020-09-15T16:16:11+00:00\",\"dateModified\":\"2022-05-14T22:40:19+00:00\",\"description\":\"Le secret est dans la nature florajia bio\",\"breadcrumb\":{\"@id\":\"https:\/\/florajia.com\/?product=13086#breadcrumb\"},\"inLanguage\":\"fr-FR\",\"potentialAction\":[{\"@type\":\"ReadAction\",\"target\":[\"https:\/\/florajia.com\/?product=13086\"]}]},{\"@type\":\"BreadcrumbList\",\"@id\":\"https:\/\/florajia.com\/?product=13086#breadcrumb\",\"itemListElement\":[{\"@type\":\"ListItem\",\"position\":1,\"name\":\"Home\",\"item\":\"https:\/\/florajia.com\/\"},{\"@type\":\"ListItem\",\"position\":2,\"name\":\"Shop\",\"item\":\"https:\/\/florajia.com\/?page_id=345\"},{\"@type\":\"ListItem\",\"position\":3,\"name\":\"Le secret est dans la nature\"}]},{\"@type\":\"WebSite\",\"@id\":\"https:\/\/florajia.com\/#website\",\"url\":\"https:\/\/florajia.com\/\",\"name\":\"www.Florajia.com\",\"description\":\"florajia c&#039;est un fleuriste   Sp\u00e9cialiste de livraison de bouquets de fleurs et rose qualite fleurissent  livraison partout \u00e0 Marrakech\",\"publisher\":{\"@id\":\"https:\/\/florajia.com\/#organization\"},\"potentialAction\":[{\"@type\":\"SearchAction\",\"target\":{\"@type\":\"EntryPoint\",\"urlTemplate\":\"https:\/\/florajia.com\/?s={search_term_string}\"},\"query-input\":\"required name=search_term_string\"}],\"inLanguage\":\"fr-FR\"},{\"@type\":\"Organization\",\"@id\":\"https:\/\/florajia.com\/#organization\",\"name\":\"Florajia\",\"url\":\"https:\/\/florajia.com\/\",\"logo\":{\"@type\":\"ImageObject\",\"inLanguage\":\"fr-FR\",\"@id\":\"https:\/\/florajia.com\/#\/schema\/logo\/image\/\",\"url\":\"https:\/\/florajia.com\/wp-content\/uploads\/2020\/02\/5e48499b45714_image_name-1.jpg\",\"contentUrl\":\"https:\/\/florajia.com\/wp-content\/uploads\/2020\/02\/5e48499b45714_image_name-1.jpg\",\"width\":512,\"height\":512,\"caption\":\"Florajia\"},\"image\":{\"@id\":\"https:\/\/florajia.com\/#\/schema\/logo\/image\/\"},\"sameAs\":[\"https:\/\/www.facebook.com\/florajiafleur\",\"https:\/\/twitter.com\/florajiafleur\",\"https:\/\/www.instagram.com\/florajiafleurs\",\"https:\/\/www.pinterest.com\/florajiafleurs\/\"]}]}<\/script>\n<!-- \/ Yoast SEO plugin. -->","yoast_head_json":{"title":"Le secret est dans la nature - www.Florajia.com","description":"Le secret est dans la nature florajia bio","robots":{"index":"index","follow":"follow","max-snippet":"max-snippet:-1","max-image-preview":"max-image-preview:large","max-video-preview":"max-video-preview:-1"},"canonical":"https:\/\/florajia.com\/?product=13086","og_locale":"fr_FR","og_type":"article","og_title":"Le secret est dans la nature - www.Florajia.com","og_description":"Le secret est dans la nature florajia bio","og_url":"https:\/\/florajia.com\/?product=13086","og_site_name":"www.Florajia.com","article_publisher":"https:\/\/www.facebook.com\/florajiafleur","article_modified_time":"2022-05-14T22:40:19+00:00","og_image":[{"width":1080,"height":1080,"url":"https:\/\/florajia.com\/wp-content\/uploads\/2020\/09\/florajia-bio.png","type":"image\/png"}],"twitter_card":"summary_large_image","twitter_site":"@florajiafleur","twitter_misc":{"Dur\u00e9e de lecture estim\u00e9e":"1 minute"},"schema":{"@context":"https:\/\/schema.org","@graph":[{"@type":"WebPage","@id":"https:\/\/florajia.com\/?product=13086","url":"https:\/\/florajia.com\/?product=13086","name":"Le secret est dans la nature - www.Florajia.com","isPartOf":{"@id":"https:\/\/florajia.com\/#website"},"datePublished":"2020-09-15T16:16:11+00:00","dateModified":"2022-05-14T22:40:19+00:00","description":"Le secret est dans la nature florajia bio","breadcrumb":{"@id":"https:\/\/florajia.com\/?product=13086#breadcrumb"},"inLanguage":"fr-FR","potentialAction":[{"@type":"ReadAction","target":["https:\/\/florajia.com\/?product=13086"]}]},{"@type":"BreadcrumbList","@id":"https:\/\/florajia.com\/?product=13086#breadcrumb","itemListElement":[{"@type":"ListItem","position":1,"name":"Home","item":"https:\/\/florajia.com\/"},{"@type":"ListItem","position":2,"name":"Shop","item":"https:\/\/florajia.com\/?page_id=345"},{"@type":"ListItem","position":3,"name":"Le secret est dans la nature"}]},{"@type":"WebSite","@id":"https:\/\/florajia.com\/#website","url":"https:\/\/florajia.com\/","name":"www.Florajia.com","description":"florajia c&#039;est un fleuriste   Sp\u00e9cialiste de livraison de bouquets de fleurs et rose qualite fleurissent  livraison partout \u00e0 Marrakech","publisher":{"@id":"https:\/\/florajia.com\/#organization"},"potentialAction":[{"@type":"SearchAction","target":{"@type":"EntryPoint","urlTemplate":"https:\/\/florajia.com\/?s={search_term_string}"},"query-input":"required name=search_term_string"}],"inLanguage":"fr-FR"},{"@type":"Organization","@id":"https:\/\/florajia.com\/#organization","name":"Florajia","url":"https:\/\/florajia.com\/","logo":{"@type":"ImageObject","inLanguage":"fr-FR","@id":"https:\/\/florajia.com\/#\/schema\/logo\/image\/","url":"https:\/\/florajia.com\/wp-content\/uploads\/2020\/02\/5e48499b45714_image_name-1.jpg","contentUrl":"https:\/\/florajia.com\/wp-content\/uploads\/2020\/02\/5e48499b45714_image_name-1.jpg","width":512,"height":512,"caption":"Florajia"},"image":{"@id":"https:\/\/florajia.com\/#\/schema\/logo\/image\/"},"sameAs":["https:\/\/www.facebook.com\/florajiafleur","https:\/\/twitter.com\/florajiafleur","https:\/\/www.instagram.com\/florajiafleurs","https:\/\/www.pinterest.com\/florajiafleurs\/"]}]}},"_links":{"self":[{"href":"https:\/\/florajia.com\/index.php?rest_route=\/wp\/v2\/product\/13086"}],"collection":[{"href":"https:\/\/florajia.com\/index.php?rest_route=\/wp\/v2\/product"}],"about":[{"href":"https:\/\/florajia.com\/index.php?rest_route=\/wp\/v2\/types\/product"}],"replies":[{"embeddable":true,"href":"https:\/\/florajia.com\/index.php?rest_route=%2Fwp%2Fv2%2Fcomments&post=13086"}],"wp:featuredmedia":[{"embeddable":true,"href":"https:\/\/florajia.com\/index.php?rest_route=\/wp\/v2\/media\/13087"}],"wp:attachment":[{"href":"https:\/\/florajia.com\/index.php?rest_route=%2Fwp%2Fv2%2Fmedia&parent=13086"}],"wp:term":[{"taxonomy":"product_cat","embeddable":true,"href":"https:\/\/florajia.com\/index.php?rest_route=%2Fwp%2Fv2%2Fproduct_cat&post=13086"},{"taxonomy":"product_tag","embeddable":true,"href":"https:\/\/florajia.com\/index.php?rest_route=%2Fwp%2Fv2%2Fproduct_tag&post=13086"}],"curies":[{"name":"wp","href":"https:\/\/api.w.org\/{rel}","templated":true}]}}