{"id":13692,"date":"2023-10-01T15:19:51","date_gmt":"2023-10-01T12:19:51","guid":{"rendered":"https:\/\/florajia.com\/?post_type=product&#038;p=13692"},"modified":"2025-11-01T10:44:01","modified_gmt":"2025-11-01T07:44:01","slug":"boite-de-rose-rouge-2","status":"publish","type":"product","link":"https:\/\/florajia.com\/?product=boite-de-rose-rouge-2","title":{"rendered":"boite de rose rouge"},"content":{"rendered":"<p>Une bo\u00eete de roses rouges est un \u00e9l\u00e9ment de d\u00e9coration florale \u00e9l\u00e9gant et romantique.\u00a0 de roses rouges, l&rsquo;une des fleurs les plus symboliques de l&rsquo;amour et de la passion. Voici une description plus d\u00e9taill\u00e9e :<\/p>\n<p>&nbsp;<\/p>\n","protected":false},"excerpt":{"rendered":"<div class=\"flex-1 overflow-hidden\">\n<div class=\"react-scroll-to-bottom--css-xvgxd-79elbk h-full dark:bg-gray-800\">\n<div class=\"react-scroll-to-bottom--css-xvgxd-1n7m0yu\">\n<div class=\"flex flex-col text-sm dark:bg-gray-800\">\n<div class=\"group w-full text-token-text-primary border-b border-black\/10 gizmo:border-0 dark:border-gray-900\/50 gizmo:dark:border-0 bg-gray-50 gizmo:bg-transparent dark:bg-[#444654] gizmo:dark:bg-transparent\" data-testid=\"conversation-turn-3\">\n<div class=\"p-4 justify-center text-base md:gap-6 md:py-6 m-auto\">\n<div class=\"flex flex-1 gap-4 text-base mx-auto md:gap-6 gizmo:gap-3 gizmo:md:px-5 gizmo:lg:px-1 gizmo:xl:px-5 md:max-w-2xl lg:max-w-[38rem] gizmo:md:max-w-3xl gizmo:lg:max-w-[40rem] gizmo:xl:max-w-[48rem] xl:max-w-3xl }\">\n<div class=\"relative flex w-[calc(100%-50px)] flex-col gap-1 gizmo:w-full md:gap-3 lg:w-[calc(100%-115px)] agent-turn\">\n<div class=\"flex flex-grow flex-col gap-3 max-w-full\">\n<div class=\"min-h-[20px] flex flex-col items-start gap-3 overflow-x-auto whitespace-pre-wrap break-words\">\n<div class=\"markdown prose w-full break-words dark:prose-invert light\">\n<p>La bo\u00eete peut \u00eatre de diff\u00e9rentes tailles, de petites bo\u00eetes de roses rouges pouvant contenir quelques tiges \u00e0 de grandes bo\u00eetes pouvant accueillir un bouquet impressionnant.<\/p>\n<p>La couleur rouge profond des roses symbolise la passion, l&rsquo;amour et le d\u00e9sir, ce qui en fait un cadeau romantique par excellence.<\/p>\n<p>Certaines bo\u00eetes de roses rouges sont \u00e9galement agr\u00e9ment\u00e9es de rubans, de dentelle, de paillettes ou d&rsquo;autres ornements pour ajouter une touche de sophistication suppl\u00e9mentaire.<\/p>\n<p>Ces bo\u00eetes de roses rouges sont souvent offertes lors de moments sp\u00e9ciaux tels que la Saint-Valentin, les anniversaires, les mariages ou tout simplement pour exprimer un amour sinc\u00e8re envers quelqu&rsquo;un de cher. Elles sont non seulement magnifiques \u00e0 regarder, mais elles d\u00e9gagent \u00e9galement un parfum enivrant qui emplit la pi\u00e8ce, cr\u00e9ant ainsi une exp\u00e9rience sensorielle inoubliable.<\/p>\n<\/div>\n<\/div>\n<\/div>\n<\/div>\n<\/div>\n<\/div>\n<\/div>\n<\/div>\n<\/div>\n<\/div>\n<\/div>\n<div class=\"absolute bottom-0 left-0 w-full border-t md:border-t-0 dark:border-white\/20 md:border-transparent md:dark:border-transparent md:bg-vert-light-gradient bg-white dark:bg-gray-800 md:!bg-transparent dark:md:bg-vert-dark-gradient pt-2 md:pl-2 md:w-[calc(100%-.5rem)]\">\n<form class=\"stretch mx-2 flex flex-row gap-3 last:mb-2 md:mx-4 md:last:mb-6 lg:mx-auto lg:max-w-2xl xl:max-w-3xl\">\n<div class=\"relative flex h-full flex-1 items-stretch md:flex-col\">\n<div>\n<div class=\"h-full flex ml-1 md:w-full md:m-auto md:mb-4 gap-0 md:gap-2 justify-center\"><\/div>\n<\/div>\n<\/div>\n<\/form>\n<\/div>\n","protected":false},"featured_media":13691,"comment_status":"open","ping_status":"closed","template":"","meta":{"_joinchat":[]},"product_cat":[64],"product_tag":[],"yoast_head":"<!-- This site is optimized with the Yoast SEO plugin v20.13 - https:\/\/yoast.com\/wordpress\/plugins\/seo\/ -->\n<title>boite de rose rouge<\/title>\n<meta name=\"description\" content=\"Ces bo\u00eetes de roses rouges sont souvent offertes lors de moments sp\u00e9ciaux tels que la Saint-Valentin, les anniversaires, les mariages ou tout simplement\" \/>\n<meta name=\"robots\" content=\"index, follow, max-snippet:-1, max-image-preview:large, max-video-preview:-1\" \/>\n<link rel=\"canonical\" href=\"https:\/\/florajia.com\/?product=boite-de-rose-rouge-2\" \/>\n<meta property=\"og:locale\" content=\"fr_FR\" \/>\n<meta property=\"og:type\" content=\"article\" \/>\n<meta property=\"og:title\" content=\"boite de rose rouge\" \/>\n<meta property=\"og:description\" content=\"Ces bo\u00eetes de roses rouges sont souvent offertes lors de moments sp\u00e9ciaux tels que la Saint-Valentin, les anniversaires, les mariages ou tout simplement\" \/>\n<meta property=\"og:url\" content=\"https:\/\/florajia.com\/?product=boite-de-rose-rouge-2\" \/>\n<meta property=\"og:site_name\" content=\"www.Florajia.com\" \/>\n<meta property=\"article:publisher\" content=\"https:\/\/www.facebook.com\/florajiafleur\" \/>\n<meta property=\"article:modified_time\" content=\"2025-11-01T07:44:01+00:00\" \/>\n<meta property=\"og:image\" content=\"https:\/\/florajia.com\/wp-content\/uploads\/2023\/10\/boite-de-rose-.png\" \/>\n\t<meta property=\"og:image:width\" content=\"1080\" \/>\n\t<meta property=\"og:image:height\" content=\"1080\" \/>\n\t<meta property=\"og:image:type\" content=\"image\/png\" \/>\n<meta name=\"twitter:card\" content=\"summary_large_image\" \/>\n<meta name=\"twitter:site\" content=\"@florajiafleur\" \/>\n<meta name=\"twitter:label1\" content=\"Dur\u00e9e de lecture estim\u00e9e\" \/>\n\t<meta name=\"twitter:data1\" content=\"1 minute\" \/>\n<script type=\"application\/ld+json\" class=\"yoast-schema-graph\">{\"@context\":\"https:\/\/schema.org\",\"@graph\":[{\"@type\":\"WebPage\",\"@id\":\"https:\/\/florajia.com\/?product=boite-de-rose-rouge-2\",\"url\":\"https:\/\/florajia.com\/?product=boite-de-rose-rouge-2\",\"name\":\"boite de rose rouge\",\"isPartOf\":{\"@id\":\"https:\/\/florajia.com\/#website\"},\"datePublished\":\"2023-10-01T12:19:51+00:00\",\"dateModified\":\"2025-11-01T07:44:01+00:00\",\"description\":\"Ces bo\u00eetes de roses rouges sont souvent offertes lors de moments sp\u00e9ciaux tels que la Saint-Valentin, les anniversaires, les mariages ou tout simplement\",\"breadcrumb\":{\"@id\":\"https:\/\/florajia.com\/?product=boite-de-rose-rouge-2#breadcrumb\"},\"inLanguage\":\"fr-FR\",\"potentialAction\":[{\"@type\":\"ReadAction\",\"target\":[\"https:\/\/florajia.com\/?product=boite-de-rose-rouge-2\"]}]},{\"@type\":\"BreadcrumbList\",\"@id\":\"https:\/\/florajia.com\/?product=boite-de-rose-rouge-2#breadcrumb\",\"itemListElement\":[{\"@type\":\"ListItem\",\"position\":1,\"name\":\"Home\",\"item\":\"https:\/\/florajia.com\/\"},{\"@type\":\"ListItem\",\"position\":2,\"name\":\"Shop\",\"item\":\"https:\/\/florajia.com\/?page_id=345\"},{\"@type\":\"ListItem\",\"position\":3,\"name\":\"boite de rose rouge\"}]},{\"@type\":\"WebSite\",\"@id\":\"https:\/\/florajia.com\/#website\",\"url\":\"https:\/\/florajia.com\/\",\"name\":\"www.Florajia.com\",\"description\":\"florajia c&#039;est un fleuriste   Sp\u00e9cialiste de livraison de bouquets de fleurs et rose qualite fleurissent  livraison partout \u00e0 Marrakech\",\"publisher\":{\"@id\":\"https:\/\/florajia.com\/#organization\"},\"potentialAction\":[{\"@type\":\"SearchAction\",\"target\":{\"@type\":\"EntryPoint\",\"urlTemplate\":\"https:\/\/florajia.com\/?s={search_term_string}\"},\"query-input\":\"required name=search_term_string\"}],\"inLanguage\":\"fr-FR\"},{\"@type\":\"Organization\",\"@id\":\"https:\/\/florajia.com\/#organization\",\"name\":\"Florajia\",\"url\":\"https:\/\/florajia.com\/\",\"logo\":{\"@type\":\"ImageObject\",\"inLanguage\":\"fr-FR\",\"@id\":\"https:\/\/florajia.com\/#\/schema\/logo\/image\/\",\"url\":\"https:\/\/florajia.com\/wp-content\/uploads\/2020\/02\/5e48499b45714_image_name-1.jpg\",\"contentUrl\":\"https:\/\/florajia.com\/wp-content\/uploads\/2020\/02\/5e48499b45714_image_name-1.jpg\",\"width\":512,\"height\":512,\"caption\":\"Florajia\"},\"image\":{\"@id\":\"https:\/\/florajia.com\/#\/schema\/logo\/image\/\"},\"sameAs\":[\"https:\/\/www.facebook.com\/florajiafleur\",\"https:\/\/twitter.com\/florajiafleur\",\"https:\/\/www.instagram.com\/florajiafleurs\",\"https:\/\/www.pinterest.com\/florajiafleurs\/\"]}]}<\/script>\n<!-- \/ Yoast SEO plugin. -->","yoast_head_json":{"title":"boite de rose rouge","description":"Ces bo\u00eetes de roses rouges sont souvent offertes lors de moments sp\u00e9ciaux tels que la Saint-Valentin, les anniversaires, les mariages ou tout simplement","robots":{"index":"index","follow":"follow","max-snippet":"max-snippet:-1","max-image-preview":"max-image-preview:large","max-video-preview":"max-video-preview:-1"},"canonical":"https:\/\/florajia.com\/?product=boite-de-rose-rouge-2","og_locale":"fr_FR","og_type":"article","og_title":"boite de rose rouge","og_description":"Ces bo\u00eetes de roses rouges sont souvent offertes lors de moments sp\u00e9ciaux tels que la Saint-Valentin, les anniversaires, les mariages ou tout simplement","og_url":"https:\/\/florajia.com\/?product=boite-de-rose-rouge-2","og_site_name":"www.Florajia.com","article_publisher":"https:\/\/www.facebook.com\/florajiafleur","article_modified_time":"2025-11-01T07:44:01+00:00","og_image":[{"width":1080,"height":1080,"url":"https:\/\/florajia.com\/wp-content\/uploads\/2023\/10\/boite-de-rose-.png","type":"image\/png"}],"twitter_card":"summary_large_image","twitter_site":"@florajiafleur","twitter_misc":{"Dur\u00e9e de lecture estim\u00e9e":"1 minute"},"schema":{"@context":"https:\/\/schema.org","@graph":[{"@type":"WebPage","@id":"https:\/\/florajia.com\/?product=boite-de-rose-rouge-2","url":"https:\/\/florajia.com\/?product=boite-de-rose-rouge-2","name":"boite de rose rouge","isPartOf":{"@id":"https:\/\/florajia.com\/#website"},"datePublished":"2023-10-01T12:19:51+00:00","dateModified":"2025-11-01T07:44:01+00:00","description":"Ces bo\u00eetes de roses rouges sont souvent offertes lors de moments sp\u00e9ciaux tels que la Saint-Valentin, les anniversaires, les mariages ou tout simplement","breadcrumb":{"@id":"https:\/\/florajia.com\/?product=boite-de-rose-rouge-2#breadcrumb"},"inLanguage":"fr-FR","potentialAction":[{"@type":"ReadAction","target":["https:\/\/florajia.com\/?product=boite-de-rose-rouge-2"]}]},{"@type":"BreadcrumbList","@id":"https:\/\/florajia.com\/?product=boite-de-rose-rouge-2#breadcrumb","itemListElement":[{"@type":"ListItem","position":1,"name":"Home","item":"https:\/\/florajia.com\/"},{"@type":"ListItem","position":2,"name":"Shop","item":"https:\/\/florajia.com\/?page_id=345"},{"@type":"ListItem","position":3,"name":"boite de rose rouge"}]},{"@type":"WebSite","@id":"https:\/\/florajia.com\/#website","url":"https:\/\/florajia.com\/","name":"www.Florajia.com","description":"florajia c&#039;est un fleuriste   Sp\u00e9cialiste de livraison de bouquets de fleurs et rose qualite fleurissent  livraison partout \u00e0 Marrakech","publisher":{"@id":"https:\/\/florajia.com\/#organization"},"potentialAction":[{"@type":"SearchAction","target":{"@type":"EntryPoint","urlTemplate":"https:\/\/florajia.com\/?s={search_term_string}"},"query-input":"required name=search_term_string"}],"inLanguage":"fr-FR"},{"@type":"Organization","@id":"https:\/\/florajia.com\/#organization","name":"Florajia","url":"https:\/\/florajia.com\/","logo":{"@type":"ImageObject","inLanguage":"fr-FR","@id":"https:\/\/florajia.com\/#\/schema\/logo\/image\/","url":"https:\/\/florajia.com\/wp-content\/uploads\/2020\/02\/5e48499b45714_image_name-1.jpg","contentUrl":"https:\/\/florajia.com\/wp-content\/uploads\/2020\/02\/5e48499b45714_image_name-1.jpg","width":512,"height":512,"caption":"Florajia"},"image":{"@id":"https:\/\/florajia.com\/#\/schema\/logo\/image\/"},"sameAs":["https:\/\/www.facebook.com\/florajiafleur","https:\/\/twitter.com\/florajiafleur","https:\/\/www.instagram.com\/florajiafleurs","https:\/\/www.pinterest.com\/florajiafleurs\/"]}]}},"_links":{"self":[{"href":"https:\/\/florajia.com\/index.php?rest_route=\/wp\/v2\/product\/13692"}],"collection":[{"href":"https:\/\/florajia.com\/index.php?rest_route=\/wp\/v2\/product"}],"about":[{"href":"https:\/\/florajia.com\/index.php?rest_route=\/wp\/v2\/types\/product"}],"replies":[{"embeddable":true,"href":"https:\/\/florajia.com\/index.php?rest_route=%2Fwp%2Fv2%2Fcomments&post=13692"}],"wp:featuredmedia":[{"embeddable":true,"href":"https:\/\/florajia.com\/index.php?rest_route=\/wp\/v2\/media\/13691"}],"wp:attachment":[{"href":"https:\/\/florajia.com\/index.php?rest_route=%2Fwp%2Fv2%2Fmedia&parent=13692"}],"wp:term":[{"taxonomy":"product_cat","embeddable":true,"href":"https:\/\/florajia.com\/index.php?rest_route=%2Fwp%2Fv2%2Fproduct_cat&post=13692"},{"taxonomy":"product_tag","embeddable":true,"href":"https:\/\/florajia.com\/index.php?rest_route=%2Fwp%2Fv2%2Fproduct_tag&post=13692"}],"curies":[{"name":"wp","href":"https:\/\/api.w.org\/{rel}","templated":true}]}}