{"id":13713,"date":"2023-10-12T14:43:26","date_gmt":"2023-10-12T11:43:26","guid":{"rendered":"https:\/\/florajia.com\/?post_type=product&#038;p=13713"},"modified":"2025-10-10T19:42:58","modified_gmt":"2025-10-10T16:42:58","slug":"un-bouquet-de-fleurs-rouges","status":"publish","type":"product","link":"https:\/\/florajia.com\/?product=un-bouquet-de-fleurs-rouges","title":{"rendered":"Un bouquet de fleurs rouges"},"content":{"rendered":"<p class=\"editor-paragraph\" dir=\"ltr\">Vous cherchez \u00e0 cr\u00e9er un bouquet floral parfait pour une occasion sp\u00e9ciale ? Ne cherchez plus, car nous avons les plus belles compositions florales qui rendront votre bouquet unique et \u00e9blouissant.<\/p>\n<p class=\"editor-paragraph\" dir=\"ltr\">D\u00e9couvrez notre s\u00e9lection de magnifiques compositions florales et trouvez le bouquet qui fera battre votre c\u0153ur et \u00e9merveillera vos proches. La beaut\u00e9 de la nature est \u00e0 port\u00e9e de main avec nos cr\u00e9ations florales impeccables<\/p>\n<p>&nbsp;<\/p>\n<p>&nbsp;<\/p>\n","protected":false},"excerpt":{"rendered":"<p>Que ce soit pour c\u00e9l\u00e9brer la Saint-Valentin, un anniversaire, un mariage ou simplement pour exprimer vos sentiments les plus profonds, nos bouquets de fleurs rouges sont le choix parfait. Offrez un bouquet qui parle de passion et d&rsquo;amour, et laissez un message personnel exprimer vos \u00e9motions. Faites de chaque moment sp\u00e9cial une occasion inoubliable avec nos bouquets de fleurs rouges, symboles de l&rsquo;affection et de la chaleur du c\u0153ur.\u00a0\u00bb<\/p>\n","protected":false},"featured_media":13699,"comment_status":"open","ping_status":"closed","template":"","meta":{"_joinchat":[]},"product_cat":[15,70],"product_tag":[],"yoast_head":"<!-- This site is optimized with the Yoast SEO plugin v20.13 - https:\/\/yoast.com\/wordpress\/plugins\/seo\/ -->\n<title>Un bouquet de fleurs rouges<\/title>\n<meta name=\"description\" content=\"Offrez un geste d&#039;amour avec notre magnifique bouquet de fleurs rouges. Des roses passionn\u00e9es aux tulipes \u00e9carlates, chaque p\u00e9tales respire la romance.\" \/>\n<meta name=\"robots\" content=\"index, follow, max-snippet:-1, max-image-preview:large, max-video-preview:-1\" \/>\n<link rel=\"canonical\" href=\"https:\/\/florajia.com\/?product=un-bouquet-de-fleurs-rouges\" \/>\n<meta property=\"og:locale\" content=\"fr_FR\" \/>\n<meta property=\"og:type\" content=\"article\" \/>\n<meta property=\"og:title\" content=\"Un bouquet de fleurs rouges\" \/>\n<meta property=\"og:description\" content=\"Offrez un geste d&#039;amour avec notre magnifique bouquet de fleurs rouges. Des roses passionn\u00e9es aux tulipes \u00e9carlates, chaque p\u00e9tales respire la romance.\" \/>\n<meta property=\"og:url\" content=\"https:\/\/florajia.com\/?product=un-bouquet-de-fleurs-rouges\" \/>\n<meta property=\"og:site_name\" content=\"www.Florajia.com\" \/>\n<meta property=\"article:publisher\" content=\"https:\/\/www.facebook.com\/florajiafleur\" \/>\n<meta property=\"article:modified_time\" content=\"2025-10-10T16:42:58+00:00\" \/>\n<meta property=\"og:image\" content=\"https:\/\/florajia.com\/wp-content\/uploads\/2023\/10\/bouquet-de-fleur-rose-.png\" \/>\n\t<meta property=\"og:image:width\" content=\"1080\" \/>\n\t<meta property=\"og:image:height\" content=\"1080\" \/>\n\t<meta property=\"og:image:type\" content=\"image\/png\" \/>\n<meta name=\"twitter:card\" content=\"summary_large_image\" \/>\n<meta name=\"twitter:site\" content=\"@florajiafleur\" \/>\n<meta name=\"twitter:label1\" content=\"Dur\u00e9e de lecture estim\u00e9e\" \/>\n\t<meta name=\"twitter:data1\" content=\"1 minute\" \/>\n<script type=\"application\/ld+json\" class=\"yoast-schema-graph\">{\"@context\":\"https:\/\/schema.org\",\"@graph\":[{\"@type\":\"WebPage\",\"@id\":\"https:\/\/florajia.com\/?product=un-bouquet-de-fleurs-rouges\",\"url\":\"https:\/\/florajia.com\/?product=un-bouquet-de-fleurs-rouges\",\"name\":\"Un bouquet de fleurs rouges\",\"isPartOf\":{\"@id\":\"https:\/\/florajia.com\/#website\"},\"datePublished\":\"2023-10-12T11:43:26+00:00\",\"dateModified\":\"2025-10-10T16:42:58+00:00\",\"description\":\"Offrez un geste d'amour avec notre magnifique bouquet de fleurs rouges. Des roses passionn\u00e9es aux tulipes \u00e9carlates, chaque p\u00e9tales respire la romance.\",\"breadcrumb\":{\"@id\":\"https:\/\/florajia.com\/?product=un-bouquet-de-fleurs-rouges#breadcrumb\"},\"inLanguage\":\"fr-FR\",\"potentialAction\":[{\"@type\":\"ReadAction\",\"target\":[\"https:\/\/florajia.com\/?product=un-bouquet-de-fleurs-rouges\"]}]},{\"@type\":\"BreadcrumbList\",\"@id\":\"https:\/\/florajia.com\/?product=un-bouquet-de-fleurs-rouges#breadcrumb\",\"itemListElement\":[{\"@type\":\"ListItem\",\"position\":1,\"name\":\"Home\",\"item\":\"https:\/\/florajia.com\/\"},{\"@type\":\"ListItem\",\"position\":2,\"name\":\"Shop\",\"item\":\"https:\/\/florajia.com\/?page_id=345\"},{\"@type\":\"ListItem\",\"position\":3,\"name\":\"Un bouquet de fleurs rouges\"}]},{\"@type\":\"WebSite\",\"@id\":\"https:\/\/florajia.com\/#website\",\"url\":\"https:\/\/florajia.com\/\",\"name\":\"www.Florajia.com\",\"description\":\"florajia c&#039;est un fleuriste   Sp\u00e9cialiste de livraison de bouquets de fleurs et rose qualite fleurissent  livraison partout \u00e0 Marrakech\",\"publisher\":{\"@id\":\"https:\/\/florajia.com\/#organization\"},\"potentialAction\":[{\"@type\":\"SearchAction\",\"target\":{\"@type\":\"EntryPoint\",\"urlTemplate\":\"https:\/\/florajia.com\/?s={search_term_string}\"},\"query-input\":\"required name=search_term_string\"}],\"inLanguage\":\"fr-FR\"},{\"@type\":\"Organization\",\"@id\":\"https:\/\/florajia.com\/#organization\",\"name\":\"Florajia\",\"url\":\"https:\/\/florajia.com\/\",\"logo\":{\"@type\":\"ImageObject\",\"inLanguage\":\"fr-FR\",\"@id\":\"https:\/\/florajia.com\/#\/schema\/logo\/image\/\",\"url\":\"https:\/\/florajia.com\/wp-content\/uploads\/2020\/02\/5e48499b45714_image_name-1.jpg\",\"contentUrl\":\"https:\/\/florajia.com\/wp-content\/uploads\/2020\/02\/5e48499b45714_image_name-1.jpg\",\"width\":512,\"height\":512,\"caption\":\"Florajia\"},\"image\":{\"@id\":\"https:\/\/florajia.com\/#\/schema\/logo\/image\/\"},\"sameAs\":[\"https:\/\/www.facebook.com\/florajiafleur\",\"https:\/\/twitter.com\/florajiafleur\",\"https:\/\/www.instagram.com\/florajiafleurs\",\"https:\/\/www.pinterest.com\/florajiafleurs\/\"]}]}<\/script>\n<!-- \/ Yoast SEO plugin. -->","yoast_head_json":{"title":"Un bouquet de fleurs rouges","description":"Offrez un geste d'amour avec notre magnifique bouquet de fleurs rouges. Des roses passionn\u00e9es aux tulipes \u00e9carlates, chaque p\u00e9tales respire la romance.","robots":{"index":"index","follow":"follow","max-snippet":"max-snippet:-1","max-image-preview":"max-image-preview:large","max-video-preview":"max-video-preview:-1"},"canonical":"https:\/\/florajia.com\/?product=un-bouquet-de-fleurs-rouges","og_locale":"fr_FR","og_type":"article","og_title":"Un bouquet de fleurs rouges","og_description":"Offrez un geste d'amour avec notre magnifique bouquet de fleurs rouges. Des roses passionn\u00e9es aux tulipes \u00e9carlates, chaque p\u00e9tales respire la romance.","og_url":"https:\/\/florajia.com\/?product=un-bouquet-de-fleurs-rouges","og_site_name":"www.Florajia.com","article_publisher":"https:\/\/www.facebook.com\/florajiafleur","article_modified_time":"2025-10-10T16:42:58+00:00","og_image":[{"width":1080,"height":1080,"url":"https:\/\/florajia.com\/wp-content\/uploads\/2023\/10\/bouquet-de-fleur-rose-.png","type":"image\/png"}],"twitter_card":"summary_large_image","twitter_site":"@florajiafleur","twitter_misc":{"Dur\u00e9e de lecture estim\u00e9e":"1 minute"},"schema":{"@context":"https:\/\/schema.org","@graph":[{"@type":"WebPage","@id":"https:\/\/florajia.com\/?product=un-bouquet-de-fleurs-rouges","url":"https:\/\/florajia.com\/?product=un-bouquet-de-fleurs-rouges","name":"Un bouquet de fleurs rouges","isPartOf":{"@id":"https:\/\/florajia.com\/#website"},"datePublished":"2023-10-12T11:43:26+00:00","dateModified":"2025-10-10T16:42:58+00:00","description":"Offrez un geste d'amour avec notre magnifique bouquet de fleurs rouges. Des roses passionn\u00e9es aux tulipes \u00e9carlates, chaque p\u00e9tales respire la romance.","breadcrumb":{"@id":"https:\/\/florajia.com\/?product=un-bouquet-de-fleurs-rouges#breadcrumb"},"inLanguage":"fr-FR","potentialAction":[{"@type":"ReadAction","target":["https:\/\/florajia.com\/?product=un-bouquet-de-fleurs-rouges"]}]},{"@type":"BreadcrumbList","@id":"https:\/\/florajia.com\/?product=un-bouquet-de-fleurs-rouges#breadcrumb","itemListElement":[{"@type":"ListItem","position":1,"name":"Home","item":"https:\/\/florajia.com\/"},{"@type":"ListItem","position":2,"name":"Shop","item":"https:\/\/florajia.com\/?page_id=345"},{"@type":"ListItem","position":3,"name":"Un bouquet de fleurs rouges"}]},{"@type":"WebSite","@id":"https:\/\/florajia.com\/#website","url":"https:\/\/florajia.com\/","name":"www.Florajia.com","description":"florajia c&#039;est un fleuriste   Sp\u00e9cialiste de livraison de bouquets de fleurs et rose qualite fleurissent  livraison partout \u00e0 Marrakech","publisher":{"@id":"https:\/\/florajia.com\/#organization"},"potentialAction":[{"@type":"SearchAction","target":{"@type":"EntryPoint","urlTemplate":"https:\/\/florajia.com\/?s={search_term_string}"},"query-input":"required name=search_term_string"}],"inLanguage":"fr-FR"},{"@type":"Organization","@id":"https:\/\/florajia.com\/#organization","name":"Florajia","url":"https:\/\/florajia.com\/","logo":{"@type":"ImageObject","inLanguage":"fr-FR","@id":"https:\/\/florajia.com\/#\/schema\/logo\/image\/","url":"https:\/\/florajia.com\/wp-content\/uploads\/2020\/02\/5e48499b45714_image_name-1.jpg","contentUrl":"https:\/\/florajia.com\/wp-content\/uploads\/2020\/02\/5e48499b45714_image_name-1.jpg","width":512,"height":512,"caption":"Florajia"},"image":{"@id":"https:\/\/florajia.com\/#\/schema\/logo\/image\/"},"sameAs":["https:\/\/www.facebook.com\/florajiafleur","https:\/\/twitter.com\/florajiafleur","https:\/\/www.instagram.com\/florajiafleurs","https:\/\/www.pinterest.com\/florajiafleurs\/"]}]}},"_links":{"self":[{"href":"https:\/\/florajia.com\/index.php?rest_route=\/wp\/v2\/product\/13713"}],"collection":[{"href":"https:\/\/florajia.com\/index.php?rest_route=\/wp\/v2\/product"}],"about":[{"href":"https:\/\/florajia.com\/index.php?rest_route=\/wp\/v2\/types\/product"}],"replies":[{"embeddable":true,"href":"https:\/\/florajia.com\/index.php?rest_route=%2Fwp%2Fv2%2Fcomments&post=13713"}],"wp:featuredmedia":[{"embeddable":true,"href":"https:\/\/florajia.com\/index.php?rest_route=\/wp\/v2\/media\/13699"}],"wp:attachment":[{"href":"https:\/\/florajia.com\/index.php?rest_route=%2Fwp%2Fv2%2Fmedia&parent=13713"}],"wp:term":[{"taxonomy":"product_cat","embeddable":true,"href":"https:\/\/florajia.com\/index.php?rest_route=%2Fwp%2Fv2%2Fproduct_cat&post=13713"},{"taxonomy":"product_tag","embeddable":true,"href":"https:\/\/florajia.com\/index.php?rest_route=%2Fwp%2Fv2%2Fproduct_tag&post=13713"}],"curies":[{"name":"wp","href":"https:\/\/api.w.org\/{rel}","templated":true}]}}