{"id":1574,"date":"2015-01-05T08:43:45","date_gmt":"2015-01-05T05:43:45","guid":{"rendered":"http:\/\/wordpress.magikthemes.com\/lamby\/?post_type=product&#038;p=1574"},"modified":"2022-04-26T05:10:03","modified_gmt":"2022-04-26T02:10:03","slug":"croton-petra","status":"publish","type":"product","link":"https:\/\/florajia.com\/?product=croton-petra","title":{"rendered":"CROTON &lsquo;PETRA"},"content":{"rendered":"<style type=\"text\/css\"><!--td {border: 1px solid #ccc;}br {mso-data-placement:same-cell;}--><\/style>\n<p><span data-sheets-value=\"{&quot;1&quot;:2,&quot;2&quot;:&quot;Croton n\u00e9cessite un arrosage g\u00e9n\u00e9reux pendant la saison de croissance, au printemps et en \u00e9t\u00e9. Pendant la p\u00e9riode de repos, l'eau est plus mod\u00e9r\u00e9e. Cependant, je laisse toujours la terre s\u00e8che \u00e0 la surface entre deux fois.\\nC'est une plante qui aime l'humidit\u00e9 environnante. Si l'air de votre chambre est trop sec, placez la plante dans un plat rempli d'argile et de boules d'eau (les boules emp\u00eachent les racines de tremper dans l'eau). Cela cr\u00e9e une atmosph\u00e8re humide autour de la plante.\\nApportez des engrais v\u00e9g\u00e9taux verts une fois par semaine en \u00e9t\u00e9.\\nR\u00e9p\u00e9ter au printemps si n\u00e9cessaire.&quot;}\" data-sheets-userformat=\"{&quot;2&quot;:513,&quot;3&quot;:{&quot;1&quot;:0},&quot;12&quot;:0}\">Croton n\u00e9cessite un arrosage g\u00e9n\u00e9reux pendant la saison de croissance, au printemps et en \u00e9t\u00e9. Pendant la p\u00e9riode de repos, l&rsquo;eau est plus mod\u00e9r\u00e9e. Cependant, je laisse toujours la terre s\u00e8che \u00e0 la surface entre deux fois.<br \/>\nC&rsquo;est une plante qui aime l&rsquo;humidit\u00e9 environnante. Si l&rsquo;air de votre chambre est trop sec, placez la plante dans un plat rempli d&rsquo;argile et de boules d&rsquo;eau (les boules emp\u00eachent les racines de tremper dans l&rsquo;eau). Cela cr\u00e9e une atmosph\u00e8re humide autour de la plante.<br \/>\nApportez des engrais v\u00e9g\u00e9taux verts une fois par semaine en \u00e9t\u00e9.<br \/>\nR\u00e9p\u00e9ter au printemps si n\u00e9cessaire.<\/span><\/p>\n","protected":false},"excerpt":{"rendered":"<style type=\"text\/css\"><!--td {border: 1px solid #ccc;}br {mso-data-placement:same-cell;}--><\/style>\n<p><span data-sheets-value=\"{&quot;1&quot;:2,&quot;2&quot;:&quot;Superbe et original par ses feuilles color\u00e9es. Elles sont panach\u00e9es de couleurs vives passant du rouge au jaune,du vert au brun, une plante multicolore ! Les feuilles coriaces et brillantes sont larges et lob\u00e9es. \\nCet arbuste tropical est tr\u00e8s facile d\u2019entretien pour peu qu\u2019on lui \u00e9vite les courants d\u2019air froids et qu\u2019on le mette bien \u00e0 la lumi\u00e8re. plus florajia offert une arrosoir cadeau.\\n&quot;}\" data-sheets-userformat=\"{&quot;2&quot;:513,&quot;3&quot;:{&quot;1&quot;:0},&quot;12&quot;:0}\">Superbe et original par ses feuilles color\u00e9es. Elles sont panach\u00e9es de couleurs vives passant du rouge au jaune,du vert au brun, une plante multicolore ! Les feuilles coriaces et brillantes sont larges et lob\u00e9es.<br \/>\nCet arbuste tropical est tr\u00e8s facile d\u2019entretien pour peu qu\u2019on lui \u00e9vite les courants d\u2019air froids et qu\u2019on le mette bien \u00e0 la lumi\u00e8re. plus florajia offert une arrosoir cadeau.<br \/>\n<\/span><\/p>\n<p><img decoding=\"async\" loading=\"lazy\" class=\"alignnone wp-image-13330 size-medium\" src=\"https:\/\/florajia.com\/wp-content\/uploads\/2022\/04\/paiement-en-ligne-10-securise-2-removebg-preview-300x72.png\" alt=\"\" width=\"300\" height=\"72\" srcset=\"https:\/\/florajia.com\/wp-content\/uploads\/2022\/04\/paiement-en-ligne-10-securise-2-removebg-preview-300x72.png 300w, https:\/\/florajia.com\/wp-content\/uploads\/2022\/04\/paiement-en-ligne-10-securise-2-removebg-preview-600x144.png 600w, https:\/\/florajia.com\/wp-content\/uploads\/2022\/04\/paiement-en-ligne-10-securise-2-removebg-preview.png 769w\" sizes=\"(max-width: 300px) 100vw, 300px\" \/><\/p>\n","protected":false},"featured_media":8701,"comment_status":"open","ping_status":"closed","template":"","meta":{"_joinchat":[]},"product_cat":[29],"product_tag":[],"yoast_head":"<!-- This site is optimized with the Yoast SEO plugin v20.13 - https:\/\/yoast.com\/wordpress\/plugins\/seo\/ -->\n<title>CROTON &#039;PETRA - www.Florajia.com<\/title>\n<meta name=\"robots\" content=\"index, follow, max-snippet:-1, max-image-preview:large, max-video-preview:-1\" \/>\n<link rel=\"canonical\" href=\"https:\/\/florajia.com\/?product=croton-petra\" \/>\n<meta property=\"og:locale\" content=\"fr_FR\" \/>\n<meta property=\"og:type\" content=\"article\" \/>\n<meta property=\"og:title\" content=\"CROTON &#039;PETRA - www.Florajia.com\" \/>\n<meta property=\"og:description\" content=\"Superbe et original par ses feuilles color\u00e9es. Elles sont panach\u00e9es de couleurs vives passant du rouge au jaune,du vert au brun, une plante multicolore ! Les feuilles coriaces et brillantes sont larges et lob\u00e9es. Cet arbuste tropical est tr\u00e8s facile d\u2019entretien pour peu qu\u2019on lui \u00e9vite les courants d\u2019air froids et qu\u2019on le mette bien \u00e0 la lumi\u00e8re. plus florajia offert une arrosoir cadeau.\" \/>\n<meta property=\"og:url\" content=\"https:\/\/florajia.com\/?product=croton-petra\" \/>\n<meta property=\"og:site_name\" content=\"www.Florajia.com\" \/>\n<meta property=\"article:publisher\" content=\"https:\/\/www.facebook.com\/florajiafleur\" \/>\n<meta property=\"article:modified_time\" content=\"2022-04-26T02:10:03+00:00\" \/>\n<meta property=\"og:image\" content=\"https:\/\/florajia.com\/wp-content\/uploads\/2015\/01\/caroton-petra..png\" \/>\n\t<meta property=\"og:image:width\" content=\"1080\" \/>\n\t<meta property=\"og:image:height\" content=\"1080\" \/>\n\t<meta property=\"og:image:type\" content=\"image\/png\" \/>\n<meta name=\"twitter:card\" content=\"summary_large_image\" \/>\n<meta name=\"twitter:site\" content=\"@florajiafleur\" \/>\n<meta name=\"twitter:label1\" content=\"Dur\u00e9e de lecture estim\u00e9e\" \/>\n\t<meta name=\"twitter:data1\" content=\"1 minute\" \/>\n<script type=\"application\/ld+json\" class=\"yoast-schema-graph\">{\"@context\":\"https:\/\/schema.org\",\"@graph\":[{\"@type\":\"WebPage\",\"@id\":\"https:\/\/florajia.com\/?product=croton-petra\",\"url\":\"https:\/\/florajia.com\/?product=croton-petra\",\"name\":\"CROTON 'PETRA - www.Florajia.com\",\"isPartOf\":{\"@id\":\"https:\/\/florajia.com\/#website\"},\"datePublished\":\"2015-01-05T05:43:45+00:00\",\"dateModified\":\"2022-04-26T02:10:03+00:00\",\"breadcrumb\":{\"@id\":\"https:\/\/florajia.com\/?product=croton-petra#breadcrumb\"},\"inLanguage\":\"fr-FR\",\"potentialAction\":[{\"@type\":\"ReadAction\",\"target\":[\"https:\/\/florajia.com\/?product=croton-petra\"]}]},{\"@type\":\"BreadcrumbList\",\"@id\":\"https:\/\/florajia.com\/?product=croton-petra#breadcrumb\",\"itemListElement\":[{\"@type\":\"ListItem\",\"position\":1,\"name\":\"Home\",\"item\":\"https:\/\/florajia.com\/\"},{\"@type\":\"ListItem\",\"position\":2,\"name\":\"Shop\",\"item\":\"https:\/\/florajia.com\/?page_id=345\"},{\"@type\":\"ListItem\",\"position\":3,\"name\":\"CROTON &lsquo;PETRA\"}]},{\"@type\":\"WebSite\",\"@id\":\"https:\/\/florajia.com\/#website\",\"url\":\"https:\/\/florajia.com\/\",\"name\":\"www.Florajia.com\",\"description\":\"florajia c&#039;est un fleuriste   Sp\u00e9cialiste de livraison de bouquets de fleurs et rose qualite fleurissent  livraison partout \u00e0 Marrakech\",\"publisher\":{\"@id\":\"https:\/\/florajia.com\/#organization\"},\"potentialAction\":[{\"@type\":\"SearchAction\",\"target\":{\"@type\":\"EntryPoint\",\"urlTemplate\":\"https:\/\/florajia.com\/?s={search_term_string}\"},\"query-input\":\"required name=search_term_string\"}],\"inLanguage\":\"fr-FR\"},{\"@type\":\"Organization\",\"@id\":\"https:\/\/florajia.com\/#organization\",\"name\":\"Florajia\",\"url\":\"https:\/\/florajia.com\/\",\"logo\":{\"@type\":\"ImageObject\",\"inLanguage\":\"fr-FR\",\"@id\":\"https:\/\/florajia.com\/#\/schema\/logo\/image\/\",\"url\":\"https:\/\/florajia.com\/wp-content\/uploads\/2020\/02\/5e48499b45714_image_name-1.jpg\",\"contentUrl\":\"https:\/\/florajia.com\/wp-content\/uploads\/2020\/02\/5e48499b45714_image_name-1.jpg\",\"width\":512,\"height\":512,\"caption\":\"Florajia\"},\"image\":{\"@id\":\"https:\/\/florajia.com\/#\/schema\/logo\/image\/\"},\"sameAs\":[\"https:\/\/www.facebook.com\/florajiafleur\",\"https:\/\/twitter.com\/florajiafleur\",\"https:\/\/www.instagram.com\/florajiafleurs\",\"https:\/\/www.pinterest.com\/florajiafleurs\/\"]}]}<\/script>\n<!-- \/ Yoast SEO plugin. -->","yoast_head_json":{"title":"CROTON 'PETRA - www.Florajia.com","robots":{"index":"index","follow":"follow","max-snippet":"max-snippet:-1","max-image-preview":"max-image-preview:large","max-video-preview":"max-video-preview:-1"},"canonical":"https:\/\/florajia.com\/?product=croton-petra","og_locale":"fr_FR","og_type":"article","og_title":"CROTON 'PETRA - www.Florajia.com","og_description":"Superbe et original par ses feuilles color\u00e9es. Elles sont panach\u00e9es de couleurs vives passant du rouge au jaune,du vert au brun, une plante multicolore ! Les feuilles coriaces et brillantes sont larges et lob\u00e9es. Cet arbuste tropical est tr\u00e8s facile d\u2019entretien pour peu qu\u2019on lui \u00e9vite les courants d\u2019air froids et qu\u2019on le mette bien \u00e0 la lumi\u00e8re. plus florajia offert une arrosoir cadeau.","og_url":"https:\/\/florajia.com\/?product=croton-petra","og_site_name":"www.Florajia.com","article_publisher":"https:\/\/www.facebook.com\/florajiafleur","article_modified_time":"2022-04-26T02:10:03+00:00","og_image":[{"width":1080,"height":1080,"url":"https:\/\/florajia.com\/wp-content\/uploads\/2015\/01\/caroton-petra..png","type":"image\/png"}],"twitter_card":"summary_large_image","twitter_site":"@florajiafleur","twitter_misc":{"Dur\u00e9e de lecture estim\u00e9e":"1 minute"},"schema":{"@context":"https:\/\/schema.org","@graph":[{"@type":"WebPage","@id":"https:\/\/florajia.com\/?product=croton-petra","url":"https:\/\/florajia.com\/?product=croton-petra","name":"CROTON 'PETRA - www.Florajia.com","isPartOf":{"@id":"https:\/\/florajia.com\/#website"},"datePublished":"2015-01-05T05:43:45+00:00","dateModified":"2022-04-26T02:10:03+00:00","breadcrumb":{"@id":"https:\/\/florajia.com\/?product=croton-petra#breadcrumb"},"inLanguage":"fr-FR","potentialAction":[{"@type":"ReadAction","target":["https:\/\/florajia.com\/?product=croton-petra"]}]},{"@type":"BreadcrumbList","@id":"https:\/\/florajia.com\/?product=croton-petra#breadcrumb","itemListElement":[{"@type":"ListItem","position":1,"name":"Home","item":"https:\/\/florajia.com\/"},{"@type":"ListItem","position":2,"name":"Shop","item":"https:\/\/florajia.com\/?page_id=345"},{"@type":"ListItem","position":3,"name":"CROTON &lsquo;PETRA"}]},{"@type":"WebSite","@id":"https:\/\/florajia.com\/#website","url":"https:\/\/florajia.com\/","name":"www.Florajia.com","description":"florajia c&#039;est un fleuriste   Sp\u00e9cialiste de livraison de bouquets de fleurs et rose qualite fleurissent  livraison partout \u00e0 Marrakech","publisher":{"@id":"https:\/\/florajia.com\/#organization"},"potentialAction":[{"@type":"SearchAction","target":{"@type":"EntryPoint","urlTemplate":"https:\/\/florajia.com\/?s={search_term_string}"},"query-input":"required name=search_term_string"}],"inLanguage":"fr-FR"},{"@type":"Organization","@id":"https:\/\/florajia.com\/#organization","name":"Florajia","url":"https:\/\/florajia.com\/","logo":{"@type":"ImageObject","inLanguage":"fr-FR","@id":"https:\/\/florajia.com\/#\/schema\/logo\/image\/","url":"https:\/\/florajia.com\/wp-content\/uploads\/2020\/02\/5e48499b45714_image_name-1.jpg","contentUrl":"https:\/\/florajia.com\/wp-content\/uploads\/2020\/02\/5e48499b45714_image_name-1.jpg","width":512,"height":512,"caption":"Florajia"},"image":{"@id":"https:\/\/florajia.com\/#\/schema\/logo\/image\/"},"sameAs":["https:\/\/www.facebook.com\/florajiafleur","https:\/\/twitter.com\/florajiafleur","https:\/\/www.instagram.com\/florajiafleurs","https:\/\/www.pinterest.com\/florajiafleurs\/"]}]}},"_links":{"self":[{"href":"https:\/\/florajia.com\/index.php?rest_route=\/wp\/v2\/product\/1574"}],"collection":[{"href":"https:\/\/florajia.com\/index.php?rest_route=\/wp\/v2\/product"}],"about":[{"href":"https:\/\/florajia.com\/index.php?rest_route=\/wp\/v2\/types\/product"}],"replies":[{"embeddable":true,"href":"https:\/\/florajia.com\/index.php?rest_route=%2Fwp%2Fv2%2Fcomments&post=1574"}],"wp:featuredmedia":[{"embeddable":true,"href":"https:\/\/florajia.com\/index.php?rest_route=\/wp\/v2\/media\/8701"}],"wp:attachment":[{"href":"https:\/\/florajia.com\/index.php?rest_route=%2Fwp%2Fv2%2Fmedia&parent=1574"}],"wp:term":[{"taxonomy":"product_cat","embeddable":true,"href":"https:\/\/florajia.com\/index.php?rest_route=%2Fwp%2Fv2%2Fproduct_cat&post=1574"},{"taxonomy":"product_tag","embeddable":true,"href":"https:\/\/florajia.com\/index.php?rest_route=%2Fwp%2Fv2%2Fproduct_tag&post=1574"}],"curies":[{"name":"wp","href":"https:\/\/api.w.org\/{rel}","templated":true}]}}