{"id":1582,"date":"2014-01-05T09:18:59","date_gmt":"2014-01-05T06:18:59","guid":{"rendered":"http:\/\/wordpress.magikthemes.com\/lamby\/?post_type=product&#038;p=1582"},"modified":"2023-12-12T15:04:16","modified_gmt":"2023-12-12T12:04:16","slug":"fougere-asplenium-antigum","status":"publish","type":"product","link":"https:\/\/florajia.com\/?product=fougere-asplenium-antigum","title":{"rendered":"FOUG\u00c8RE ASPLENIUM ANTIGUM"},"content":{"rendered":"<style type=\"text\/css\"><!--td {border: 1px solid #ccc;}br {mso-data-placement:same-cell;}--><\/style>\n<p><span data-sheets-value=\"{&quot;1&quot;:2,&quot;2&quot;:&quot;Aspenium antiqum est une belle foug\u00e8re d'int\u00e9rieur, avec des feuilles de plantes tr\u00e8s originales faites de frondes douces et lisses dans une couleur vert tr\u00e8s clair. Son c\u0153ur velu et plus sombre donne l'impression d'un nid d'oiseau et d\u00e9tient souvent ce titre. Tr\u00e8s facile \u00e0 entretenir et \u00e0 cultiver, cette plante poss\u00e8de de nombreuses qualit\u00e9s qui plairont \u00e0 la plupart des jardiniers d\u00e9butants. Il sera \u00e0 l'aise dans un bol pour faire la beaut\u00e9 de tous vos espaces int\u00e9rieurs gr\u00e2ce \u00e0 son \u00e9l\u00e9gant d\u00e9bouch\u00e9 et sa d\u00e9licate beaut\u00e9 inaper\u00e7ue.&quot;}\" data-sheets-userformat=\"{&quot;2&quot;:513,&quot;3&quot;:{&quot;1&quot;:0},&quot;12&quot;:0}\"><br \/>\npourquoi Asplenium antiquum a reproduction chez les plantes\u00a0 est une belle foug\u00e8re d&rsquo;int\u00e9rieur, avec des feuilles de plantes tr\u00e8s originales faites de frondes douces et lisses dans une couleur vert tr\u00e8s clair. Son c\u0153ur velu et plus sombre donne l&rsquo;impression d&rsquo;un nid d&rsquo;oiseau et d\u00e9tient souvent ce titre. Tr\u00e8s facile \u00e0 entretenir et \u00e0 cultiver, cette plante poss\u00e8de de nombreuses qualit\u00e9s qui plairont \u00e0 la plupart des jardiniers d\u00e9butants.<br \/>\n<\/span><\/p>\n","protected":false},"excerpt":{"rendered":"<style type=\"text\/css\"><!--td {border: 1px solid #ccc;}br {mso-data-placement:same-cell;}--><\/style>\n<p><span data-sheets-value=\"{&quot;1&quot;:2,&quot;2&quot;:&quot;Une plante raffin\u00e9e et originale\\nId\u00e9ale pour les jardiniers d\u00e9butants \\nplus florajia offert une boite coeur de chocolat cadeau&quot;}\" data-sheets-userformat=\"{&quot;2&quot;:513,&quot;3&quot;:{&quot;1&quot;:0},&quot;12&quot;:0}\">pourquoi Asplenium antiquum a reproduction Une plante raffin\u00e9e et originale<br \/>\nId\u00e9ale pour les jardiniers d\u00e9butants<br \/>\nplus florajia offert une boite coeur de chocolat cadeau<\/span><\/p>\n<p><img decoding=\"async\" loading=\"lazy\" class=\"alignnone wp-image-13330 size-medium\" src=\"https:\/\/florajia.com\/wp-content\/uploads\/2022\/04\/paiement-en-ligne-10-securise-2-removebg-preview-300x72.png\" alt=\"\" width=\"300\" height=\"72\" srcset=\"https:\/\/florajia.com\/wp-content\/uploads\/2022\/04\/paiement-en-ligne-10-securise-2-removebg-preview-300x72.png 300w, https:\/\/florajia.com\/wp-content\/uploads\/2022\/04\/paiement-en-ligne-10-securise-2-removebg-preview-600x144.png 600w, https:\/\/florajia.com\/wp-content\/uploads\/2022\/04\/paiement-en-ligne-10-securise-2-removebg-preview.png 769w\" sizes=\"(max-width: 300px) 100vw, 300px\" \/><\/p>\n","protected":false},"featured_media":8685,"comment_status":"open","ping_status":"closed","template":"","meta":{"_joinchat":[]},"product_cat":[29],"product_tag":[],"yoast_head":"<!-- This site is optimized with the Yoast SEO plugin v20.13 - https:\/\/yoast.com\/wordpress\/plugins\/seo\/ -->\n<title>une plantes Asplenium antiquum a reproduction facil de traitement<\/title>\n<meta name=\"description\" content=\"pourquoi Asplenium antiquum a reproduction chez les plantes\u00a0 est une belle foug\u00e8re d&#039;int\u00e9rieur, avec des feuilles de plantes tr\u00e8s originales\" \/>\n<meta name=\"robots\" content=\"index, follow, max-snippet:-1, max-image-preview:large, max-video-preview:-1\" \/>\n<link rel=\"canonical\" href=\"https:\/\/florajia.com\/?product=fougere-asplenium-antigum\" \/>\n<meta property=\"og:locale\" content=\"fr_FR\" \/>\n<meta property=\"og:type\" content=\"article\" \/>\n<meta property=\"og:title\" content=\"une plantes Asplenium antiquum a reproduction facil de traitement\" \/>\n<meta property=\"og:description\" content=\"pourquoi Asplenium antiquum a reproduction chez les plantes\u00a0 est une belle foug\u00e8re d&#039;int\u00e9rieur, avec des feuilles de plantes tr\u00e8s originales\" \/>\n<meta property=\"og:url\" content=\"https:\/\/florajia.com\/?product=fougere-asplenium-antigum\" \/>\n<meta property=\"og:site_name\" content=\"www.Florajia.com\" \/>\n<meta property=\"article:publisher\" content=\"https:\/\/www.facebook.com\/florajiafleur\" \/>\n<meta property=\"article:modified_time\" content=\"2023-12-12T12:04:16+00:00\" \/>\n<meta property=\"og:image\" content=\"https:\/\/florajia.com\/wp-content\/uploads\/2014\/01\/fougere-asplenium.png\" \/>\n\t<meta property=\"og:image:width\" content=\"1080\" \/>\n\t<meta property=\"og:image:height\" content=\"1080\" \/>\n\t<meta property=\"og:image:type\" content=\"image\/png\" \/>\n<meta name=\"twitter:card\" content=\"summary_large_image\" \/>\n<meta name=\"twitter:site\" content=\"@florajiafleur\" \/>\n<meta name=\"twitter:label1\" content=\"Dur\u00e9e de lecture estim\u00e9e\" \/>\n\t<meta name=\"twitter:data1\" content=\"1 minute\" \/>\n<script type=\"application\/ld+json\" class=\"yoast-schema-graph\">{\"@context\":\"https:\/\/schema.org\",\"@graph\":[{\"@type\":\"WebPage\",\"@id\":\"https:\/\/florajia.com\/?product=fougere-asplenium-antigum\",\"url\":\"https:\/\/florajia.com\/?product=fougere-asplenium-antigum\",\"name\":\"une plantes Asplenium antiquum a reproduction facil de traitement\",\"isPartOf\":{\"@id\":\"https:\/\/florajia.com\/#website\"},\"datePublished\":\"2014-01-05T06:18:59+00:00\",\"dateModified\":\"2023-12-12T12:04:16+00:00\",\"description\":\"pourquoi Asplenium antiquum a reproduction chez les plantes\u00a0 est une belle foug\u00e8re d'int\u00e9rieur, avec des feuilles de plantes tr\u00e8s originales\",\"breadcrumb\":{\"@id\":\"https:\/\/florajia.com\/?product=fougere-asplenium-antigum#breadcrumb\"},\"inLanguage\":\"fr-FR\",\"potentialAction\":[{\"@type\":\"ReadAction\",\"target\":[\"https:\/\/florajia.com\/?product=fougere-asplenium-antigum\"]}]},{\"@type\":\"BreadcrumbList\",\"@id\":\"https:\/\/florajia.com\/?product=fougere-asplenium-antigum#breadcrumb\",\"itemListElement\":[{\"@type\":\"ListItem\",\"position\":1,\"name\":\"Home\",\"item\":\"https:\/\/florajia.com\/\"},{\"@type\":\"ListItem\",\"position\":2,\"name\":\"Shop\",\"item\":\"https:\/\/florajia.com\/?page_id=345\"},{\"@type\":\"ListItem\",\"position\":3,\"name\":\"FOUG\u00c8RE ASPLENIUM ANTIGUM\"}]},{\"@type\":\"WebSite\",\"@id\":\"https:\/\/florajia.com\/#website\",\"url\":\"https:\/\/florajia.com\/\",\"name\":\"www.Florajia.com\",\"description\":\"florajia c&#039;est un fleuriste   Sp\u00e9cialiste de livraison de bouquets de fleurs et rose qualite fleurissent  livraison partout \u00e0 Marrakech\",\"publisher\":{\"@id\":\"https:\/\/florajia.com\/#organization\"},\"potentialAction\":[{\"@type\":\"SearchAction\",\"target\":{\"@type\":\"EntryPoint\",\"urlTemplate\":\"https:\/\/florajia.com\/?s={search_term_string}\"},\"query-input\":\"required name=search_term_string\"}],\"inLanguage\":\"fr-FR\"},{\"@type\":\"Organization\",\"@id\":\"https:\/\/florajia.com\/#organization\",\"name\":\"Florajia\",\"url\":\"https:\/\/florajia.com\/\",\"logo\":{\"@type\":\"ImageObject\",\"inLanguage\":\"fr-FR\",\"@id\":\"https:\/\/florajia.com\/#\/schema\/logo\/image\/\",\"url\":\"https:\/\/florajia.com\/wp-content\/uploads\/2020\/02\/5e48499b45714_image_name-1.jpg\",\"contentUrl\":\"https:\/\/florajia.com\/wp-content\/uploads\/2020\/02\/5e48499b45714_image_name-1.jpg\",\"width\":512,\"height\":512,\"caption\":\"Florajia\"},\"image\":{\"@id\":\"https:\/\/florajia.com\/#\/schema\/logo\/image\/\"},\"sameAs\":[\"https:\/\/www.facebook.com\/florajiafleur\",\"https:\/\/twitter.com\/florajiafleur\",\"https:\/\/www.instagram.com\/florajiafleurs\",\"https:\/\/www.pinterest.com\/florajiafleurs\/\"]}]}<\/script>\n<!-- \/ Yoast SEO plugin. -->","yoast_head_json":{"title":"une plantes Asplenium antiquum a reproduction facil de traitement","description":"pourquoi Asplenium antiquum a reproduction chez les plantes\u00a0 est une belle foug\u00e8re d'int\u00e9rieur, avec des feuilles de plantes tr\u00e8s originales","robots":{"index":"index","follow":"follow","max-snippet":"max-snippet:-1","max-image-preview":"max-image-preview:large","max-video-preview":"max-video-preview:-1"},"canonical":"https:\/\/florajia.com\/?product=fougere-asplenium-antigum","og_locale":"fr_FR","og_type":"article","og_title":"une plantes Asplenium antiquum a reproduction facil de traitement","og_description":"pourquoi Asplenium antiquum a reproduction chez les plantes\u00a0 est une belle foug\u00e8re d'int\u00e9rieur, avec des feuilles de plantes tr\u00e8s originales","og_url":"https:\/\/florajia.com\/?product=fougere-asplenium-antigum","og_site_name":"www.Florajia.com","article_publisher":"https:\/\/www.facebook.com\/florajiafleur","article_modified_time":"2023-12-12T12:04:16+00:00","og_image":[{"width":1080,"height":1080,"url":"https:\/\/florajia.com\/wp-content\/uploads\/2014\/01\/fougere-asplenium.png","type":"image\/png"}],"twitter_card":"summary_large_image","twitter_site":"@florajiafleur","twitter_misc":{"Dur\u00e9e de lecture estim\u00e9e":"1 minute"},"schema":{"@context":"https:\/\/schema.org","@graph":[{"@type":"WebPage","@id":"https:\/\/florajia.com\/?product=fougere-asplenium-antigum","url":"https:\/\/florajia.com\/?product=fougere-asplenium-antigum","name":"une plantes Asplenium antiquum a reproduction facil de traitement","isPartOf":{"@id":"https:\/\/florajia.com\/#website"},"datePublished":"2014-01-05T06:18:59+00:00","dateModified":"2023-12-12T12:04:16+00:00","description":"pourquoi Asplenium antiquum a reproduction chez les plantes\u00a0 est une belle foug\u00e8re d'int\u00e9rieur, avec des feuilles de plantes tr\u00e8s originales","breadcrumb":{"@id":"https:\/\/florajia.com\/?product=fougere-asplenium-antigum#breadcrumb"},"inLanguage":"fr-FR","potentialAction":[{"@type":"ReadAction","target":["https:\/\/florajia.com\/?product=fougere-asplenium-antigum"]}]},{"@type":"BreadcrumbList","@id":"https:\/\/florajia.com\/?product=fougere-asplenium-antigum#breadcrumb","itemListElement":[{"@type":"ListItem","position":1,"name":"Home","item":"https:\/\/florajia.com\/"},{"@type":"ListItem","position":2,"name":"Shop","item":"https:\/\/florajia.com\/?page_id=345"},{"@type":"ListItem","position":3,"name":"FOUG\u00c8RE ASPLENIUM ANTIGUM"}]},{"@type":"WebSite","@id":"https:\/\/florajia.com\/#website","url":"https:\/\/florajia.com\/","name":"www.Florajia.com","description":"florajia c&#039;est un fleuriste   Sp\u00e9cialiste de livraison de bouquets de fleurs et rose qualite fleurissent  livraison partout \u00e0 Marrakech","publisher":{"@id":"https:\/\/florajia.com\/#organization"},"potentialAction":[{"@type":"SearchAction","target":{"@type":"EntryPoint","urlTemplate":"https:\/\/florajia.com\/?s={search_term_string}"},"query-input":"required name=search_term_string"}],"inLanguage":"fr-FR"},{"@type":"Organization","@id":"https:\/\/florajia.com\/#organization","name":"Florajia","url":"https:\/\/florajia.com\/","logo":{"@type":"ImageObject","inLanguage":"fr-FR","@id":"https:\/\/florajia.com\/#\/schema\/logo\/image\/","url":"https:\/\/florajia.com\/wp-content\/uploads\/2020\/02\/5e48499b45714_image_name-1.jpg","contentUrl":"https:\/\/florajia.com\/wp-content\/uploads\/2020\/02\/5e48499b45714_image_name-1.jpg","width":512,"height":512,"caption":"Florajia"},"image":{"@id":"https:\/\/florajia.com\/#\/schema\/logo\/image\/"},"sameAs":["https:\/\/www.facebook.com\/florajiafleur","https:\/\/twitter.com\/florajiafleur","https:\/\/www.instagram.com\/florajiafleurs","https:\/\/www.pinterest.com\/florajiafleurs\/"]}]}},"_links":{"self":[{"href":"https:\/\/florajia.com\/index.php?rest_route=\/wp\/v2\/product\/1582"}],"collection":[{"href":"https:\/\/florajia.com\/index.php?rest_route=\/wp\/v2\/product"}],"about":[{"href":"https:\/\/florajia.com\/index.php?rest_route=\/wp\/v2\/types\/product"}],"replies":[{"embeddable":true,"href":"https:\/\/florajia.com\/index.php?rest_route=%2Fwp%2Fv2%2Fcomments&post=1582"}],"wp:featuredmedia":[{"embeddable":true,"href":"https:\/\/florajia.com\/index.php?rest_route=\/wp\/v2\/media\/8685"}],"wp:attachment":[{"href":"https:\/\/florajia.com\/index.php?rest_route=%2Fwp%2Fv2%2Fmedia&parent=1582"}],"wp:term":[{"taxonomy":"product_cat","embeddable":true,"href":"https:\/\/florajia.com\/index.php?rest_route=%2Fwp%2Fv2%2Fproduct_cat&post=1582"},{"taxonomy":"product_tag","embeddable":true,"href":"https:\/\/florajia.com\/index.php?rest_route=%2Fwp%2Fv2%2Fproduct_tag&post=1582"}],"curies":[{"name":"wp","href":"https:\/\/api.w.org\/{rel}","templated":true}]}}