{"id":1733,"date":"2016-01-11T09:15:48","date_gmt":"2016-01-11T06:15:48","guid":{"rendered":"http:\/\/wordpress.magikthemes.com\/wrangler\/?post_type=product&#038;p=1733"},"modified":"2022-04-26T04:51:48","modified_gmt":"2022-04-26T01:51:48","slug":"bouquet-of-white-gerberas","status":"publish","type":"product","link":"https:\/\/florajia.com\/?product=bouquet-of-white-gerberas","title":{"rendered":"yucca 2 cannes"},"content":{"rendered":"<style type=\"text\/css\"><!--td {border: 1px solid #ccc;}br {mso-data-placement:same-cell;}--><\/style>\n<p><span data-sheets-value=\"{&quot;1&quot;:2,&quot;2&quot;:&quot;Ce palmier d\u00e9cor\u00e9 en Am\u00e9rique centrale, un merveilleux classique de la d\u00e9coration int\u00e9rieure, que l'on appr\u00e9cie pour sa facilit\u00e9 d'entretien et son poumon. Il serait id\u00e9al dans une pi\u00e8ce lumineuse ou m\u00eame ensoleill\u00e9e, un balcon ou un salon par exemple. Peu d'entretien n\u00e9cessaire, arrosage rare, sauf dans la chaleur estivale. Pour un meilleur entretien, utilisez une palmeraie priv\u00e9e. Vaporisez r\u00e9guli\u00e8rement les feuilles pour conserver leur couleur vert clair.&quot;}\" data-sheets-userformat=\"{&quot;2&quot;:14851,&quot;3&quot;:{&quot;1&quot;:0},&quot;4&quot;:{&quot;1&quot;:2,&quot;2&quot;:16777215},&quot;12&quot;:0,&quot;14&quot;:{&quot;1&quot;:2,&quot;2&quot;:3355443},&quot;15&quot;:&quot;Arial&quot;,&quot;16&quot;:11}\">Ce palmier d\u00e9cor\u00e9 en Am\u00e9rique centrale, un merveilleux classique de la d\u00e9coration int\u00e9rieure, que l&rsquo;on appr\u00e9cie pour sa facilit\u00e9 d&rsquo;entretien et son poumon. Il serait id\u00e9al dans une pi\u00e8ce lumineuse ou m\u00eame ensoleill\u00e9e, un balcon ou un salon par exemple. Peu d&rsquo;entretien n\u00e9cessaire, arrosage rare, sauf dans la chaleur estivale. Pour un meilleur entretien, utilisez une palmeraie priv\u00e9e. Vaporisez r\u00e9guli\u00e8rement les feuilles pour conserver leur couleur vert clair.<\/span><\/p>\n","protected":false},"excerpt":{"rendered":"<style type=\"text\/css\"><!--td {border: 1px solid #ccc;}br {mso-data-placement:same-cell;}--><\/style>\n<p><span data-sheets-value=\"{&quot;1&quot;:2,&quot;2&quot;:&quot;Un grand classique pour l'\u2019int\u00e9rieur que l'\u2019on appr\u00e9cie par sa facilit\u00e9 d'entretien. Exposez le en plein soleil, arrosez le mod\u00e9r\u00e9ment en laissant s\u00e9cher la terre entre deux arrosages. Apportez de l\u2019engrais une fois par mois l\u2019'\u00e9t .plus florajia offertune arrosoir cadeau..&quot;}\" data-sheets-userformat=\"{&quot;2&quot;:14851,&quot;3&quot;:{&quot;1&quot;:0},&quot;4&quot;:{&quot;1&quot;:2,&quot;2&quot;:16777215},&quot;12&quot;:0,&quot;14&quot;:{&quot;1&quot;:2,&quot;2&quot;:4539717},&quot;15&quot;:&quot;Arial&quot;,&quot;16&quot;:11}\">Un grand classique pour l&rsquo;\u2019int\u00e9rieur que l&rsquo;\u2019on appr\u00e9cie par sa facilit\u00e9 d&rsquo;entretien. Exposez le en plein soleil, arrosez le mod\u00e9r\u00e9ment en laissant s\u00e9cher la terre entre deux arrosages. Apportez de l\u2019engrais une fois par mois l\u2019&rsquo;\u00e9t .plus florajia offertune arrosoir cadeau..<\/span><\/p>\n<p><img decoding=\"async\" loading=\"lazy\" class=\"alignnone wp-image-13330 size-medium\" src=\"https:\/\/florajia.com\/wp-content\/uploads\/2022\/04\/paiement-en-ligne-10-securise-2-removebg-preview-300x72.png\" alt=\"\" width=\"300\" height=\"72\" srcset=\"https:\/\/florajia.com\/wp-content\/uploads\/2022\/04\/paiement-en-ligne-10-securise-2-removebg-preview-300x72.png 300w, https:\/\/florajia.com\/wp-content\/uploads\/2022\/04\/paiement-en-ligne-10-securise-2-removebg-preview-600x144.png 600w, https:\/\/florajia.com\/wp-content\/uploads\/2022\/04\/paiement-en-ligne-10-securise-2-removebg-preview.png 769w\" sizes=\"(max-width: 300px) 100vw, 300px\" \/><\/p>\n","protected":false},"featured_media":8689,"comment_status":"closed","ping_status":"closed","template":"","meta":{"_joinchat":[]},"product_cat":[29],"product_tag":[],"yoast_head":"<!-- This site is optimized with the Yoast SEO plugin v20.13 - https:\/\/yoast.com\/wordpress\/plugins\/seo\/ -->\n<title>yucca 2 cannes - www.Florajia.com<\/title>\n<meta name=\"robots\" content=\"index, follow, max-snippet:-1, max-image-preview:large, max-video-preview:-1\" \/>\n<link rel=\"canonical\" href=\"https:\/\/florajia.com\/?product=bouquet-of-white-gerberas\" \/>\n<meta property=\"og:locale\" content=\"fr_FR\" \/>\n<meta property=\"og:type\" content=\"article\" \/>\n<meta property=\"og:title\" content=\"yucca 2 cannes - www.Florajia.com\" \/>\n<meta property=\"og:description\" content=\"Un grand classique pour l&#039;\u2019int\u00e9rieur que l&#039;\u2019on appr\u00e9cie par sa facilit\u00e9 d&#039;entretien. Exposez le en plein soleil, arrosez le mod\u00e9r\u00e9ment en laissant s\u00e9cher la terre entre deux arrosages. Apportez de l\u2019engrais une fois par mois l\u2019&#039;\u00e9t .plus florajia offertune arrosoir cadeau..\" \/>\n<meta property=\"og:url\" content=\"https:\/\/florajia.com\/?product=bouquet-of-white-gerberas\" \/>\n<meta property=\"og:site_name\" content=\"www.Florajia.com\" \/>\n<meta property=\"article:publisher\" content=\"https:\/\/www.facebook.com\/florajiafleur\" \/>\n<meta property=\"article:modified_time\" content=\"2022-04-26T01:51:48+00:00\" \/>\n<meta property=\"og:image\" content=\"https:\/\/florajia.com\/wp-content\/uploads\/2016\/01\/YUCCA-2-CANNES-1.png\" \/>\n\t<meta property=\"og:image:width\" content=\"1080\" \/>\n\t<meta property=\"og:image:height\" content=\"1080\" \/>\n\t<meta property=\"og:image:type\" content=\"image\/png\" \/>\n<meta name=\"twitter:card\" content=\"summary_large_image\" \/>\n<meta name=\"twitter:site\" content=\"@florajiafleur\" \/>\n<script type=\"application\/ld+json\" class=\"yoast-schema-graph\">{\"@context\":\"https:\/\/schema.org\",\"@graph\":[{\"@type\":\"WebPage\",\"@id\":\"https:\/\/florajia.com\/?product=bouquet-of-white-gerberas\",\"url\":\"https:\/\/florajia.com\/?product=bouquet-of-white-gerberas\",\"name\":\"yucca 2 cannes - www.Florajia.com\",\"isPartOf\":{\"@id\":\"https:\/\/florajia.com\/#website\"},\"datePublished\":\"2016-01-11T06:15:48+00:00\",\"dateModified\":\"2022-04-26T01:51:48+00:00\",\"breadcrumb\":{\"@id\":\"https:\/\/florajia.com\/?product=bouquet-of-white-gerberas#breadcrumb\"},\"inLanguage\":\"fr-FR\",\"potentialAction\":[{\"@type\":\"ReadAction\",\"target\":[\"https:\/\/florajia.com\/?product=bouquet-of-white-gerberas\"]}]},{\"@type\":\"BreadcrumbList\",\"@id\":\"https:\/\/florajia.com\/?product=bouquet-of-white-gerberas#breadcrumb\",\"itemListElement\":[{\"@type\":\"ListItem\",\"position\":1,\"name\":\"Home\",\"item\":\"https:\/\/florajia.com\/\"},{\"@type\":\"ListItem\",\"position\":2,\"name\":\"Shop\",\"item\":\"https:\/\/florajia.com\/?page_id=345\"},{\"@type\":\"ListItem\",\"position\":3,\"name\":\"yucca 2 cannes\"}]},{\"@type\":\"WebSite\",\"@id\":\"https:\/\/florajia.com\/#website\",\"url\":\"https:\/\/florajia.com\/\",\"name\":\"www.Florajia.com\",\"description\":\"florajia c&#039;est un fleuriste   Sp\u00e9cialiste de livraison de bouquets de fleurs et rose qualite fleurissent  livraison partout \u00e0 Marrakech\",\"publisher\":{\"@id\":\"https:\/\/florajia.com\/#organization\"},\"potentialAction\":[{\"@type\":\"SearchAction\",\"target\":{\"@type\":\"EntryPoint\",\"urlTemplate\":\"https:\/\/florajia.com\/?s={search_term_string}\"},\"query-input\":\"required name=search_term_string\"}],\"inLanguage\":\"fr-FR\"},{\"@type\":\"Organization\",\"@id\":\"https:\/\/florajia.com\/#organization\",\"name\":\"Florajia\",\"url\":\"https:\/\/florajia.com\/\",\"logo\":{\"@type\":\"ImageObject\",\"inLanguage\":\"fr-FR\",\"@id\":\"https:\/\/florajia.com\/#\/schema\/logo\/image\/\",\"url\":\"https:\/\/florajia.com\/wp-content\/uploads\/2020\/02\/5e48499b45714_image_name-1.jpg\",\"contentUrl\":\"https:\/\/florajia.com\/wp-content\/uploads\/2020\/02\/5e48499b45714_image_name-1.jpg\",\"width\":512,\"height\":512,\"caption\":\"Florajia\"},\"image\":{\"@id\":\"https:\/\/florajia.com\/#\/schema\/logo\/image\/\"},\"sameAs\":[\"https:\/\/www.facebook.com\/florajiafleur\",\"https:\/\/twitter.com\/florajiafleur\",\"https:\/\/www.instagram.com\/florajiafleurs\",\"https:\/\/www.pinterest.com\/florajiafleurs\/\"]}]}<\/script>\n<!-- \/ Yoast SEO plugin. -->","yoast_head_json":{"title":"yucca 2 cannes - www.Florajia.com","robots":{"index":"index","follow":"follow","max-snippet":"max-snippet:-1","max-image-preview":"max-image-preview:large","max-video-preview":"max-video-preview:-1"},"canonical":"https:\/\/florajia.com\/?product=bouquet-of-white-gerberas","og_locale":"fr_FR","og_type":"article","og_title":"yucca 2 cannes - www.Florajia.com","og_description":"Un grand classique pour l'\u2019int\u00e9rieur que l'\u2019on appr\u00e9cie par sa facilit\u00e9 d'entretien. Exposez le en plein soleil, arrosez le mod\u00e9r\u00e9ment en laissant s\u00e9cher la terre entre deux arrosages. Apportez de l\u2019engrais une fois par mois l\u2019'\u00e9t .plus florajia offertune arrosoir cadeau..","og_url":"https:\/\/florajia.com\/?product=bouquet-of-white-gerberas","og_site_name":"www.Florajia.com","article_publisher":"https:\/\/www.facebook.com\/florajiafleur","article_modified_time":"2022-04-26T01:51:48+00:00","og_image":[{"width":1080,"height":1080,"url":"https:\/\/florajia.com\/wp-content\/uploads\/2016\/01\/YUCCA-2-CANNES-1.png","type":"image\/png"}],"twitter_card":"summary_large_image","twitter_site":"@florajiafleur","schema":{"@context":"https:\/\/schema.org","@graph":[{"@type":"WebPage","@id":"https:\/\/florajia.com\/?product=bouquet-of-white-gerberas","url":"https:\/\/florajia.com\/?product=bouquet-of-white-gerberas","name":"yucca 2 cannes - www.Florajia.com","isPartOf":{"@id":"https:\/\/florajia.com\/#website"},"datePublished":"2016-01-11T06:15:48+00:00","dateModified":"2022-04-26T01:51:48+00:00","breadcrumb":{"@id":"https:\/\/florajia.com\/?product=bouquet-of-white-gerberas#breadcrumb"},"inLanguage":"fr-FR","potentialAction":[{"@type":"ReadAction","target":["https:\/\/florajia.com\/?product=bouquet-of-white-gerberas"]}]},{"@type":"BreadcrumbList","@id":"https:\/\/florajia.com\/?product=bouquet-of-white-gerberas#breadcrumb","itemListElement":[{"@type":"ListItem","position":1,"name":"Home","item":"https:\/\/florajia.com\/"},{"@type":"ListItem","position":2,"name":"Shop","item":"https:\/\/florajia.com\/?page_id=345"},{"@type":"ListItem","position":3,"name":"yucca 2 cannes"}]},{"@type":"WebSite","@id":"https:\/\/florajia.com\/#website","url":"https:\/\/florajia.com\/","name":"www.Florajia.com","description":"florajia c&#039;est un fleuriste   Sp\u00e9cialiste de livraison de bouquets de fleurs et rose qualite fleurissent  livraison partout \u00e0 Marrakech","publisher":{"@id":"https:\/\/florajia.com\/#organization"},"potentialAction":[{"@type":"SearchAction","target":{"@type":"EntryPoint","urlTemplate":"https:\/\/florajia.com\/?s={search_term_string}"},"query-input":"required name=search_term_string"}],"inLanguage":"fr-FR"},{"@type":"Organization","@id":"https:\/\/florajia.com\/#organization","name":"Florajia","url":"https:\/\/florajia.com\/","logo":{"@type":"ImageObject","inLanguage":"fr-FR","@id":"https:\/\/florajia.com\/#\/schema\/logo\/image\/","url":"https:\/\/florajia.com\/wp-content\/uploads\/2020\/02\/5e48499b45714_image_name-1.jpg","contentUrl":"https:\/\/florajia.com\/wp-content\/uploads\/2020\/02\/5e48499b45714_image_name-1.jpg","width":512,"height":512,"caption":"Florajia"},"image":{"@id":"https:\/\/florajia.com\/#\/schema\/logo\/image\/"},"sameAs":["https:\/\/www.facebook.com\/florajiafleur","https:\/\/twitter.com\/florajiafleur","https:\/\/www.instagram.com\/florajiafleurs","https:\/\/www.pinterest.com\/florajiafleurs\/"]}]}},"_links":{"self":[{"href":"https:\/\/florajia.com\/index.php?rest_route=\/wp\/v2\/product\/1733"}],"collection":[{"href":"https:\/\/florajia.com\/index.php?rest_route=\/wp\/v2\/product"}],"about":[{"href":"https:\/\/florajia.com\/index.php?rest_route=\/wp\/v2\/types\/product"}],"replies":[{"embeddable":true,"href":"https:\/\/florajia.com\/index.php?rest_route=%2Fwp%2Fv2%2Fcomments&post=1733"}],"wp:featuredmedia":[{"embeddable":true,"href":"https:\/\/florajia.com\/index.php?rest_route=\/wp\/v2\/media\/8689"}],"wp:attachment":[{"href":"https:\/\/florajia.com\/index.php?rest_route=%2Fwp%2Fv2%2Fmedia&parent=1733"}],"wp:term":[{"taxonomy":"product_cat","embeddable":true,"href":"https:\/\/florajia.com\/index.php?rest_route=%2Fwp%2Fv2%2Fproduct_cat&post=1733"},{"taxonomy":"product_tag","embeddable":true,"href":"https:\/\/florajia.com\/index.php?rest_route=%2Fwp%2Fv2%2Fproduct_tag&post=1733"}],"curies":[{"name":"wp","href":"https:\/\/api.w.org\/{rel}","templated":true}]}}