{"id":24,"date":"2015-01-29T10:16:06","date_gmt":"2015-01-29T07:16:06","guid":{"rendered":"http:\/\/wordpress.magikthemes.com\/eclipse\/?post_type=product&#038;p=24"},"modified":"2025-11-01T10:43:07","modified_gmt":"2025-11-01T07:43:07","slug":"anthurium-rouge","status":"publish","type":"product","link":"https:\/\/florajia.com\/?product=anthurium-rouge","title":{"rendered":"anthurium rouge"},"content":{"rendered":"<style type=\"text\/css\"><!--td {border: 1px solid #ccc;}br {mso-data-placement:same-cell;}--><\/style>\n<div dir=\"ltr\">\n<div class=\"input-box\" spellcheck=\"false\">\n<div id=\"waffle-rich-text-editor\" class=\"cell-input editable\" dir=\"ltr\" tabindex=\"0\" role=\"combobox\" contenteditable=\"true\" aria-autocomplete=\"list\" aria-label=\"C5\"><\/div>\n<\/div>\n<\/div>\n<div>Plante exotique par excellence! L&rsquo;anthurium est une tr\u00e8s belle plante d&rsquo;int\u00e9rieur et de serre. Les anthuriums sont caract\u00e9ris\u00e9s par de belles fleurs rouge vif cireuses pour cette vari\u00e9t\u00e9.mais jamais ensoleill\u00e9. Il n&rsquo;aime pas le froid, \u00e9vitez les courants d&rsquo;air. Ajoutez de l&rsquo;engrais tous les 15 jours. plantes aiment garder l&rsquo;air assez humide. Fertilisez tous les 15 jours avec un engrais sp\u00e9cial pour plantes \u00e0 fleurs. La transplantation d&rsquo;anthurium est r\u00e9alis\u00e9e tous les 2-3 ans dans un sol humif\u00e8re l\u00e9ger<\/div>\n","protected":false},"excerpt":{"rendered":"<p>anthurium rouge Fleurs rouge vif tenant longtemps sur le plan Floraison exotique .plus florajia offert une arrosoir cadeau.<\/p>\n<p><img decoding=\"async\" loading=\"lazy\" class=\"alignnone wp-image-13330 size-medium\" src=\"https:\/\/florajia.com\/wp-content\/uploads\/2022\/04\/paiement-en-ligne-10-securise-2-removebg-preview-300x72.png\" alt=\"\" width=\"300\" height=\"72\" srcset=\"https:\/\/florajia.com\/wp-content\/uploads\/2022\/04\/paiement-en-ligne-10-securise-2-removebg-preview-300x72.png 300w, https:\/\/florajia.com\/wp-content\/uploads\/2022\/04\/paiement-en-ligne-10-securise-2-removebg-preview-600x144.png 600w, https:\/\/florajia.com\/wp-content\/uploads\/2022\/04\/paiement-en-ligne-10-securise-2-removebg-preview.png 769w\" sizes=\"(max-width: 300px) 100vw, 300px\" \/><\/p>\n","protected":false},"featured_media":8673,"comment_status":"open","ping_status":"closed","template":"","meta":{"_joinchat":[]},"product_cat":[64,29],"product_tag":[],"yoast_head":"<!-- This site is optimized with the Yoast SEO plugin v20.13 - https:\/\/yoast.com\/wordpress\/plugins\/seo\/ -->\n<title>https:\/\/florajia.com\/produit\/anthurium-rouge\/ \u200e<\/title>\n<meta name=\"description\" content=\"Plante exotique par excellence! L&#039;anthurium est une tr\u00e8s belle plante d&#039;int\u00e9rieur et de serre. Les anthuriums sont caract\u00e9ris\u00e9s par de belles fleurs rouge vif cireuses pour cette vari\u00e9t\u00e9.mais jamais ensoleill\u00e9 Il n&#039;aime pas le froid, \u00e9vitez les courants d&#039;air. Ajoutez de l&#039;engrais tous le\" \/>\n<meta name=\"robots\" content=\"index, follow, max-snippet:-1, max-image-preview:large, max-video-preview:-1\" \/>\n<link rel=\"canonical\" href=\"https:\/\/florajia.com\/?product=anthurium-rouge\" \/>\n<meta property=\"og:locale\" content=\"fr_FR\" \/>\n<meta property=\"og:type\" content=\"article\" \/>\n<meta property=\"og:title\" content=\"https:\/\/florajia.com\/produit\/anthurium-rouge\/ \u200e\" \/>\n<meta property=\"og:description\" content=\"Plante exotique par excellence! L&#039;anthurium est une tr\u00e8s belle plante d&#039;int\u00e9rieur et de serre. Les anthuriums sont caract\u00e9ris\u00e9s par de belles fleurs rouge vif cireuses pour cette vari\u00e9t\u00e9.mais jamais ensoleill\u00e9 Il n&#039;aime pas le froid, \u00e9vitez les courants d&#039;air. Ajoutez de l&#039;engrais tous le\" \/>\n<meta property=\"og:url\" content=\"https:\/\/florajia.com\/?product=anthurium-rouge\" \/>\n<meta property=\"og:site_name\" content=\"www.Florajia.com\" \/>\n<meta property=\"article:publisher\" content=\"https:\/\/www.facebook.com\/florajiafleur\" \/>\n<meta property=\"article:modified_time\" content=\"2025-11-01T07:43:07+00:00\" \/>\n<meta property=\"og:image\" content=\"https:\/\/florajia.com\/wp-content\/uploads\/2015\/01\/anthurium-rouge-1-1.png\" \/>\n\t<meta property=\"og:image:width\" content=\"1080\" \/>\n\t<meta property=\"og:image:height\" content=\"1080\" \/>\n\t<meta property=\"og:image:type\" content=\"image\/png\" \/>\n<meta name=\"twitter:card\" content=\"summary_large_image\" \/>\n<meta name=\"twitter:site\" content=\"@florajiafleur\" \/>\n<meta name=\"twitter:label1\" content=\"Dur\u00e9e de lecture estim\u00e9e\" \/>\n\t<meta name=\"twitter:data1\" content=\"1 minute\" \/>\n<script type=\"application\/ld+json\" class=\"yoast-schema-graph\">{\"@context\":\"https:\/\/schema.org\",\"@graph\":[{\"@type\":\"WebPage\",\"@id\":\"https:\/\/florajia.com\/?product=anthurium-rouge\",\"url\":\"https:\/\/florajia.com\/?product=anthurium-rouge\",\"name\":\"https:\/\/florajia.com\/produit\/anthurium-rouge\/ \u200e\",\"isPartOf\":{\"@id\":\"https:\/\/florajia.com\/#website\"},\"datePublished\":\"2015-01-29T07:16:06+00:00\",\"dateModified\":\"2025-11-01T07:43:07+00:00\",\"description\":\"Plante exotique par excellence! L'anthurium est une tr\u00e8s belle plante d'int\u00e9rieur et de serre. Les anthuriums sont caract\u00e9ris\u00e9s par de belles fleurs rouge vif cireuses pour cette vari\u00e9t\u00e9.mais jamais ensoleill\u00e9 Il n'aime pas le froid, \u00e9vitez les courants d'air. Ajoutez de l'engrais tous le\",\"breadcrumb\":{\"@id\":\"https:\/\/florajia.com\/?product=anthurium-rouge#breadcrumb\"},\"inLanguage\":\"fr-FR\",\"potentialAction\":[{\"@type\":\"ReadAction\",\"target\":[\"https:\/\/florajia.com\/?product=anthurium-rouge\"]}]},{\"@type\":\"BreadcrumbList\",\"@id\":\"https:\/\/florajia.com\/?product=anthurium-rouge#breadcrumb\",\"itemListElement\":[{\"@type\":\"ListItem\",\"position\":1,\"name\":\"Home\",\"item\":\"https:\/\/florajia.com\/\"},{\"@type\":\"ListItem\",\"position\":2,\"name\":\"Shop\",\"item\":\"https:\/\/florajia.com\/?page_id=345\"},{\"@type\":\"ListItem\",\"position\":3,\"name\":\"calathea m\u00e9daillon\",\"item\":\"https:\/\/florajia.com\/?product=calathea-medaillon\"},{\"@type\":\"ListItem\",\"position\":4,\"name\":\"anthurium rouge\"}]},{\"@type\":\"WebSite\",\"@id\":\"https:\/\/florajia.com\/#website\",\"url\":\"https:\/\/florajia.com\/\",\"name\":\"www.Florajia.com\",\"description\":\"florajia c&#039;est un fleuriste   Sp\u00e9cialiste de livraison de bouquets de fleurs et rose qualite fleurissent  livraison partout \u00e0 Marrakech\",\"publisher\":{\"@id\":\"https:\/\/florajia.com\/#organization\"},\"potentialAction\":[{\"@type\":\"SearchAction\",\"target\":{\"@type\":\"EntryPoint\",\"urlTemplate\":\"https:\/\/florajia.com\/?s={search_term_string}\"},\"query-input\":\"required name=search_term_string\"}],\"inLanguage\":\"fr-FR\"},{\"@type\":\"Organization\",\"@id\":\"https:\/\/florajia.com\/#organization\",\"name\":\"Florajia\",\"url\":\"https:\/\/florajia.com\/\",\"logo\":{\"@type\":\"ImageObject\",\"inLanguage\":\"fr-FR\",\"@id\":\"https:\/\/florajia.com\/#\/schema\/logo\/image\/\",\"url\":\"https:\/\/florajia.com\/wp-content\/uploads\/2020\/02\/5e48499b45714_image_name-1.jpg\",\"contentUrl\":\"https:\/\/florajia.com\/wp-content\/uploads\/2020\/02\/5e48499b45714_image_name-1.jpg\",\"width\":512,\"height\":512,\"caption\":\"Florajia\"},\"image\":{\"@id\":\"https:\/\/florajia.com\/#\/schema\/logo\/image\/\"},\"sameAs\":[\"https:\/\/www.facebook.com\/florajiafleur\",\"https:\/\/twitter.com\/florajiafleur\",\"https:\/\/www.instagram.com\/florajiafleurs\",\"https:\/\/www.pinterest.com\/florajiafleurs\/\"]}]}<\/script>\n<!-- \/ Yoast SEO plugin. -->","yoast_head_json":{"title":"https:\/\/florajia.com\/produit\/anthurium-rouge\/ \u200e","description":"Plante exotique par excellence! L'anthurium est une tr\u00e8s belle plante d'int\u00e9rieur et de serre. Les anthuriums sont caract\u00e9ris\u00e9s par de belles fleurs rouge vif cireuses pour cette vari\u00e9t\u00e9.mais jamais ensoleill\u00e9 Il n'aime pas le froid, \u00e9vitez les courants d'air. Ajoutez de l'engrais tous le","robots":{"index":"index","follow":"follow","max-snippet":"max-snippet:-1","max-image-preview":"max-image-preview:large","max-video-preview":"max-video-preview:-1"},"canonical":"https:\/\/florajia.com\/?product=anthurium-rouge","og_locale":"fr_FR","og_type":"article","og_title":"https:\/\/florajia.com\/produit\/anthurium-rouge\/ \u200e","og_description":"Plante exotique par excellence! L'anthurium est une tr\u00e8s belle plante d'int\u00e9rieur et de serre. Les anthuriums sont caract\u00e9ris\u00e9s par de belles fleurs rouge vif cireuses pour cette vari\u00e9t\u00e9.mais jamais ensoleill\u00e9 Il n'aime pas le froid, \u00e9vitez les courants d'air. Ajoutez de l'engrais tous le","og_url":"https:\/\/florajia.com\/?product=anthurium-rouge","og_site_name":"www.Florajia.com","article_publisher":"https:\/\/www.facebook.com\/florajiafleur","article_modified_time":"2025-11-01T07:43:07+00:00","og_image":[{"width":1080,"height":1080,"url":"https:\/\/florajia.com\/wp-content\/uploads\/2015\/01\/anthurium-rouge-1-1.png","type":"image\/png"}],"twitter_card":"summary_large_image","twitter_site":"@florajiafleur","twitter_misc":{"Dur\u00e9e de lecture estim\u00e9e":"1 minute"},"schema":{"@context":"https:\/\/schema.org","@graph":[{"@type":"WebPage","@id":"https:\/\/florajia.com\/?product=anthurium-rouge","url":"https:\/\/florajia.com\/?product=anthurium-rouge","name":"https:\/\/florajia.com\/produit\/anthurium-rouge\/ \u200e","isPartOf":{"@id":"https:\/\/florajia.com\/#website"},"datePublished":"2015-01-29T07:16:06+00:00","dateModified":"2025-11-01T07:43:07+00:00","description":"Plante exotique par excellence! L'anthurium est une tr\u00e8s belle plante d'int\u00e9rieur et de serre. Les anthuriums sont caract\u00e9ris\u00e9s par de belles fleurs rouge vif cireuses pour cette vari\u00e9t\u00e9.mais jamais ensoleill\u00e9 Il n'aime pas le froid, \u00e9vitez les courants d'air. Ajoutez de l'engrais tous le","breadcrumb":{"@id":"https:\/\/florajia.com\/?product=anthurium-rouge#breadcrumb"},"inLanguage":"fr-FR","potentialAction":[{"@type":"ReadAction","target":["https:\/\/florajia.com\/?product=anthurium-rouge"]}]},{"@type":"BreadcrumbList","@id":"https:\/\/florajia.com\/?product=anthurium-rouge#breadcrumb","itemListElement":[{"@type":"ListItem","position":1,"name":"Home","item":"https:\/\/florajia.com\/"},{"@type":"ListItem","position":2,"name":"Shop","item":"https:\/\/florajia.com\/?page_id=345"},{"@type":"ListItem","position":3,"name":"calathea m\u00e9daillon","item":"https:\/\/florajia.com\/?product=calathea-medaillon"},{"@type":"ListItem","position":4,"name":"anthurium rouge"}]},{"@type":"WebSite","@id":"https:\/\/florajia.com\/#website","url":"https:\/\/florajia.com\/","name":"www.Florajia.com","description":"florajia c&#039;est un fleuriste   Sp\u00e9cialiste de livraison de bouquets de fleurs et rose qualite fleurissent  livraison partout \u00e0 Marrakech","publisher":{"@id":"https:\/\/florajia.com\/#organization"},"potentialAction":[{"@type":"SearchAction","target":{"@type":"EntryPoint","urlTemplate":"https:\/\/florajia.com\/?s={search_term_string}"},"query-input":"required name=search_term_string"}],"inLanguage":"fr-FR"},{"@type":"Organization","@id":"https:\/\/florajia.com\/#organization","name":"Florajia","url":"https:\/\/florajia.com\/","logo":{"@type":"ImageObject","inLanguage":"fr-FR","@id":"https:\/\/florajia.com\/#\/schema\/logo\/image\/","url":"https:\/\/florajia.com\/wp-content\/uploads\/2020\/02\/5e48499b45714_image_name-1.jpg","contentUrl":"https:\/\/florajia.com\/wp-content\/uploads\/2020\/02\/5e48499b45714_image_name-1.jpg","width":512,"height":512,"caption":"Florajia"},"image":{"@id":"https:\/\/florajia.com\/#\/schema\/logo\/image\/"},"sameAs":["https:\/\/www.facebook.com\/florajiafleur","https:\/\/twitter.com\/florajiafleur","https:\/\/www.instagram.com\/florajiafleurs","https:\/\/www.pinterest.com\/florajiafleurs\/"]}]}},"_links":{"self":[{"href":"https:\/\/florajia.com\/index.php?rest_route=\/wp\/v2\/product\/24"}],"collection":[{"href":"https:\/\/florajia.com\/index.php?rest_route=\/wp\/v2\/product"}],"about":[{"href":"https:\/\/florajia.com\/index.php?rest_route=\/wp\/v2\/types\/product"}],"replies":[{"embeddable":true,"href":"https:\/\/florajia.com\/index.php?rest_route=%2Fwp%2Fv2%2Fcomments&post=24"}],"wp:featuredmedia":[{"embeddable":true,"href":"https:\/\/florajia.com\/index.php?rest_route=\/wp\/v2\/media\/8673"}],"wp:attachment":[{"href":"https:\/\/florajia.com\/index.php?rest_route=%2Fwp%2Fv2%2Fmedia&parent=24"}],"wp:term":[{"taxonomy":"product_cat","embeddable":true,"href":"https:\/\/florajia.com\/index.php?rest_route=%2Fwp%2Fv2%2Fproduct_cat&post=24"},{"taxonomy":"product_tag","embeddable":true,"href":"https:\/\/florajia.com\/index.php?rest_route=%2Fwp%2Fv2%2Fproduct_tag&post=24"}],"curies":[{"name":"wp","href":"https:\/\/api.w.org\/{rel}","templated":true}]}}