{"id":30,"date":"2015-01-29T10:20:46","date_gmt":"2015-01-29T07:20:46","guid":{"rendered":"http:\/\/wordpress.magikthemes.com\/eclipse\/?post_type=product&#038;p=30"},"modified":"2022-04-26T04:59:35","modified_gmt":"2022-04-26T01:59:35","slug":"palmier-chamaedorea","status":"publish","type":"product","link":"https:\/\/florajia.com\/?product=palmier-chamaedorea","title":{"rendered":"palmier chamaedorea"},"content":{"rendered":"<style type=\"text\/css\"><!--td {border: 1px solid #ccc;}br {mso-data-placement:same-cell;}--><\/style>\n<p><span data-sheets-value=\"{&quot;1&quot;:2,&quot;2&quot;:&quot;Le feuillage de Chamaedora elegans appara\u00eet avec des feuilles arqu\u00e9es, coup\u00e9es en forme, jusqu'\u00e0 60 cm de long. Les vieux produisent parfois des tiges de fleurs jaunes qui ressemblent \u00e0 celles du mimosa.\\nIl est pr\u00e9f\u00e9rable de le placer en nuances partielles et est particuli\u00e8rement prot\u00e9g\u00e9 des rayons directs du soleil, ce qui fait partir le barbecue.\\nL'arrosage doit \u00eatre r\u00e9gulier, environ les deux tiers par semaine en \u00e9t\u00e9 et une fois par semaine en hiver. Pr\u00e9f\u00e9rez l'eau non calcaire jusqu'\u00e0 ce que ses feuilles restent vertes. L'ajout d'engrais liquides tous les 15 jours assure un bon d\u00e9veloppement.\\nCette plante amovible, ce petit palmier int\u00e9rieur de type bambou, absorbe une large gamme de polluants gr\u00e2ce \u00e0 ses feuilles ainsi qu'\u00e0 ses racines.&quot;}\" data-sheets-userformat=\"{&quot;2&quot;:513,&quot;3&quot;:{&quot;1&quot;:0},&quot;12&quot;:0}\">Le feuillage de Chamaedora elegans appara\u00eet avec des feuilles arqu\u00e9es, coup\u00e9es en forme, jusqu&rsquo;\u00e0 60 cm de long. Les vieux produisent parfois des tiges de fleurs jaunes qui ressemblent \u00e0 celles du mimosa.<br \/>\nIl est pr\u00e9f\u00e9rable de le placer en nuances partielles et est particuli\u00e8rement prot\u00e9g\u00e9 des rayons directs du soleil, ce qui fait partir le barbecue.<br \/>\nL&rsquo;arrosage doit \u00eatre r\u00e9gulier, environ les deux tiers par semaine en \u00e9t\u00e9 et une fois par semaine en hiver. Pr\u00e9f\u00e9rez l&rsquo;eau non calcaire jusqu&rsquo;\u00e0 ce que ses feuilles restent vertes. L&rsquo;ajout d&rsquo;engrais liquides tous les 15 jours assure un bon d\u00e9veloppement.<br \/>\nCette plante amovible, ce petit palmier int\u00e9rieur de type bambou, absorbe une large gamme de polluants gr\u00e2ce \u00e0 ses feuilles ainsi qu&rsquo;\u00e0 ses racines.<\/span><\/p>\n","protected":false},"excerpt":{"rendered":"<style type=\"text\/css\"><!--td {border: 1px solid #ccc;}br {mso-data-placement:same-cell;}--><\/style>\n<p><span data-sheets-value=\"{&quot;1&quot;:2,&quot;2&quot;:&quot;Le Chamaedora est un petit palmier tr\u00e8s r\u00e9pandu, originaire d'Am\u00e9rique du Sud. \\n\\nPlus produit: \\n- adapt\u00e9 aux petits espaces \\n- feuilles tr\u00e8s souples \\n- grande .plus florajia offert une arrosoir cadeau.&quot;}\" data-sheets-userformat=\"{&quot;2&quot;:14851,&quot;3&quot;:{&quot;1&quot;:0},&quot;4&quot;:{&quot;1&quot;:2,&quot;2&quot;:16777215},&quot;12&quot;:0,&quot;14&quot;:{&quot;1&quot;:2,&quot;2&quot;:4539717},&quot;15&quot;:&quot;Arial&quot;,&quot;16&quot;:11}\">Le Chamaedora est un petit palmier tr\u00e8s r\u00e9pandu, originaire d&rsquo;Am\u00e9rique du Sud.<\/span><\/p>\n<p>Plus produit:<br \/>\n&#8211; adapt\u00e9 aux petits espaces<br \/>\n&#8211; feuilles tr\u00e8s souples<br \/>\n&#8211; grande .plus florajia offert une arrosoir cadeau.<\/p>\n<p><img decoding=\"async\" loading=\"lazy\" class=\"alignnone wp-image-13330 size-medium\" src=\"https:\/\/florajia.com\/wp-content\/uploads\/2022\/04\/paiement-en-ligne-10-securise-2-removebg-preview-300x72.png\" alt=\"\" width=\"300\" height=\"72\" srcset=\"https:\/\/florajia.com\/wp-content\/uploads\/2022\/04\/paiement-en-ligne-10-securise-2-removebg-preview-300x72.png 300w, https:\/\/florajia.com\/wp-content\/uploads\/2022\/04\/paiement-en-ligne-10-securise-2-removebg-preview-600x144.png 600w, https:\/\/florajia.com\/wp-content\/uploads\/2022\/04\/paiement-en-ligne-10-securise-2-removebg-preview.png 769w\" sizes=\"(max-width: 300px) 100vw, 300px\" \/><\/p>\n","protected":false},"featured_media":8691,"comment_status":"open","ping_status":"closed","template":"","meta":{"_joinchat":[]},"product_cat":[29],"product_tag":[],"yoast_head":"<!-- This site is optimized with the Yoast SEO plugin v20.13 - https:\/\/yoast.com\/wordpress\/plugins\/seo\/ -->\n<title>palmier chamaedorea - www.Florajia.com<\/title>\n<meta name=\"robots\" content=\"index, follow, max-snippet:-1, max-image-preview:large, max-video-preview:-1\" \/>\n<link rel=\"canonical\" href=\"https:\/\/florajia.com\/?product=palmier-chamaedorea\" \/>\n<meta property=\"og:locale\" content=\"fr_FR\" \/>\n<meta property=\"og:type\" content=\"article\" \/>\n<meta property=\"og:title\" content=\"palmier chamaedorea - www.Florajia.com\" \/>\n<meta property=\"og:description\" content=\"Le Chamaedora est un petit palmier tr\u00e8s r\u00e9pandu, originaire d&#039;Am\u00e9rique du Sud.  Plus produit: - adapt\u00e9 aux petits espaces - feuilles tr\u00e8s souples - grande .plus florajia offert une arrosoir cadeau.\" \/>\n<meta property=\"og:url\" content=\"https:\/\/florajia.com\/?product=palmier-chamaedorea\" \/>\n<meta property=\"og:site_name\" content=\"www.Florajia.com\" \/>\n<meta property=\"article:publisher\" content=\"https:\/\/www.facebook.com\/florajiafleur\" \/>\n<meta property=\"article:modified_time\" content=\"2022-04-26T01:59:35+00:00\" \/>\n<meta property=\"og:image\" content=\"https:\/\/florajia.com\/wp-content\/uploads\/2015\/01\/palmier-chamaedorea-1.png\" \/>\n\t<meta property=\"og:image:width\" content=\"1080\" \/>\n\t<meta property=\"og:image:height\" content=\"1080\" \/>\n\t<meta property=\"og:image:type\" content=\"image\/png\" \/>\n<meta name=\"twitter:card\" content=\"summary_large_image\" \/>\n<meta name=\"twitter:site\" content=\"@florajiafleur\" \/>\n<meta name=\"twitter:label1\" content=\"Dur\u00e9e de lecture estim\u00e9e\" \/>\n\t<meta name=\"twitter:data1\" content=\"1 minute\" \/>\n<script type=\"application\/ld+json\" class=\"yoast-schema-graph\">{\"@context\":\"https:\/\/schema.org\",\"@graph\":[{\"@type\":\"WebPage\",\"@id\":\"https:\/\/florajia.com\/?product=palmier-chamaedorea\",\"url\":\"https:\/\/florajia.com\/?product=palmier-chamaedorea\",\"name\":\"palmier chamaedorea - www.Florajia.com\",\"isPartOf\":{\"@id\":\"https:\/\/florajia.com\/#website\"},\"datePublished\":\"2015-01-29T07:20:46+00:00\",\"dateModified\":\"2022-04-26T01:59:35+00:00\",\"breadcrumb\":{\"@id\":\"https:\/\/florajia.com\/?product=palmier-chamaedorea#breadcrumb\"},\"inLanguage\":\"fr-FR\",\"potentialAction\":[{\"@type\":\"ReadAction\",\"target\":[\"https:\/\/florajia.com\/?product=palmier-chamaedorea\"]}]},{\"@type\":\"BreadcrumbList\",\"@id\":\"https:\/\/florajia.com\/?product=palmier-chamaedorea#breadcrumb\",\"itemListElement\":[{\"@type\":\"ListItem\",\"position\":1,\"name\":\"Home\",\"item\":\"https:\/\/florajia.com\/\"},{\"@type\":\"ListItem\",\"position\":2,\"name\":\"Shop\",\"item\":\"https:\/\/florajia.com\/?page_id=345\"},{\"@type\":\"ListItem\",\"position\":3,\"name\":\"palmier chamaedorea\"}]},{\"@type\":\"WebSite\",\"@id\":\"https:\/\/florajia.com\/#website\",\"url\":\"https:\/\/florajia.com\/\",\"name\":\"www.Florajia.com\",\"description\":\"florajia c&#039;est un fleuriste   Sp\u00e9cialiste de livraison de bouquets de fleurs et rose qualite fleurissent  livraison partout \u00e0 Marrakech\",\"publisher\":{\"@id\":\"https:\/\/florajia.com\/#organization\"},\"potentialAction\":[{\"@type\":\"SearchAction\",\"target\":{\"@type\":\"EntryPoint\",\"urlTemplate\":\"https:\/\/florajia.com\/?s={search_term_string}\"},\"query-input\":\"required name=search_term_string\"}],\"inLanguage\":\"fr-FR\"},{\"@type\":\"Organization\",\"@id\":\"https:\/\/florajia.com\/#organization\",\"name\":\"Florajia\",\"url\":\"https:\/\/florajia.com\/\",\"logo\":{\"@type\":\"ImageObject\",\"inLanguage\":\"fr-FR\",\"@id\":\"https:\/\/florajia.com\/#\/schema\/logo\/image\/\",\"url\":\"https:\/\/florajia.com\/wp-content\/uploads\/2020\/02\/5e48499b45714_image_name-1.jpg\",\"contentUrl\":\"https:\/\/florajia.com\/wp-content\/uploads\/2020\/02\/5e48499b45714_image_name-1.jpg\",\"width\":512,\"height\":512,\"caption\":\"Florajia\"},\"image\":{\"@id\":\"https:\/\/florajia.com\/#\/schema\/logo\/image\/\"},\"sameAs\":[\"https:\/\/www.facebook.com\/florajiafleur\",\"https:\/\/twitter.com\/florajiafleur\",\"https:\/\/www.instagram.com\/florajiafleurs\",\"https:\/\/www.pinterest.com\/florajiafleurs\/\"]}]}<\/script>\n<!-- \/ Yoast SEO plugin. -->","yoast_head_json":{"title":"palmier chamaedorea - www.Florajia.com","robots":{"index":"index","follow":"follow","max-snippet":"max-snippet:-1","max-image-preview":"max-image-preview:large","max-video-preview":"max-video-preview:-1"},"canonical":"https:\/\/florajia.com\/?product=palmier-chamaedorea","og_locale":"fr_FR","og_type":"article","og_title":"palmier chamaedorea - www.Florajia.com","og_description":"Le Chamaedora est un petit palmier tr\u00e8s r\u00e9pandu, originaire d'Am\u00e9rique du Sud.  Plus produit: - adapt\u00e9 aux petits espaces - feuilles tr\u00e8s souples - grande .plus florajia offert une arrosoir cadeau.","og_url":"https:\/\/florajia.com\/?product=palmier-chamaedorea","og_site_name":"www.Florajia.com","article_publisher":"https:\/\/www.facebook.com\/florajiafleur","article_modified_time":"2022-04-26T01:59:35+00:00","og_image":[{"width":1080,"height":1080,"url":"https:\/\/florajia.com\/wp-content\/uploads\/2015\/01\/palmier-chamaedorea-1.png","type":"image\/png"}],"twitter_card":"summary_large_image","twitter_site":"@florajiafleur","twitter_misc":{"Dur\u00e9e de lecture estim\u00e9e":"1 minute"},"schema":{"@context":"https:\/\/schema.org","@graph":[{"@type":"WebPage","@id":"https:\/\/florajia.com\/?product=palmier-chamaedorea","url":"https:\/\/florajia.com\/?product=palmier-chamaedorea","name":"palmier chamaedorea - www.Florajia.com","isPartOf":{"@id":"https:\/\/florajia.com\/#website"},"datePublished":"2015-01-29T07:20:46+00:00","dateModified":"2022-04-26T01:59:35+00:00","breadcrumb":{"@id":"https:\/\/florajia.com\/?product=palmier-chamaedorea#breadcrumb"},"inLanguage":"fr-FR","potentialAction":[{"@type":"ReadAction","target":["https:\/\/florajia.com\/?product=palmier-chamaedorea"]}]},{"@type":"BreadcrumbList","@id":"https:\/\/florajia.com\/?product=palmier-chamaedorea#breadcrumb","itemListElement":[{"@type":"ListItem","position":1,"name":"Home","item":"https:\/\/florajia.com\/"},{"@type":"ListItem","position":2,"name":"Shop","item":"https:\/\/florajia.com\/?page_id=345"},{"@type":"ListItem","position":3,"name":"palmier chamaedorea"}]},{"@type":"WebSite","@id":"https:\/\/florajia.com\/#website","url":"https:\/\/florajia.com\/","name":"www.Florajia.com","description":"florajia c&#039;est un fleuriste   Sp\u00e9cialiste de livraison de bouquets de fleurs et rose qualite fleurissent  livraison partout \u00e0 Marrakech","publisher":{"@id":"https:\/\/florajia.com\/#organization"},"potentialAction":[{"@type":"SearchAction","target":{"@type":"EntryPoint","urlTemplate":"https:\/\/florajia.com\/?s={search_term_string}"},"query-input":"required name=search_term_string"}],"inLanguage":"fr-FR"},{"@type":"Organization","@id":"https:\/\/florajia.com\/#organization","name":"Florajia","url":"https:\/\/florajia.com\/","logo":{"@type":"ImageObject","inLanguage":"fr-FR","@id":"https:\/\/florajia.com\/#\/schema\/logo\/image\/","url":"https:\/\/florajia.com\/wp-content\/uploads\/2020\/02\/5e48499b45714_image_name-1.jpg","contentUrl":"https:\/\/florajia.com\/wp-content\/uploads\/2020\/02\/5e48499b45714_image_name-1.jpg","width":512,"height":512,"caption":"Florajia"},"image":{"@id":"https:\/\/florajia.com\/#\/schema\/logo\/image\/"},"sameAs":["https:\/\/www.facebook.com\/florajiafleur","https:\/\/twitter.com\/florajiafleur","https:\/\/www.instagram.com\/florajiafleurs","https:\/\/www.pinterest.com\/florajiafleurs\/"]}]}},"_links":{"self":[{"href":"https:\/\/florajia.com\/index.php?rest_route=\/wp\/v2\/product\/30"}],"collection":[{"href":"https:\/\/florajia.com\/index.php?rest_route=\/wp\/v2\/product"}],"about":[{"href":"https:\/\/florajia.com\/index.php?rest_route=\/wp\/v2\/types\/product"}],"replies":[{"embeddable":true,"href":"https:\/\/florajia.com\/index.php?rest_route=%2Fwp%2Fv2%2Fcomments&post=30"}],"wp:featuredmedia":[{"embeddable":true,"href":"https:\/\/florajia.com\/index.php?rest_route=\/wp\/v2\/media\/8691"}],"wp:attachment":[{"href":"https:\/\/florajia.com\/index.php?rest_route=%2Fwp%2Fv2%2Fmedia&parent=30"}],"wp:term":[{"taxonomy":"product_cat","embeddable":true,"href":"https:\/\/florajia.com\/index.php?rest_route=%2Fwp%2Fv2%2Fproduct_cat&post=30"},{"taxonomy":"product_tag","embeddable":true,"href":"https:\/\/florajia.com\/index.php?rest_route=%2Fwp%2Fv2%2Fproduct_tag&post=30"}],"curies":[{"name":"wp","href":"https:\/\/api.w.org\/{rel}","templated":true}]}}