{"id":8451,"date":"2020-02-07T19:50:12","date_gmt":"2020-02-07T16:50:12","guid":{"rendered":"http:\/\/florajia.com\/?post_type=product&#038;p=8451"},"modified":"2025-11-01T10:43:45","modified_gmt":"2025-11-01T07:43:45","slug":"boite-de-fleur","status":"publish","type":"product","link":"https:\/\/florajia.com\/?product=boite-de-fleur","title":{"rendered":"bo\u00eete de fleur"},"content":{"rendered":"<style type=\"text\/css\"><!--td {border: 1px solid #ccc;}br {mso-data-placement:same-cell;}--><\/style>\n<p>Une bo\u00eete de fleurs, c\u2019est une petite bo\u00eete de fleurs emball\u00e9e, c\u2019est aussi une bo\u00eete de fleurs d\u00e9corative, un cadeau de fleurs. On peut l\u2019assortir \u00e0 toutes les tenues, la mettre sur un chevet, la poser sur une table. On peut l\u2019offrir parce que c\u2019est une bo\u00eete de fleurs, mais on peut aussi l\u2019offrir parce qu\u2019elle contient de l\u2019amour. C\u2019est un cadeau qui dure toute la<\/p>\n","protected":false},"excerpt":{"rendered":"<style type=\"text\/css\"><!--td {border: 1px solid #ccc;}br {mso-data-placement:same-cell;}--><\/style>\n<p><span data-sheets-value=\"{&quot;1&quot;:2,&quot;2&quot;:&quot;Cette bo\u00eete de roses rouges et blanches est des mains d'une cr\u00e9ativit\u00e9 inspirante avec une touche de tendresse pour en faire un moment de familiarit\u00e9 et d'amour comme cadeau pour toutes occasions \\nplus florajia offert une nounousr cadeau.&quot;}\" data-sheets-userformat=\"{&quot;2&quot;:513,&quot;3&quot;:{&quot;1&quot;:0},&quot;12&quot;:0}\">Cette bo\u00eete de roses rouges et\u00a0 est des mains d&rsquo;une cr\u00e9ativit\u00e9 inspirante avec une touche de tendresse pour en faire un moment de familiarit\u00e9 et d&rsquo;amour comme cadeau pour toutes occasions<br \/>\nplus florajia offert une nounousr cadeau.<\/span><\/p>\n<p><img decoding=\"async\" loading=\"lazy\" class=\"alignnone wp-image-13330 size-medium\" src=\"https:\/\/florajia.com\/wp-content\/uploads\/2022\/04\/paiement-en-ligne-10-securise-2-removebg-preview-300x72.png\" alt=\"\" width=\"300\" height=\"72\" srcset=\"https:\/\/florajia.com\/wp-content\/uploads\/2022\/04\/paiement-en-ligne-10-securise-2-removebg-preview-300x72.png 300w, https:\/\/florajia.com\/wp-content\/uploads\/2022\/04\/paiement-en-ligne-10-securise-2-removebg-preview-600x144.png 600w, https:\/\/florajia.com\/wp-content\/uploads\/2022\/04\/paiement-en-ligne-10-securise-2-removebg-preview.png 769w\" sizes=\"(max-width: 300px) 100vw, 300px\" \/><\/p>\n","protected":false},"featured_media":13380,"comment_status":"open","ping_status":"closed","template":"","meta":{"_joinchat":[]},"product_cat":[49],"product_tag":[],"yoast_head":"<!-- This site is optimized with the Yoast SEO plugin v20.13 - https:\/\/yoast.com\/wordpress\/plugins\/seo\/ -->\n<title>bo\u00eete de fleur une bo\u00eete de fleurs d\u00e9corative, un cadeau de fleurs.<\/title>\n<meta name=\"description\" content=\"boite de rose rouge id\u00e9alement pour une message d&#039;amour pour tout les occasion amoures la vie en rose id\u00e9alement pour tout les occasion\" \/>\n<meta name=\"robots\" content=\"index, follow, max-snippet:-1, max-image-preview:large, max-video-preview:-1\" \/>\n<link rel=\"canonical\" href=\"https:\/\/florajia.com\/?product=boite-de-fleur\" \/>\n<meta property=\"og:locale\" content=\"fr_FR\" \/>\n<meta property=\"og:type\" content=\"article\" \/>\n<meta property=\"og:title\" content=\"bo\u00eete de fleur une bo\u00eete de fleurs d\u00e9corative, un cadeau de fleurs.\" \/>\n<meta property=\"og:description\" content=\"boite de rose rouge id\u00e9alement pour une message d&#039;amour pour tout les occasion amoures la vie en rose id\u00e9alement pour tout les occasion\" \/>\n<meta property=\"og:url\" content=\"https:\/\/florajia.com\/?product=boite-de-fleur\" \/>\n<meta property=\"og:site_name\" content=\"www.Florajia.com\" \/>\n<meta property=\"article:publisher\" content=\"https:\/\/www.facebook.com\/florajiafleur\" \/>\n<meta property=\"article:modified_time\" content=\"2025-11-01T07:43:45+00:00\" \/>\n<meta property=\"og:image\" content=\"https:\/\/florajia.com\/wp-content\/uploads\/2020\/02\/boite-de-rose-rouge-1-2.png\" \/>\n\t<meta property=\"og:image:width\" content=\"1080\" \/>\n\t<meta property=\"og:image:height\" content=\"1080\" \/>\n\t<meta property=\"og:image:type\" content=\"image\/png\" \/>\n<meta name=\"twitter:card\" content=\"summary_large_image\" \/>\n<meta name=\"twitter:site\" content=\"@florajiafleur\" \/>\n<meta name=\"twitter:label1\" content=\"Dur\u00e9e de lecture estim\u00e9e\" \/>\n\t<meta name=\"twitter:data1\" content=\"1 minute\" \/>\n<script type=\"application\/ld+json\" class=\"yoast-schema-graph\">{\"@context\":\"https:\/\/schema.org\",\"@graph\":[{\"@type\":\"WebPage\",\"@id\":\"https:\/\/florajia.com\/?product=boite-de-fleur\",\"url\":\"https:\/\/florajia.com\/?product=boite-de-fleur\",\"name\":\"bo\u00eete de fleur une bo\u00eete de fleurs d\u00e9corative, un cadeau de fleurs.\",\"isPartOf\":{\"@id\":\"https:\/\/florajia.com\/#website\"},\"datePublished\":\"2020-02-07T16:50:12+00:00\",\"dateModified\":\"2025-11-01T07:43:45+00:00\",\"description\":\"boite de rose rouge id\u00e9alement pour une message d'amour pour tout les occasion amoures la vie en rose id\u00e9alement pour tout les occasion\",\"breadcrumb\":{\"@id\":\"https:\/\/florajia.com\/?product=boite-de-fleur#breadcrumb\"},\"inLanguage\":\"fr-FR\",\"potentialAction\":[{\"@type\":\"ReadAction\",\"target\":[\"https:\/\/florajia.com\/?product=boite-de-fleur\"]}]},{\"@type\":\"BreadcrumbList\",\"@id\":\"https:\/\/florajia.com\/?product=boite-de-fleur#breadcrumb\",\"itemListElement\":[{\"@type\":\"ListItem\",\"position\":1,\"name\":\"Home\",\"item\":\"https:\/\/florajia.com\/\"},{\"@type\":\"ListItem\",\"position\":2,\"name\":\"Shop\",\"item\":\"https:\/\/florajia.com\/?page_id=345\"},{\"@type\":\"ListItem\",\"position\":3,\"name\":\"bo\u00eete de fleur\"}]},{\"@type\":\"WebSite\",\"@id\":\"https:\/\/florajia.com\/#website\",\"url\":\"https:\/\/florajia.com\/\",\"name\":\"www.Florajia.com\",\"description\":\"florajia c&#039;est un fleuriste   Sp\u00e9cialiste de livraison de bouquets de fleurs et rose qualite fleurissent  livraison partout \u00e0 Marrakech\",\"publisher\":{\"@id\":\"https:\/\/florajia.com\/#organization\"},\"potentialAction\":[{\"@type\":\"SearchAction\",\"target\":{\"@type\":\"EntryPoint\",\"urlTemplate\":\"https:\/\/florajia.com\/?s={search_term_string}\"},\"query-input\":\"required name=search_term_string\"}],\"inLanguage\":\"fr-FR\"},{\"@type\":\"Organization\",\"@id\":\"https:\/\/florajia.com\/#organization\",\"name\":\"Florajia\",\"url\":\"https:\/\/florajia.com\/\",\"logo\":{\"@type\":\"ImageObject\",\"inLanguage\":\"fr-FR\",\"@id\":\"https:\/\/florajia.com\/#\/schema\/logo\/image\/\",\"url\":\"https:\/\/florajia.com\/wp-content\/uploads\/2020\/02\/5e48499b45714_image_name-1.jpg\",\"contentUrl\":\"https:\/\/florajia.com\/wp-content\/uploads\/2020\/02\/5e48499b45714_image_name-1.jpg\",\"width\":512,\"height\":512,\"caption\":\"Florajia\"},\"image\":{\"@id\":\"https:\/\/florajia.com\/#\/schema\/logo\/image\/\"},\"sameAs\":[\"https:\/\/www.facebook.com\/florajiafleur\",\"https:\/\/twitter.com\/florajiafleur\",\"https:\/\/www.instagram.com\/florajiafleurs\",\"https:\/\/www.pinterest.com\/florajiafleurs\/\"]}]}<\/script>\n<!-- \/ Yoast SEO plugin. -->","yoast_head_json":{"title":"bo\u00eete de fleur une bo\u00eete de fleurs d\u00e9corative, un cadeau de fleurs.","description":"boite de rose rouge id\u00e9alement pour une message d'amour pour tout les occasion amoures la vie en rose id\u00e9alement pour tout les occasion","robots":{"index":"index","follow":"follow","max-snippet":"max-snippet:-1","max-image-preview":"max-image-preview:large","max-video-preview":"max-video-preview:-1"},"canonical":"https:\/\/florajia.com\/?product=boite-de-fleur","og_locale":"fr_FR","og_type":"article","og_title":"bo\u00eete de fleur une bo\u00eete de fleurs d\u00e9corative, un cadeau de fleurs.","og_description":"boite de rose rouge id\u00e9alement pour une message d'amour pour tout les occasion amoures la vie en rose id\u00e9alement pour tout les occasion","og_url":"https:\/\/florajia.com\/?product=boite-de-fleur","og_site_name":"www.Florajia.com","article_publisher":"https:\/\/www.facebook.com\/florajiafleur","article_modified_time":"2025-11-01T07:43:45+00:00","og_image":[{"width":1080,"height":1080,"url":"https:\/\/florajia.com\/wp-content\/uploads\/2020\/02\/boite-de-rose-rouge-1-2.png","type":"image\/png"}],"twitter_card":"summary_large_image","twitter_site":"@florajiafleur","twitter_misc":{"Dur\u00e9e de lecture estim\u00e9e":"1 minute"},"schema":{"@context":"https:\/\/schema.org","@graph":[{"@type":"WebPage","@id":"https:\/\/florajia.com\/?product=boite-de-fleur","url":"https:\/\/florajia.com\/?product=boite-de-fleur","name":"bo\u00eete de fleur une bo\u00eete de fleurs d\u00e9corative, un cadeau de fleurs.","isPartOf":{"@id":"https:\/\/florajia.com\/#website"},"datePublished":"2020-02-07T16:50:12+00:00","dateModified":"2025-11-01T07:43:45+00:00","description":"boite de rose rouge id\u00e9alement pour une message d'amour pour tout les occasion amoures la vie en rose id\u00e9alement pour tout les occasion","breadcrumb":{"@id":"https:\/\/florajia.com\/?product=boite-de-fleur#breadcrumb"},"inLanguage":"fr-FR","potentialAction":[{"@type":"ReadAction","target":["https:\/\/florajia.com\/?product=boite-de-fleur"]}]},{"@type":"BreadcrumbList","@id":"https:\/\/florajia.com\/?product=boite-de-fleur#breadcrumb","itemListElement":[{"@type":"ListItem","position":1,"name":"Home","item":"https:\/\/florajia.com\/"},{"@type":"ListItem","position":2,"name":"Shop","item":"https:\/\/florajia.com\/?page_id=345"},{"@type":"ListItem","position":3,"name":"bo\u00eete de fleur"}]},{"@type":"WebSite","@id":"https:\/\/florajia.com\/#website","url":"https:\/\/florajia.com\/","name":"www.Florajia.com","description":"florajia c&#039;est un fleuriste   Sp\u00e9cialiste de livraison de bouquets de fleurs et rose qualite fleurissent  livraison partout \u00e0 Marrakech","publisher":{"@id":"https:\/\/florajia.com\/#organization"},"potentialAction":[{"@type":"SearchAction","target":{"@type":"EntryPoint","urlTemplate":"https:\/\/florajia.com\/?s={search_term_string}"},"query-input":"required name=search_term_string"}],"inLanguage":"fr-FR"},{"@type":"Organization","@id":"https:\/\/florajia.com\/#organization","name":"Florajia","url":"https:\/\/florajia.com\/","logo":{"@type":"ImageObject","inLanguage":"fr-FR","@id":"https:\/\/florajia.com\/#\/schema\/logo\/image\/","url":"https:\/\/florajia.com\/wp-content\/uploads\/2020\/02\/5e48499b45714_image_name-1.jpg","contentUrl":"https:\/\/florajia.com\/wp-content\/uploads\/2020\/02\/5e48499b45714_image_name-1.jpg","width":512,"height":512,"caption":"Florajia"},"image":{"@id":"https:\/\/florajia.com\/#\/schema\/logo\/image\/"},"sameAs":["https:\/\/www.facebook.com\/florajiafleur","https:\/\/twitter.com\/florajiafleur","https:\/\/www.instagram.com\/florajiafleurs","https:\/\/www.pinterest.com\/florajiafleurs\/"]}]}},"_links":{"self":[{"href":"https:\/\/florajia.com\/index.php?rest_route=\/wp\/v2\/product\/8451"}],"collection":[{"href":"https:\/\/florajia.com\/index.php?rest_route=\/wp\/v2\/product"}],"about":[{"href":"https:\/\/florajia.com\/index.php?rest_route=\/wp\/v2\/types\/product"}],"replies":[{"embeddable":true,"href":"https:\/\/florajia.com\/index.php?rest_route=%2Fwp%2Fv2%2Fcomments&post=8451"}],"wp:featuredmedia":[{"embeddable":true,"href":"https:\/\/florajia.com\/index.php?rest_route=\/wp\/v2\/media\/13380"}],"wp:attachment":[{"href":"https:\/\/florajia.com\/index.php?rest_route=%2Fwp%2Fv2%2Fmedia&parent=8451"}],"wp:term":[{"taxonomy":"product_cat","embeddable":true,"href":"https:\/\/florajia.com\/index.php?rest_route=%2Fwp%2Fv2%2Fproduct_cat&post=8451"},{"taxonomy":"product_tag","embeddable":true,"href":"https:\/\/florajia.com\/index.php?rest_route=%2Fwp%2Fv2%2Fproduct_tag&post=8451"}],"curies":[{"name":"wp","href":"https:\/\/api.w.org\/{rel}","templated":true}]}}