{"id":8498,"date":"2020-02-08T16:14:34","date_gmt":"2020-02-08T13:14:34","guid":{"rendered":"http:\/\/florajia.com\/?post_type=product&#038;p=8498"},"modified":"2024-03-17T02:34:32","modified_gmt":"2024-03-16T23:34:32","slug":"joyeux-anniversaire-mon-amour","status":"publish","type":"product","link":"https:\/\/florajia.com\/?product=joyeux-anniversaire-mon-amour","title":{"rendered":"joyeux anniversaire"},"content":{"rendered":"<style type=\"text\/css\"><!--td {border: 1px solid #ccc;}br {mso-data-placement:same-cell;}--><\/style>\n<p>&nbsp;<\/p>\n<hr \/>\n<p>Ce bouquet color\u00e9 et festif est sp\u00e9cialement con\u00e7u pour c\u00e9l\u00e9brer ce jour sp\u00e9cial ! Compos\u00e9 d&rsquo;une vari\u00e9t\u00e9 de fleurs vibrantes telles que des roses rouges symbolisant l&rsquo;amour, des marguerites blanches \u00e9voquant l&rsquo;innocence et des tulipes jaunes repr\u00e9sentant la joie, ce bouquet est un v\u00e9ritable \u00e9clat de bonheur. Agr\u00e9ment\u00e9 de verdure luxuriante et de rubans assortis, ce bouquet rayonnant est le cadeau parfait pour souhaiter un joyeux anniversaire \u00e0 un \u00eatre cher. Que chaque fleur \u00e9voque des souvenirs heureux et que ce bouquet apporte une journ\u00e9e remplie de sourires et de moments inoubliables !<\/p>\n","protected":false},"excerpt":{"rendered":"<style type=\"text\/css\"><!--td {border: 1px solid #ccc;}br {mso-data-placement:same-cell;}--><\/style>\n<p>C\u00e9l\u00e9brez ce jour sp\u00e9cial avec notre magnifique bouquet Joyeux Anniversaire ! Compos\u00e9 de fleurs \u00e9clatantes dans une palette de couleurs vibrantes, ce bouquet est un v\u00e9ritable festin visuel. Des roses rouges passionn\u00e9es aux marguerites joyeuses, chaque fleur est soigneusement s\u00e9lectionn\u00e9e pour symboliser la joie et la c\u00e9l\u00e9bration. Accompagn\u00e9 de verdure luxuriante, ce bouquet apportera un sourire radieux \u00e0 l&rsquo;\u00eatre cher qui c\u00e9l\u00e8bre son anniversaire. Avec ses accents de rubans color\u00e9s et son emballage \u00e9l\u00e9gant, ce bouquet est le cadeau parfait pour exprimer vos v\u0153ux les plus chaleureux \u00e0 l&rsquo;occasion de cette journ\u00e9e sp\u00e9ciale<\/p>\n","protected":false},"featured_media":8744,"comment_status":"open","ping_status":"closed","template":"","meta":{"_joinchat":[]},"product_cat":[70],"product_tag":[],"yoast_head":"<!-- This site is optimized with the Yoast SEO plugin v20.13 - https:\/\/yoast.com\/wordpress\/plugins\/seo\/ -->\n<title>&quot;Fleurs d&#039;Anniversaire : Des Bouquets \u00c9poustouflants pour Marquer<\/title>\n<meta name=\"description\" content=\"&quot;Offrez un bouquet d&#039;anniversaire \u00e9clatant pour c\u00e9l\u00e9brer cette journ\u00e9e sp\u00e9ciale. Nos arrangements de fleurs fra\u00eeches et color\u00e9es apportent joie et bonheur\" \/>\n<meta name=\"robots\" content=\"index, follow, max-snippet:-1, max-image-preview:large, max-video-preview:-1\" \/>\n<link rel=\"canonical\" href=\"https:\/\/florajia.com\/?product=joyeux-anniversaire-mon-amour\" \/>\n<meta property=\"og:locale\" content=\"fr_FR\" \/>\n<meta property=\"og:type\" content=\"article\" \/>\n<meta property=\"og:title\" content=\"&quot;Fleurs d&#039;Anniversaire : Des Bouquets \u00c9poustouflants pour Marquer\" \/>\n<meta property=\"og:description\" content=\"&quot;Offrez un bouquet d&#039;anniversaire \u00e9clatant pour c\u00e9l\u00e9brer cette journ\u00e9e sp\u00e9ciale. Nos arrangements de fleurs fra\u00eeches et color\u00e9es apportent joie et bonheur\" \/>\n<meta property=\"og:url\" content=\"https:\/\/florajia.com\/?product=joyeux-anniversaire-mon-amour\" \/>\n<meta property=\"og:site_name\" content=\"www.Florajia.com\" \/>\n<meta property=\"article:publisher\" content=\"https:\/\/www.facebook.com\/florajiafleur\" \/>\n<meta property=\"article:modified_time\" content=\"2024-03-16T23:34:32+00:00\" \/>\n<meta property=\"og:image\" content=\"https:\/\/florajia.com\/wp-content\/uploads\/2020\/02\/BOUQUET-DE-ROSES-101-FUCHSIA0ABOUQUET-DE-ROSES-101-FUCHSIABOUQUET-DE-ROSES-101-FUCHSIABOUQUET-DE-ROSES-101-FUCHSIA0ABOUQUET-DE-ROSES-101-FUCHSIA0ABOUQUET-DE-ROSES-101-FUCHSIA0A-1.png\" \/>\n\t<meta property=\"og:image:width\" content=\"1080\" \/>\n\t<meta property=\"og:image:height\" content=\"1080\" \/>\n\t<meta property=\"og:image:type\" content=\"image\/png\" \/>\n<meta name=\"twitter:card\" content=\"summary_large_image\" \/>\n<meta name=\"twitter:site\" content=\"@florajiafleur\" \/>\n<meta name=\"twitter:label1\" content=\"Dur\u00e9e de lecture estim\u00e9e\" \/>\n\t<meta name=\"twitter:data1\" content=\"1 minute\" \/>\n<script type=\"application\/ld+json\" class=\"yoast-schema-graph\">{\"@context\":\"https:\/\/schema.org\",\"@graph\":[{\"@type\":\"WebPage\",\"@id\":\"https:\/\/florajia.com\/?product=joyeux-anniversaire-mon-amour\",\"url\":\"https:\/\/florajia.com\/?product=joyeux-anniversaire-mon-amour\",\"name\":\"\\\"Fleurs d'Anniversaire : Des Bouquets \u00c9poustouflants pour Marquer\",\"isPartOf\":{\"@id\":\"https:\/\/florajia.com\/#website\"},\"datePublished\":\"2020-02-08T13:14:34+00:00\",\"dateModified\":\"2024-03-16T23:34:32+00:00\",\"description\":\"\\\"Offrez un bouquet d'anniversaire \u00e9clatant pour c\u00e9l\u00e9brer cette journ\u00e9e sp\u00e9ciale. Nos arrangements de fleurs fra\u00eeches et color\u00e9es apportent joie et bonheur\",\"breadcrumb\":{\"@id\":\"https:\/\/florajia.com\/?product=joyeux-anniversaire-mon-amour#breadcrumb\"},\"inLanguage\":\"fr-FR\",\"potentialAction\":[{\"@type\":\"ReadAction\",\"target\":[\"https:\/\/florajia.com\/?product=joyeux-anniversaire-mon-amour\"]}]},{\"@type\":\"BreadcrumbList\",\"@id\":\"https:\/\/florajia.com\/?product=joyeux-anniversaire-mon-amour#breadcrumb\",\"itemListElement\":[{\"@type\":\"ListItem\",\"position\":1,\"name\":\"Home\",\"item\":\"https:\/\/florajia.com\/\"},{\"@type\":\"ListItem\",\"position\":2,\"name\":\"Shop\",\"item\":\"https:\/\/florajia.com\/?page_id=345\"},{\"@type\":\"ListItem\",\"position\":3,\"name\":\"joyeux anniversaire\"}]},{\"@type\":\"WebSite\",\"@id\":\"https:\/\/florajia.com\/#website\",\"url\":\"https:\/\/florajia.com\/\",\"name\":\"www.Florajia.com\",\"description\":\"florajia c&#039;est un fleuriste   Sp\u00e9cialiste de livraison de bouquets de fleurs et rose qualite fleurissent  livraison partout \u00e0 Marrakech\",\"publisher\":{\"@id\":\"https:\/\/florajia.com\/#organization\"},\"potentialAction\":[{\"@type\":\"SearchAction\",\"target\":{\"@type\":\"EntryPoint\",\"urlTemplate\":\"https:\/\/florajia.com\/?s={search_term_string}\"},\"query-input\":\"required name=search_term_string\"}],\"inLanguage\":\"fr-FR\"},{\"@type\":\"Organization\",\"@id\":\"https:\/\/florajia.com\/#organization\",\"name\":\"Florajia\",\"url\":\"https:\/\/florajia.com\/\",\"logo\":{\"@type\":\"ImageObject\",\"inLanguage\":\"fr-FR\",\"@id\":\"https:\/\/florajia.com\/#\/schema\/logo\/image\/\",\"url\":\"https:\/\/florajia.com\/wp-content\/uploads\/2020\/02\/5e48499b45714_image_name-1.jpg\",\"contentUrl\":\"https:\/\/florajia.com\/wp-content\/uploads\/2020\/02\/5e48499b45714_image_name-1.jpg\",\"width\":512,\"height\":512,\"caption\":\"Florajia\"},\"image\":{\"@id\":\"https:\/\/florajia.com\/#\/schema\/logo\/image\/\"},\"sameAs\":[\"https:\/\/www.facebook.com\/florajiafleur\",\"https:\/\/twitter.com\/florajiafleur\",\"https:\/\/www.instagram.com\/florajiafleurs\",\"https:\/\/www.pinterest.com\/florajiafleurs\/\"]}]}<\/script>\n<!-- \/ Yoast SEO plugin. -->","yoast_head_json":{"title":"\"Fleurs d'Anniversaire : Des Bouquets \u00c9poustouflants pour Marquer","description":"\"Offrez un bouquet d'anniversaire \u00e9clatant pour c\u00e9l\u00e9brer cette journ\u00e9e sp\u00e9ciale. Nos arrangements de fleurs fra\u00eeches et color\u00e9es apportent joie et bonheur","robots":{"index":"index","follow":"follow","max-snippet":"max-snippet:-1","max-image-preview":"max-image-preview:large","max-video-preview":"max-video-preview:-1"},"canonical":"https:\/\/florajia.com\/?product=joyeux-anniversaire-mon-amour","og_locale":"fr_FR","og_type":"article","og_title":"\"Fleurs d'Anniversaire : Des Bouquets \u00c9poustouflants pour Marquer","og_description":"\"Offrez un bouquet d'anniversaire \u00e9clatant pour c\u00e9l\u00e9brer cette journ\u00e9e sp\u00e9ciale. Nos arrangements de fleurs fra\u00eeches et color\u00e9es apportent joie et bonheur","og_url":"https:\/\/florajia.com\/?product=joyeux-anniversaire-mon-amour","og_site_name":"www.Florajia.com","article_publisher":"https:\/\/www.facebook.com\/florajiafleur","article_modified_time":"2024-03-16T23:34:32+00:00","og_image":[{"width":1080,"height":1080,"url":"https:\/\/florajia.com\/wp-content\/uploads\/2020\/02\/BOUQUET-DE-ROSES-101-FUCHSIA0ABOUQUET-DE-ROSES-101-FUCHSIABOUQUET-DE-ROSES-101-FUCHSIABOUQUET-DE-ROSES-101-FUCHSIA0ABOUQUET-DE-ROSES-101-FUCHSIA0ABOUQUET-DE-ROSES-101-FUCHSIA0A-1.png","type":"image\/png"}],"twitter_card":"summary_large_image","twitter_site":"@florajiafleur","twitter_misc":{"Dur\u00e9e de lecture estim\u00e9e":"1 minute"},"schema":{"@context":"https:\/\/schema.org","@graph":[{"@type":"WebPage","@id":"https:\/\/florajia.com\/?product=joyeux-anniversaire-mon-amour","url":"https:\/\/florajia.com\/?product=joyeux-anniversaire-mon-amour","name":"\"Fleurs d'Anniversaire : Des Bouquets \u00c9poustouflants pour Marquer","isPartOf":{"@id":"https:\/\/florajia.com\/#website"},"datePublished":"2020-02-08T13:14:34+00:00","dateModified":"2024-03-16T23:34:32+00:00","description":"\"Offrez un bouquet d'anniversaire \u00e9clatant pour c\u00e9l\u00e9brer cette journ\u00e9e sp\u00e9ciale. Nos arrangements de fleurs fra\u00eeches et color\u00e9es apportent joie et bonheur","breadcrumb":{"@id":"https:\/\/florajia.com\/?product=joyeux-anniversaire-mon-amour#breadcrumb"},"inLanguage":"fr-FR","potentialAction":[{"@type":"ReadAction","target":["https:\/\/florajia.com\/?product=joyeux-anniversaire-mon-amour"]}]},{"@type":"BreadcrumbList","@id":"https:\/\/florajia.com\/?product=joyeux-anniversaire-mon-amour#breadcrumb","itemListElement":[{"@type":"ListItem","position":1,"name":"Home","item":"https:\/\/florajia.com\/"},{"@type":"ListItem","position":2,"name":"Shop","item":"https:\/\/florajia.com\/?page_id=345"},{"@type":"ListItem","position":3,"name":"joyeux anniversaire"}]},{"@type":"WebSite","@id":"https:\/\/florajia.com\/#website","url":"https:\/\/florajia.com\/","name":"www.Florajia.com","description":"florajia c&#039;est un fleuriste   Sp\u00e9cialiste de livraison de bouquets de fleurs et rose qualite fleurissent  livraison partout \u00e0 Marrakech","publisher":{"@id":"https:\/\/florajia.com\/#organization"},"potentialAction":[{"@type":"SearchAction","target":{"@type":"EntryPoint","urlTemplate":"https:\/\/florajia.com\/?s={search_term_string}"},"query-input":"required name=search_term_string"}],"inLanguage":"fr-FR"},{"@type":"Organization","@id":"https:\/\/florajia.com\/#organization","name":"Florajia","url":"https:\/\/florajia.com\/","logo":{"@type":"ImageObject","inLanguage":"fr-FR","@id":"https:\/\/florajia.com\/#\/schema\/logo\/image\/","url":"https:\/\/florajia.com\/wp-content\/uploads\/2020\/02\/5e48499b45714_image_name-1.jpg","contentUrl":"https:\/\/florajia.com\/wp-content\/uploads\/2020\/02\/5e48499b45714_image_name-1.jpg","width":512,"height":512,"caption":"Florajia"},"image":{"@id":"https:\/\/florajia.com\/#\/schema\/logo\/image\/"},"sameAs":["https:\/\/www.facebook.com\/florajiafleur","https:\/\/twitter.com\/florajiafleur","https:\/\/www.instagram.com\/florajiafleurs","https:\/\/www.pinterest.com\/florajiafleurs\/"]}]}},"_links":{"self":[{"href":"https:\/\/florajia.com\/index.php?rest_route=\/wp\/v2\/product\/8498"}],"collection":[{"href":"https:\/\/florajia.com\/index.php?rest_route=\/wp\/v2\/product"}],"about":[{"href":"https:\/\/florajia.com\/index.php?rest_route=\/wp\/v2\/types\/product"}],"replies":[{"embeddable":true,"href":"https:\/\/florajia.com\/index.php?rest_route=%2Fwp%2Fv2%2Fcomments&post=8498"}],"wp:featuredmedia":[{"embeddable":true,"href":"https:\/\/florajia.com\/index.php?rest_route=\/wp\/v2\/media\/8744"}],"wp:attachment":[{"href":"https:\/\/florajia.com\/index.php?rest_route=%2Fwp%2Fv2%2Fmedia&parent=8498"}],"wp:term":[{"taxonomy":"product_cat","embeddable":true,"href":"https:\/\/florajia.com\/index.php?rest_route=%2Fwp%2Fv2%2Fproduct_cat&post=8498"},{"taxonomy":"product_tag","embeddable":true,"href":"https:\/\/florajia.com\/index.php?rest_route=%2Fwp%2Fv2%2Fproduct_tag&post=8498"}],"curies":[{"name":"wp","href":"https:\/\/api.w.org\/{rel}","templated":true}]}}