{"id":8501,"date":"2020-02-08T16:14:55","date_gmt":"2020-02-08T13:14:55","guid":{"rendered":"http:\/\/florajia.com\/?post_type=product&#038;p=8501"},"modified":"2025-10-10T19:37:58","modified_gmt":"2025-10-10T16:37:58","slug":"bouquet-de-fleur-blanche","status":"publish","type":"product","link":"https:\/\/florajia.com\/?product=bouquet-de-fleur-blanche","title":{"rendered":"bouquet de  fleur blanche"},"content":{"rendered":"<style type=\"text\/css\"><!--td {border: 1px solid #ccc;}br {mso-data-placement:same-cell;}--><\/style>\n<div id=\"slipperydevil\" class=\"css-1o44it5\">\n<div>\n<div id=\"editorDisplay\">\n<div class=\"DraftEditor-root\">\n<div class=\"DraftEditor-editorContainer\">\n<div class=\"notranslate public-DraftEditor-content\" role=\"textbox\" contenteditable=\"true\" spellcheck=\"false\">\n<div data-contents=\"true\">\n<div class=\"\" contenteditable=\"true\" data-block=\"true\" data-editor=\"9khn3\" data-offset-key=\"aoccb-0-0\">\n<div>\n<div class=\"public-DraftStyleDefault-block public-DraftStyleDefault-ltr\" data-offset-key=\"aoccb-0-0\"><span data-offset-key=\"aoccb-0-0\">Une petite touche de fleurs dans une d\u00e9co peut donner un petit air de printemps. Dans notre int\u00e9rieure, une petite touche de fleurs peut \u00e9gayer un int\u00e9rieur, donner du c\u0153ur \u00e0 un d\u00e9cor neutre ou encore renforcer un certain c\u00f4t\u00e9 romantique. D\u00e9couvrez nos id\u00e9es de bouquets de fleurs pour vos projets int\u00e9rieurs.<\/span><\/div>\n<\/div>\n<\/div>\n<div class=\"\" contenteditable=\"true\" data-block=\"true\" data-editor=\"9khn3\" data-offset-key=\"2hbc-0-0\">\n<div>\n<div class=\"public-DraftStyleDefault-block public-DraftStyleDefault-ltr\" data-offset-key=\"2hbc-0-0\"><span data-offset-key=\"2hbc-0-0\">La fleur est un merveilleux symbole d\u2019amour, d\u2019\u00e9vasion, de puret\u00e9 et de beaut\u00e9. Elle est aussi un grand \u00e9crivain. Elle exprime le d\u00e9sir, la tristesse, la joie, la peine, la r\u00e9volte et bien d\u2019autres choses encore. C\u2019est pourquoi, dans cet article, nous allons parler du bouquet de fleur.<\/span><\/div>\n<\/div>\n<\/div>\n<div class=\"\" contenteditable=\"true\" data-block=\"true\" data-editor=\"9khn3\" data-offset-key=\"855c-0-0\">\n<div>\n<div class=\"public-DraftStyleDefault-block public-DraftStyleDefault-ltr\" data-offset-key=\"855c-0-0\"><span data-offset-key=\"855c-0-0\">\u00a0<\/span><\/div>\n<\/div>\n<\/div>\n<\/div>\n<\/div>\n<\/div>\n<\/div>\n<\/div>\n<\/div>\n<\/div>\n<div class=\"css-9x22j8 css-16ojjs0\">\n<div>\n<div class=\"css-1hjit3k\">\n<div class=\"css-1w920or\">\n<div class=\"css-cssveg\"><\/div>\n<\/div>\n<\/div>\n<\/div>\n<\/div>\n","protected":false},"excerpt":{"rendered":"<style type=\"text\/css\"><!--td {border: 1px solid #ccc;}br {mso-data-placement:same-cell;}--><\/style>\n<p><span data-sheets-value=\"{&quot;1&quot;:2,&quot;2&quot;:&quot;Un mot de remerciement qui a un fort impact sur les gens accompagn\u00e9 d'un bouquet de roses blan, les plus belles roses.Accompagn\u00e9 d'une bo\u00eete de chocolat, un cadeau gratuitement de florajia &quot;}\" data-sheets-userformat=\"{&quot;2&quot;:9025,&quot;3&quot;:{&quot;1&quot;:0},&quot;9&quot;:0,&quot;11&quot;:3,&quot;12&quot;:0,&quot;16&quot;:6}\">Un mot de remerciement qui a un fort impact sur les gens accompagn\u00e9 d&rsquo;un bouquet de roses blan, les plus belles roses.Accompagn\u00e9 d&rsquo;une bo\u00eete de chocolat, un cadeau gratuitement de florajia<\/span><\/p>\n<p><img decoding=\"async\" loading=\"lazy\" class=\"alignnone wp-image-13330 size-medium\" src=\"https:\/\/florajia.com\/wp-content\/uploads\/2022\/04\/paiement-en-ligne-10-securise-2-removebg-preview-300x72.png\" alt=\"\" width=\"300\" height=\"72\" srcset=\"https:\/\/florajia.com\/wp-content\/uploads\/2022\/04\/paiement-en-ligne-10-securise-2-removebg-preview-300x72.png 300w, https:\/\/florajia.com\/wp-content\/uploads\/2022\/04\/paiement-en-ligne-10-securise-2-removebg-preview-600x144.png 600w, https:\/\/florajia.com\/wp-content\/uploads\/2022\/04\/paiement-en-ligne-10-securise-2-removebg-preview.png 769w\" sizes=\"(max-width: 300px) 100vw, 300px\" \/><\/p>\n","protected":false},"featured_media":13376,"comment_status":"open","ping_status":"closed","template":"","meta":{"_joinchat":[]},"product_cat":[72],"product_tag":[],"yoast_head":"<!-- This site is optimized with the Yoast SEO plugin v20.13 - https:\/\/yoast.com\/wordpress\/plugins\/seo\/ -->\n<title>bouquet de fleur blanche a domicile a marrakech au maroc<\/title>\n<meta name=\"description\" content=\"bouquet de fleurs blanche livre a domicile a marrakech au maroc fleur qualit\u00e9 production marocaine fleurs et rose\" \/>\n<meta name=\"robots\" content=\"index, follow, max-snippet:-1, max-image-preview:large, max-video-preview:-1\" \/>\n<link rel=\"canonical\" href=\"https:\/\/florajia.com\/?product=bouquet-de-fleur-blanche\" \/>\n<meta property=\"og:locale\" content=\"fr_FR\" \/>\n<meta property=\"og:type\" content=\"article\" \/>\n<meta property=\"og:title\" content=\"bouquet de fleur blanche a domicile a marrakech au maroc\" \/>\n<meta property=\"og:description\" content=\"bouquet de fleurs blanche livre a domicile a marrakech au maroc fleur qualit\u00e9 production marocaine fleurs et rose\" \/>\n<meta property=\"og:url\" content=\"https:\/\/florajia.com\/?product=bouquet-de-fleur-blanche\" \/>\n<meta property=\"og:site_name\" content=\"www.Florajia.com\" \/>\n<meta property=\"article:publisher\" content=\"https:\/\/www.facebook.com\/florajiafleur\" \/>\n<meta property=\"article:modified_time\" content=\"2025-10-10T16:37:58+00:00\" \/>\n<meta property=\"og:image\" content=\"https:\/\/florajia.com\/wp-content\/uploads\/2020\/02\/bouquet-de-fleurs..png\" \/>\n\t<meta property=\"og:image:width\" content=\"1080\" \/>\n\t<meta property=\"og:image:height\" content=\"1080\" \/>\n\t<meta property=\"og:image:type\" content=\"image\/png\" \/>\n<meta name=\"twitter:card\" content=\"summary_large_image\" \/>\n<meta name=\"twitter:site\" content=\"@florajiafleur\" \/>\n<meta name=\"twitter:label1\" content=\"Dur\u00e9e de lecture estim\u00e9e\" \/>\n\t<meta name=\"twitter:data1\" content=\"1 minute\" \/>\n<script type=\"application\/ld+json\" class=\"yoast-schema-graph\">{\"@context\":\"https:\/\/schema.org\",\"@graph\":[{\"@type\":\"WebPage\",\"@id\":\"https:\/\/florajia.com\/?product=bouquet-de-fleur-blanche\",\"url\":\"https:\/\/florajia.com\/?product=bouquet-de-fleur-blanche\",\"name\":\"bouquet de fleur blanche a domicile a marrakech au maroc\",\"isPartOf\":{\"@id\":\"https:\/\/florajia.com\/#website\"},\"datePublished\":\"2020-02-08T13:14:55+00:00\",\"dateModified\":\"2025-10-10T16:37:58+00:00\",\"description\":\"bouquet de fleurs blanche livre a domicile a marrakech au maroc fleur qualit\u00e9 production marocaine fleurs et rose\",\"breadcrumb\":{\"@id\":\"https:\/\/florajia.com\/?product=bouquet-de-fleur-blanche#breadcrumb\"},\"inLanguage\":\"fr-FR\",\"potentialAction\":[{\"@type\":\"ReadAction\",\"target\":[\"https:\/\/florajia.com\/?product=bouquet-de-fleur-blanche\"]}]},{\"@type\":\"BreadcrumbList\",\"@id\":\"https:\/\/florajia.com\/?product=bouquet-de-fleur-blanche#breadcrumb\",\"itemListElement\":[{\"@type\":\"ListItem\",\"position\":1,\"name\":\"Home\",\"item\":\"https:\/\/florajia.com\/\"},{\"@type\":\"ListItem\",\"position\":2,\"name\":\"Shop\",\"item\":\"https:\/\/florajia.com\/?page_id=345\"},{\"@type\":\"ListItem\",\"position\":3,\"name\":\"bouquet de fleur blanche\"}]},{\"@type\":\"WebSite\",\"@id\":\"https:\/\/florajia.com\/#website\",\"url\":\"https:\/\/florajia.com\/\",\"name\":\"www.Florajia.com\",\"description\":\"florajia c&#039;est un fleuriste   Sp\u00e9cialiste de livraison de bouquets de fleurs et rose qualite fleurissent  livraison partout \u00e0 Marrakech\",\"publisher\":{\"@id\":\"https:\/\/florajia.com\/#organization\"},\"potentialAction\":[{\"@type\":\"SearchAction\",\"target\":{\"@type\":\"EntryPoint\",\"urlTemplate\":\"https:\/\/florajia.com\/?s={search_term_string}\"},\"query-input\":\"required name=search_term_string\"}],\"inLanguage\":\"fr-FR\"},{\"@type\":\"Organization\",\"@id\":\"https:\/\/florajia.com\/#organization\",\"name\":\"Florajia\",\"url\":\"https:\/\/florajia.com\/\",\"logo\":{\"@type\":\"ImageObject\",\"inLanguage\":\"fr-FR\",\"@id\":\"https:\/\/florajia.com\/#\/schema\/logo\/image\/\",\"url\":\"https:\/\/florajia.com\/wp-content\/uploads\/2020\/02\/5e48499b45714_image_name-1.jpg\",\"contentUrl\":\"https:\/\/florajia.com\/wp-content\/uploads\/2020\/02\/5e48499b45714_image_name-1.jpg\",\"width\":512,\"height\":512,\"caption\":\"Florajia\"},\"image\":{\"@id\":\"https:\/\/florajia.com\/#\/schema\/logo\/image\/\"},\"sameAs\":[\"https:\/\/www.facebook.com\/florajiafleur\",\"https:\/\/twitter.com\/florajiafleur\",\"https:\/\/www.instagram.com\/florajiafleurs\",\"https:\/\/www.pinterest.com\/florajiafleurs\/\"]}]}<\/script>\n<!-- \/ Yoast SEO plugin. -->","yoast_head_json":{"title":"bouquet de fleur blanche a domicile a marrakech au maroc","description":"bouquet de fleurs blanche livre a domicile a marrakech au maroc fleur qualit\u00e9 production marocaine fleurs et rose","robots":{"index":"index","follow":"follow","max-snippet":"max-snippet:-1","max-image-preview":"max-image-preview:large","max-video-preview":"max-video-preview:-1"},"canonical":"https:\/\/florajia.com\/?product=bouquet-de-fleur-blanche","og_locale":"fr_FR","og_type":"article","og_title":"bouquet de fleur blanche a domicile a marrakech au maroc","og_description":"bouquet de fleurs blanche livre a domicile a marrakech au maroc fleur qualit\u00e9 production marocaine fleurs et rose","og_url":"https:\/\/florajia.com\/?product=bouquet-de-fleur-blanche","og_site_name":"www.Florajia.com","article_publisher":"https:\/\/www.facebook.com\/florajiafleur","article_modified_time":"2025-10-10T16:37:58+00:00","og_image":[{"width":1080,"height":1080,"url":"https:\/\/florajia.com\/wp-content\/uploads\/2020\/02\/bouquet-de-fleurs..png","type":"image\/png"}],"twitter_card":"summary_large_image","twitter_site":"@florajiafleur","twitter_misc":{"Dur\u00e9e de lecture estim\u00e9e":"1 minute"},"schema":{"@context":"https:\/\/schema.org","@graph":[{"@type":"WebPage","@id":"https:\/\/florajia.com\/?product=bouquet-de-fleur-blanche","url":"https:\/\/florajia.com\/?product=bouquet-de-fleur-blanche","name":"bouquet de fleur blanche a domicile a marrakech au maroc","isPartOf":{"@id":"https:\/\/florajia.com\/#website"},"datePublished":"2020-02-08T13:14:55+00:00","dateModified":"2025-10-10T16:37:58+00:00","description":"bouquet de fleurs blanche livre a domicile a marrakech au maroc fleur qualit\u00e9 production marocaine fleurs et rose","breadcrumb":{"@id":"https:\/\/florajia.com\/?product=bouquet-de-fleur-blanche#breadcrumb"},"inLanguage":"fr-FR","potentialAction":[{"@type":"ReadAction","target":["https:\/\/florajia.com\/?product=bouquet-de-fleur-blanche"]}]},{"@type":"BreadcrumbList","@id":"https:\/\/florajia.com\/?product=bouquet-de-fleur-blanche#breadcrumb","itemListElement":[{"@type":"ListItem","position":1,"name":"Home","item":"https:\/\/florajia.com\/"},{"@type":"ListItem","position":2,"name":"Shop","item":"https:\/\/florajia.com\/?page_id=345"},{"@type":"ListItem","position":3,"name":"bouquet de fleur blanche"}]},{"@type":"WebSite","@id":"https:\/\/florajia.com\/#website","url":"https:\/\/florajia.com\/","name":"www.Florajia.com","description":"florajia c&#039;est un fleuriste   Sp\u00e9cialiste de livraison de bouquets de fleurs et rose qualite fleurissent  livraison partout \u00e0 Marrakech","publisher":{"@id":"https:\/\/florajia.com\/#organization"},"potentialAction":[{"@type":"SearchAction","target":{"@type":"EntryPoint","urlTemplate":"https:\/\/florajia.com\/?s={search_term_string}"},"query-input":"required name=search_term_string"}],"inLanguage":"fr-FR"},{"@type":"Organization","@id":"https:\/\/florajia.com\/#organization","name":"Florajia","url":"https:\/\/florajia.com\/","logo":{"@type":"ImageObject","inLanguage":"fr-FR","@id":"https:\/\/florajia.com\/#\/schema\/logo\/image\/","url":"https:\/\/florajia.com\/wp-content\/uploads\/2020\/02\/5e48499b45714_image_name-1.jpg","contentUrl":"https:\/\/florajia.com\/wp-content\/uploads\/2020\/02\/5e48499b45714_image_name-1.jpg","width":512,"height":512,"caption":"Florajia"},"image":{"@id":"https:\/\/florajia.com\/#\/schema\/logo\/image\/"},"sameAs":["https:\/\/www.facebook.com\/florajiafleur","https:\/\/twitter.com\/florajiafleur","https:\/\/www.instagram.com\/florajiafleurs","https:\/\/www.pinterest.com\/florajiafleurs\/"]}]}},"_links":{"self":[{"href":"https:\/\/florajia.com\/index.php?rest_route=\/wp\/v2\/product\/8501"}],"collection":[{"href":"https:\/\/florajia.com\/index.php?rest_route=\/wp\/v2\/product"}],"about":[{"href":"https:\/\/florajia.com\/index.php?rest_route=\/wp\/v2\/types\/product"}],"replies":[{"embeddable":true,"href":"https:\/\/florajia.com\/index.php?rest_route=%2Fwp%2Fv2%2Fcomments&post=8501"}],"wp:featuredmedia":[{"embeddable":true,"href":"https:\/\/florajia.com\/index.php?rest_route=\/wp\/v2\/media\/13376"}],"wp:attachment":[{"href":"https:\/\/florajia.com\/index.php?rest_route=%2Fwp%2Fv2%2Fmedia&parent=8501"}],"wp:term":[{"taxonomy":"product_cat","embeddable":true,"href":"https:\/\/florajia.com\/index.php?rest_route=%2Fwp%2Fv2%2Fproduct_cat&post=8501"},{"taxonomy":"product_tag","embeddable":true,"href":"https:\/\/florajia.com\/index.php?rest_route=%2Fwp%2Fv2%2Fproduct_tag&post=8501"}],"curies":[{"name":"wp","href":"https:\/\/api.w.org\/{rel}","templated":true}]}}