{"id":8507,"date":"2020-02-08T16:44:10","date_gmt":"2020-02-08T13:44:10","guid":{"rendered":"http:\/\/florajia.com\/?post_type=product&#038;p=8507"},"modified":"2024-04-01T00:21:29","modified_gmt":"2024-03-31T21:21:29","slug":"coussin-de-deuil","status":"publish","type":"product","link":"https:\/\/florajia.com\/?product=coussin-de-deuil","title":{"rendered":"Coussin de Deuil"},"content":{"rendered":"<style type=\"text\/css\"><!--td {border: 1px solid #ccc;}br {mso-data-placement:same-cell;}--><\/style>\n<div class=\"flex flex-grow flex-col max-w-full\">\n<div class=\"min-h-[20px] text-message flex flex-col items-start gap-3 whitespace-pre-wrap break-words [.text-message+&amp;]:mt-5 overflow-x-auto\" data-message-author-role=\"assistant\" data-message-id=\"9e0dae5d-2af3-47fb-bd48-babb066a3387\">\n<div class=\"markdown prose w-full break-words dark:prose-invert light\">\n<p>Explorez notre collection de compositions florales de deuil chez Florajia. Chaque arrangement est soigneusement con\u00e7u pour offrir r\u00e9confort et soutien lors de moments difficiles. Nos cr\u00e9ations d\u00e9licates et respectueuses expriment votre sympathie et votre amour d&rsquo;une mani\u00e8re significative. Commandez d\u00e8s aujourd&rsquo;hui pour honorer la m\u00e9moire d&rsquo;un \u00eatre cher avec des fleurs qui apportent un r\u00e9confort chaleureux et sinc\u00e8re.<\/p>\n<\/div>\n<\/div>\n<\/div>\n<div class=\"mt-1 flex justify-start gap-3 empty:hidden\">\n<div class=\"flex justify-between items-center p-4 rounded-md bg-token-main-surface-secondary text-token-text-secondary text-sm\"><\/div>\n<\/div>\n","protected":false},"excerpt":{"rendered":"<style type=\"text\/css\"><!--td {border: 1px solid #ccc;}br {mso-data-placement:same-cell;}--><\/style>\n<div class=\"flex-1 overflow-hidden\">\n<div class=\"react-scroll-to-bottom--css-ynyka-79elbk h-full\">\n<div class=\"react-scroll-to-bottom--css-ynyka-1n7m0yu\">\n<div>\n<div class=\"flex flex-col text-sm pb-9\">\n<div class=\"w-full text-token-text-primary\" data-testid=\"conversation-turn-19\">\n<div class=\"px-4 py-2 justify-center text-base md:gap-6 m-auto\">\n<div class=\"flex flex-1 text-base mx-auto gap-3 md:px-5 lg:px-1 xl:px-5 md:max-w-3xl lg:max-w-[40rem] xl:max-w-[48rem] group final-completion\">\n<div class=\"relative flex w-full flex-col agent-turn\">\n<div class=\"flex-col gap-1 md:gap-3\">\n<div class=\"flex flex-grow flex-col max-w-full\">\n<div class=\"min-h-[20px] text-message flex flex-col items-start gap-3 whitespace-pre-wrap break-words [.text-message+&amp;]:mt-5 overflow-x-auto\" data-message-author-role=\"assistant\" data-message-id=\"9dc4afd6-c4fb-448a-970a-3e3d98b1f3a9\">\n<div class=\"markdown prose w-full break-words dark:prose-invert light\">\n<p>Explorez notre collection de compositions florales de deuil chez Florajia, o\u00f9 chaque arrangement est soigneusement con\u00e7u pour offrir r\u00e9confort et soutien lors de moments difficiles. Nos cr\u00e9ations d\u00e9licates et respectueuses expriment votre sympathie et votre amour d&rsquo;une mani\u00e8re significative. Commandez d\u00e8s aujourd&rsquo;hui pour honorer la m\u00e9moire d&rsquo;un \u00eatre cher avec des fleurs qui apportent un r\u00e9confort chaleureux et sinc\u00e8re.<\/p>\n<\/div>\n<\/div>\n<\/div>\n<\/div>\n<\/div>\n<\/div>\n<\/div>\n<\/div>\n<\/div>\n<\/div>\n<\/div>\n<\/div>\n<\/div>\n","protected":false},"featured_media":8531,"comment_status":"open","ping_status":"closed","template":"","meta":{"_joinchat":[]},"product_cat":[87],"product_tag":[],"yoast_head":"<!-- This site is optimized with the Yoast SEO plugin v20.13 - https:\/\/yoast.com\/wordpress\/plugins\/seo\/ -->\n<title>Compositions Florales de Deuil - Florajia Hommage Respectueux<\/title>\n<meta name=\"description\" content=\"compositions florales de deuil chez Florajia. Exprimez votre sympathie avec des arrangements respectueux et r\u00e9confortants. Commandez\" \/>\n<meta name=\"robots\" content=\"index, follow, max-snippet:-1, max-image-preview:large, max-video-preview:-1\" \/>\n<link rel=\"canonical\" href=\"https:\/\/florajia.com\/?product=coussin-de-deuil\" \/>\n<meta property=\"og:locale\" content=\"fr_FR\" \/>\n<meta property=\"og:type\" content=\"article\" \/>\n<meta property=\"og:title\" content=\"Compositions Florales de Deuil - Florajia Hommage Respectueux\" \/>\n<meta property=\"og:description\" content=\"compositions florales de deuil chez Florajia. Exprimez votre sympathie avec des arrangements respectueux et r\u00e9confortants. Commandez\" \/>\n<meta property=\"og:url\" content=\"https:\/\/florajia.com\/?product=coussin-de-deuil\" \/>\n<meta property=\"og:site_name\" content=\"www.Florajia.com\" \/>\n<meta property=\"article:publisher\" content=\"https:\/\/www.facebook.com\/florajiafleur\" \/>\n<meta property=\"article:modified_time\" content=\"2024-03-31T21:21:29+00:00\" \/>\n<meta property=\"og:image\" content=\"https:\/\/florajia.com\/wp-content\/uploads\/2020\/02\/Le-coucher-du-soleil-1.jpg\" \/>\n\t<meta property=\"og:image:width\" content=\"1000\" \/>\n\t<meta property=\"og:image:height\" content=\"1000\" \/>\n\t<meta property=\"og:image:type\" content=\"image\/jpeg\" \/>\n<meta name=\"twitter:card\" content=\"summary_large_image\" \/>\n<meta name=\"twitter:site\" content=\"@florajiafleur\" \/>\n<meta name=\"twitter:label1\" content=\"Dur\u00e9e de lecture estim\u00e9e\" \/>\n\t<meta name=\"twitter:data1\" content=\"1 minute\" \/>\n<script type=\"application\/ld+json\" class=\"yoast-schema-graph\">{\"@context\":\"https:\/\/schema.org\",\"@graph\":[{\"@type\":\"WebPage\",\"@id\":\"https:\/\/florajia.com\/?product=coussin-de-deuil\",\"url\":\"https:\/\/florajia.com\/?product=coussin-de-deuil\",\"name\":\"Compositions Florales de Deuil - Florajia Hommage Respectueux\",\"isPartOf\":{\"@id\":\"https:\/\/florajia.com\/#website\"},\"datePublished\":\"2020-02-08T13:44:10+00:00\",\"dateModified\":\"2024-03-31T21:21:29+00:00\",\"description\":\"compositions florales de deuil chez Florajia. Exprimez votre sympathie avec des arrangements respectueux et r\u00e9confortants. Commandez\",\"breadcrumb\":{\"@id\":\"https:\/\/florajia.com\/?product=coussin-de-deuil#breadcrumb\"},\"inLanguage\":\"fr-FR\",\"potentialAction\":[{\"@type\":\"ReadAction\",\"target\":[\"https:\/\/florajia.com\/?product=coussin-de-deuil\"]}]},{\"@type\":\"BreadcrumbList\",\"@id\":\"https:\/\/florajia.com\/?product=coussin-de-deuil#breadcrumb\",\"itemListElement\":[{\"@type\":\"ListItem\",\"position\":1,\"name\":\"Home\",\"item\":\"https:\/\/florajia.com\/\"},{\"@type\":\"ListItem\",\"position\":2,\"name\":\"Shop\",\"item\":\"https:\/\/florajia.com\/?page_id=345\"},{\"@type\":\"ListItem\",\"position\":3,\"name\":\"Coussin de Deuil\"}]},{\"@type\":\"WebSite\",\"@id\":\"https:\/\/florajia.com\/#website\",\"url\":\"https:\/\/florajia.com\/\",\"name\":\"www.Florajia.com\",\"description\":\"florajia c&#039;est un fleuriste   Sp\u00e9cialiste de livraison de bouquets de fleurs et rose qualite fleurissent  livraison partout \u00e0 Marrakech\",\"publisher\":{\"@id\":\"https:\/\/florajia.com\/#organization\"},\"potentialAction\":[{\"@type\":\"SearchAction\",\"target\":{\"@type\":\"EntryPoint\",\"urlTemplate\":\"https:\/\/florajia.com\/?s={search_term_string}\"},\"query-input\":\"required name=search_term_string\"}],\"inLanguage\":\"fr-FR\"},{\"@type\":\"Organization\",\"@id\":\"https:\/\/florajia.com\/#organization\",\"name\":\"Florajia\",\"url\":\"https:\/\/florajia.com\/\",\"logo\":{\"@type\":\"ImageObject\",\"inLanguage\":\"fr-FR\",\"@id\":\"https:\/\/florajia.com\/#\/schema\/logo\/image\/\",\"url\":\"https:\/\/florajia.com\/wp-content\/uploads\/2020\/02\/5e48499b45714_image_name-1.jpg\",\"contentUrl\":\"https:\/\/florajia.com\/wp-content\/uploads\/2020\/02\/5e48499b45714_image_name-1.jpg\",\"width\":512,\"height\":512,\"caption\":\"Florajia\"},\"image\":{\"@id\":\"https:\/\/florajia.com\/#\/schema\/logo\/image\/\"},\"sameAs\":[\"https:\/\/www.facebook.com\/florajiafleur\",\"https:\/\/twitter.com\/florajiafleur\",\"https:\/\/www.instagram.com\/florajiafleurs\",\"https:\/\/www.pinterest.com\/florajiafleurs\/\"]}]}<\/script>\n<!-- \/ Yoast SEO plugin. -->","yoast_head_json":{"title":"Compositions Florales de Deuil - Florajia Hommage Respectueux","description":"compositions florales de deuil chez Florajia. Exprimez votre sympathie avec des arrangements respectueux et r\u00e9confortants. Commandez","robots":{"index":"index","follow":"follow","max-snippet":"max-snippet:-1","max-image-preview":"max-image-preview:large","max-video-preview":"max-video-preview:-1"},"canonical":"https:\/\/florajia.com\/?product=coussin-de-deuil","og_locale":"fr_FR","og_type":"article","og_title":"Compositions Florales de Deuil - Florajia Hommage Respectueux","og_description":"compositions florales de deuil chez Florajia. Exprimez votre sympathie avec des arrangements respectueux et r\u00e9confortants. Commandez","og_url":"https:\/\/florajia.com\/?product=coussin-de-deuil","og_site_name":"www.Florajia.com","article_publisher":"https:\/\/www.facebook.com\/florajiafleur","article_modified_time":"2024-03-31T21:21:29+00:00","og_image":[{"width":1000,"height":1000,"url":"https:\/\/florajia.com\/wp-content\/uploads\/2020\/02\/Le-coucher-du-soleil-1.jpg","type":"image\/jpeg"}],"twitter_card":"summary_large_image","twitter_site":"@florajiafleur","twitter_misc":{"Dur\u00e9e de lecture estim\u00e9e":"1 minute"},"schema":{"@context":"https:\/\/schema.org","@graph":[{"@type":"WebPage","@id":"https:\/\/florajia.com\/?product=coussin-de-deuil","url":"https:\/\/florajia.com\/?product=coussin-de-deuil","name":"Compositions Florales de Deuil - Florajia Hommage Respectueux","isPartOf":{"@id":"https:\/\/florajia.com\/#website"},"datePublished":"2020-02-08T13:44:10+00:00","dateModified":"2024-03-31T21:21:29+00:00","description":"compositions florales de deuil chez Florajia. Exprimez votre sympathie avec des arrangements respectueux et r\u00e9confortants. Commandez","breadcrumb":{"@id":"https:\/\/florajia.com\/?product=coussin-de-deuil#breadcrumb"},"inLanguage":"fr-FR","potentialAction":[{"@type":"ReadAction","target":["https:\/\/florajia.com\/?product=coussin-de-deuil"]}]},{"@type":"BreadcrumbList","@id":"https:\/\/florajia.com\/?product=coussin-de-deuil#breadcrumb","itemListElement":[{"@type":"ListItem","position":1,"name":"Home","item":"https:\/\/florajia.com\/"},{"@type":"ListItem","position":2,"name":"Shop","item":"https:\/\/florajia.com\/?page_id=345"},{"@type":"ListItem","position":3,"name":"Coussin de Deuil"}]},{"@type":"WebSite","@id":"https:\/\/florajia.com\/#website","url":"https:\/\/florajia.com\/","name":"www.Florajia.com","description":"florajia c&#039;est un fleuriste   Sp\u00e9cialiste de livraison de bouquets de fleurs et rose qualite fleurissent  livraison partout \u00e0 Marrakech","publisher":{"@id":"https:\/\/florajia.com\/#organization"},"potentialAction":[{"@type":"SearchAction","target":{"@type":"EntryPoint","urlTemplate":"https:\/\/florajia.com\/?s={search_term_string}"},"query-input":"required name=search_term_string"}],"inLanguage":"fr-FR"},{"@type":"Organization","@id":"https:\/\/florajia.com\/#organization","name":"Florajia","url":"https:\/\/florajia.com\/","logo":{"@type":"ImageObject","inLanguage":"fr-FR","@id":"https:\/\/florajia.com\/#\/schema\/logo\/image\/","url":"https:\/\/florajia.com\/wp-content\/uploads\/2020\/02\/5e48499b45714_image_name-1.jpg","contentUrl":"https:\/\/florajia.com\/wp-content\/uploads\/2020\/02\/5e48499b45714_image_name-1.jpg","width":512,"height":512,"caption":"Florajia"},"image":{"@id":"https:\/\/florajia.com\/#\/schema\/logo\/image\/"},"sameAs":["https:\/\/www.facebook.com\/florajiafleur","https:\/\/twitter.com\/florajiafleur","https:\/\/www.instagram.com\/florajiafleurs","https:\/\/www.pinterest.com\/florajiafleurs\/"]}]}},"_links":{"self":[{"href":"https:\/\/florajia.com\/index.php?rest_route=\/wp\/v2\/product\/8507"}],"collection":[{"href":"https:\/\/florajia.com\/index.php?rest_route=\/wp\/v2\/product"}],"about":[{"href":"https:\/\/florajia.com\/index.php?rest_route=\/wp\/v2\/types\/product"}],"replies":[{"embeddable":true,"href":"https:\/\/florajia.com\/index.php?rest_route=%2Fwp%2Fv2%2Fcomments&post=8507"}],"wp:featuredmedia":[{"embeddable":true,"href":"https:\/\/florajia.com\/index.php?rest_route=\/wp\/v2\/media\/8531"}],"wp:attachment":[{"href":"https:\/\/florajia.com\/index.php?rest_route=%2Fwp%2Fv2%2Fmedia&parent=8507"}],"wp:term":[{"taxonomy":"product_cat","embeddable":true,"href":"https:\/\/florajia.com\/index.php?rest_route=%2Fwp%2Fv2%2Fproduct_cat&post=8507"},{"taxonomy":"product_tag","embeddable":true,"href":"https:\/\/florajia.com\/index.php?rest_route=%2Fwp%2Fv2%2Fproduct_tag&post=8507"}],"curies":[{"name":"wp","href":"https:\/\/api.w.org\/{rel}","templated":true}]}}