{"id":8540,"date":"2020-02-09T01:06:30","date_gmt":"2020-02-08T22:06:30","guid":{"rendered":"http:\/\/florajia.com\/?post_type=product&#038;p=8540"},"modified":"2025-10-10T19:38:35","modified_gmt":"2025-10-10T16:38:35","slug":"bouquet-de-fleurs-original","status":"publish","type":"product","link":"https:\/\/florajia.com\/?product=bouquet-de-fleurs-original","title":{"rendered":"bouquet de fleurs original"},"content":{"rendered":"<style type=\"text\/css\"><!--td {border: 1px solid #ccc;}br {mso-data-placement:same-cell;}--><\/style>\n<p><span data-sheets-value=\"{&quot;1&quot;:2,&quot;2&quot;:&quot;Chrysanth\u00e8me du soleil levant\\nDerni\u00e8re fleur avant l'hiver ! Le chrysanth\u00e8me de Tokyo, ou bien spider, mais quel panache ! Sa curieuse fleur en \u00e9toile \u00e0 mille branches ne passera pas inaper\u00e7ue. la vie en rose&quot;}\" data-sheets-userformat=\"{&quot;2&quot;:513,&quot;3&quot;:{&quot;1&quot;:0},&quot;12&quot;:0}\">Chrysanth\u00e8me du soleil levant<br \/>\nDerni\u00e8re fleur avant l&rsquo;hiver ! Le chrysanth\u00e8me de Tokyo, ou bien spider, mais quel panache ! Sa curieuse fleur en \u00e9toile \u00e0 mille branches ne passera pas inaper\u00e7ue. la vie en rose<\/span><\/p>\n","protected":false},"excerpt":{"rendered":"<style type=\"text\/css\"><!--td {border: 1px solid #ccc;}br {mso-data-placement:same-cell;}--><\/style>\n<p><span data-sheets-value=\"{&quot;1&quot;:2,&quot;2&quot;:&quot;Un m\u00e9lange de sourire, avec ses couleurs pittoresques, aide les gens \u00e0 partager un sentiment de joie&quot;}\" data-sheets-userformat=\"{&quot;2&quot;:513,&quot;3&quot;:{&quot;1&quot;:0},&quot;12&quot;:0}\">Un m\u00e9lange de sourire, avec ses couleurs pittoresques, aide les gens \u00e0 partager un sentiment de joie<\/span><\/p>\n<p><img decoding=\"async\" loading=\"lazy\" class=\"alignnone wp-image-13330 size-medium\" src=\"https:\/\/florajia.com\/wp-content\/uploads\/2022\/04\/paiement-en-ligne-10-securise-2-removebg-preview-300x72.png\" alt=\"\" width=\"300\" height=\"72\" srcset=\"https:\/\/florajia.com\/wp-content\/uploads\/2022\/04\/paiement-en-ligne-10-securise-2-removebg-preview-300x72.png 300w, https:\/\/florajia.com\/wp-content\/uploads\/2022\/04\/paiement-en-ligne-10-securise-2-removebg-preview-600x144.png 600w, https:\/\/florajia.com\/wp-content\/uploads\/2022\/04\/paiement-en-ligne-10-securise-2-removebg-preview.png 769w\" sizes=\"(max-width: 300px) 100vw, 300px\" \/><\/p>\n","protected":false},"featured_media":8552,"comment_status":"open","ping_status":"closed","template":"","meta":{"_joinchat":[]},"product_cat":[70],"product_tag":[],"yoast_head":"<!-- This site is optimized with the Yoast SEO plugin v20.13 - https:\/\/yoast.com\/wordpress\/plugins\/seo\/ -->\n<title>bouquet de fleurs original - www.Florajia.com<\/title>\n<meta name=\"description\" content=\"Bouquets de Fleurs \u273f D\u00e9couvrez un large choix de bouquets livr\u00e9s \u00e0 marrakech domicile en main propre Livraison rapide 7jrs\/7 partout en Maroc\" \/>\n<meta name=\"robots\" content=\"index, follow, max-snippet:-1, max-image-preview:large, max-video-preview:-1\" \/>\n<link rel=\"canonical\" href=\"https:\/\/florajia.com\/?product=bouquet-de-fleurs-original\" \/>\n<meta property=\"og:locale\" content=\"fr_FR\" \/>\n<meta property=\"og:type\" content=\"article\" \/>\n<meta property=\"og:title\" content=\"bouquet de fleurs original - www.Florajia.com\" \/>\n<meta property=\"og:description\" content=\"Bouquets de Fleurs \u273f D\u00e9couvrez un large choix de bouquets livr\u00e9s \u00e0 marrakech domicile en main propre Livraison rapide 7jrs\/7 partout en Maroc\" \/>\n<meta property=\"og:url\" content=\"https:\/\/florajia.com\/?product=bouquet-de-fleurs-original\" \/>\n<meta property=\"og:site_name\" content=\"www.Florajia.com\" \/>\n<meta property=\"article:publisher\" content=\"https:\/\/www.facebook.com\/florajiafleur\" \/>\n<meta property=\"article:modified_time\" content=\"2025-10-10T16:38:35+00:00\" \/>\n<meta property=\"og:image\" content=\"https:\/\/florajia.com\/wp-content\/uploads\/2020\/02\/bouquet-de-Sourire.jpg\" \/>\n\t<meta property=\"og:image:width\" content=\"1000\" \/>\n\t<meta property=\"og:image:height\" content=\"1000\" \/>\n\t<meta property=\"og:image:type\" content=\"image\/jpeg\" \/>\n<meta name=\"twitter:card\" content=\"summary_large_image\" \/>\n<meta name=\"twitter:site\" content=\"@florajiafleur\" \/>\n<script type=\"application\/ld+json\" class=\"yoast-schema-graph\">{\"@context\":\"https:\/\/schema.org\",\"@graph\":[{\"@type\":\"WebPage\",\"@id\":\"https:\/\/florajia.com\/?product=bouquet-de-fleurs-original\",\"url\":\"https:\/\/florajia.com\/?product=bouquet-de-fleurs-original\",\"name\":\"bouquet de fleurs original - www.Florajia.com\",\"isPartOf\":{\"@id\":\"https:\/\/florajia.com\/#website\"},\"datePublished\":\"2020-02-08T22:06:30+00:00\",\"dateModified\":\"2025-10-10T16:38:35+00:00\",\"description\":\"Bouquets de Fleurs \u273f D\u00e9couvrez un large choix de bouquets livr\u00e9s \u00e0 marrakech domicile en main propre Livraison rapide 7jrs\/7 partout en Maroc\",\"breadcrumb\":{\"@id\":\"https:\/\/florajia.com\/?product=bouquet-de-fleurs-original#breadcrumb\"},\"inLanguage\":\"fr-FR\",\"potentialAction\":[{\"@type\":\"ReadAction\",\"target\":[\"https:\/\/florajia.com\/?product=bouquet-de-fleurs-original\"]}]},{\"@type\":\"BreadcrumbList\",\"@id\":\"https:\/\/florajia.com\/?product=bouquet-de-fleurs-original#breadcrumb\",\"itemListElement\":[{\"@type\":\"ListItem\",\"position\":1,\"name\":\"Home\",\"item\":\"https:\/\/florajia.com\/\"},{\"@type\":\"ListItem\",\"position\":2,\"name\":\"Shop\",\"item\":\"https:\/\/florajia.com\/?page_id=345\"},{\"@type\":\"ListItem\",\"position\":3,\"name\":\"bouquet de fleurs original\"}]},{\"@type\":\"WebSite\",\"@id\":\"https:\/\/florajia.com\/#website\",\"url\":\"https:\/\/florajia.com\/\",\"name\":\"www.Florajia.com\",\"description\":\"florajia c&#039;est un fleuriste   Sp\u00e9cialiste de livraison de bouquets de fleurs et rose qualite fleurissent  livraison partout \u00e0 Marrakech\",\"publisher\":{\"@id\":\"https:\/\/florajia.com\/#organization\"},\"potentialAction\":[{\"@type\":\"SearchAction\",\"target\":{\"@type\":\"EntryPoint\",\"urlTemplate\":\"https:\/\/florajia.com\/?s={search_term_string}\"},\"query-input\":\"required name=search_term_string\"}],\"inLanguage\":\"fr-FR\"},{\"@type\":\"Organization\",\"@id\":\"https:\/\/florajia.com\/#organization\",\"name\":\"Florajia\",\"url\":\"https:\/\/florajia.com\/\",\"logo\":{\"@type\":\"ImageObject\",\"inLanguage\":\"fr-FR\",\"@id\":\"https:\/\/florajia.com\/#\/schema\/logo\/image\/\",\"url\":\"https:\/\/florajia.com\/wp-content\/uploads\/2020\/02\/5e48499b45714_image_name-1.jpg\",\"contentUrl\":\"https:\/\/florajia.com\/wp-content\/uploads\/2020\/02\/5e48499b45714_image_name-1.jpg\",\"width\":512,\"height\":512,\"caption\":\"Florajia\"},\"image\":{\"@id\":\"https:\/\/florajia.com\/#\/schema\/logo\/image\/\"},\"sameAs\":[\"https:\/\/www.facebook.com\/florajiafleur\",\"https:\/\/twitter.com\/florajiafleur\",\"https:\/\/www.instagram.com\/florajiafleurs\",\"https:\/\/www.pinterest.com\/florajiafleurs\/\"]}]}<\/script>\n<!-- \/ Yoast SEO plugin. -->","yoast_head_json":{"title":"bouquet de fleurs original - www.Florajia.com","description":"Bouquets de Fleurs \u273f D\u00e9couvrez un large choix de bouquets livr\u00e9s \u00e0 marrakech domicile en main propre Livraison rapide 7jrs\/7 partout en Maroc","robots":{"index":"index","follow":"follow","max-snippet":"max-snippet:-1","max-image-preview":"max-image-preview:large","max-video-preview":"max-video-preview:-1"},"canonical":"https:\/\/florajia.com\/?product=bouquet-de-fleurs-original","og_locale":"fr_FR","og_type":"article","og_title":"bouquet de fleurs original - www.Florajia.com","og_description":"Bouquets de Fleurs \u273f D\u00e9couvrez un large choix de bouquets livr\u00e9s \u00e0 marrakech domicile en main propre Livraison rapide 7jrs\/7 partout en Maroc","og_url":"https:\/\/florajia.com\/?product=bouquet-de-fleurs-original","og_site_name":"www.Florajia.com","article_publisher":"https:\/\/www.facebook.com\/florajiafleur","article_modified_time":"2025-10-10T16:38:35+00:00","og_image":[{"width":1000,"height":1000,"url":"https:\/\/florajia.com\/wp-content\/uploads\/2020\/02\/bouquet-de-Sourire.jpg","type":"image\/jpeg"}],"twitter_card":"summary_large_image","twitter_site":"@florajiafleur","schema":{"@context":"https:\/\/schema.org","@graph":[{"@type":"WebPage","@id":"https:\/\/florajia.com\/?product=bouquet-de-fleurs-original","url":"https:\/\/florajia.com\/?product=bouquet-de-fleurs-original","name":"bouquet de fleurs original - www.Florajia.com","isPartOf":{"@id":"https:\/\/florajia.com\/#website"},"datePublished":"2020-02-08T22:06:30+00:00","dateModified":"2025-10-10T16:38:35+00:00","description":"Bouquets de Fleurs \u273f D\u00e9couvrez un large choix de bouquets livr\u00e9s \u00e0 marrakech domicile en main propre Livraison rapide 7jrs\/7 partout en Maroc","breadcrumb":{"@id":"https:\/\/florajia.com\/?product=bouquet-de-fleurs-original#breadcrumb"},"inLanguage":"fr-FR","potentialAction":[{"@type":"ReadAction","target":["https:\/\/florajia.com\/?product=bouquet-de-fleurs-original"]}]},{"@type":"BreadcrumbList","@id":"https:\/\/florajia.com\/?product=bouquet-de-fleurs-original#breadcrumb","itemListElement":[{"@type":"ListItem","position":1,"name":"Home","item":"https:\/\/florajia.com\/"},{"@type":"ListItem","position":2,"name":"Shop","item":"https:\/\/florajia.com\/?page_id=345"},{"@type":"ListItem","position":3,"name":"bouquet de fleurs original"}]},{"@type":"WebSite","@id":"https:\/\/florajia.com\/#website","url":"https:\/\/florajia.com\/","name":"www.Florajia.com","description":"florajia c&#039;est un fleuriste   Sp\u00e9cialiste de livraison de bouquets de fleurs et rose qualite fleurissent  livraison partout \u00e0 Marrakech","publisher":{"@id":"https:\/\/florajia.com\/#organization"},"potentialAction":[{"@type":"SearchAction","target":{"@type":"EntryPoint","urlTemplate":"https:\/\/florajia.com\/?s={search_term_string}"},"query-input":"required name=search_term_string"}],"inLanguage":"fr-FR"},{"@type":"Organization","@id":"https:\/\/florajia.com\/#organization","name":"Florajia","url":"https:\/\/florajia.com\/","logo":{"@type":"ImageObject","inLanguage":"fr-FR","@id":"https:\/\/florajia.com\/#\/schema\/logo\/image\/","url":"https:\/\/florajia.com\/wp-content\/uploads\/2020\/02\/5e48499b45714_image_name-1.jpg","contentUrl":"https:\/\/florajia.com\/wp-content\/uploads\/2020\/02\/5e48499b45714_image_name-1.jpg","width":512,"height":512,"caption":"Florajia"},"image":{"@id":"https:\/\/florajia.com\/#\/schema\/logo\/image\/"},"sameAs":["https:\/\/www.facebook.com\/florajiafleur","https:\/\/twitter.com\/florajiafleur","https:\/\/www.instagram.com\/florajiafleurs","https:\/\/www.pinterest.com\/florajiafleurs\/"]}]}},"_links":{"self":[{"href":"https:\/\/florajia.com\/index.php?rest_route=\/wp\/v2\/product\/8540"}],"collection":[{"href":"https:\/\/florajia.com\/index.php?rest_route=\/wp\/v2\/product"}],"about":[{"href":"https:\/\/florajia.com\/index.php?rest_route=\/wp\/v2\/types\/product"}],"replies":[{"embeddable":true,"href":"https:\/\/florajia.com\/index.php?rest_route=%2Fwp%2Fv2%2Fcomments&post=8540"}],"wp:featuredmedia":[{"embeddable":true,"href":"https:\/\/florajia.com\/index.php?rest_route=\/wp\/v2\/media\/8552"}],"wp:attachment":[{"href":"https:\/\/florajia.com\/index.php?rest_route=%2Fwp%2Fv2%2Fmedia&parent=8540"}],"wp:term":[{"taxonomy":"product_cat","embeddable":true,"href":"https:\/\/florajia.com\/index.php?rest_route=%2Fwp%2Fv2%2Fproduct_cat&post=8540"},{"taxonomy":"product_tag","embeddable":true,"href":"https:\/\/florajia.com\/index.php?rest_route=%2Fwp%2Fv2%2Fproduct_tag&post=8540"}],"curies":[{"name":"wp","href":"https:\/\/api.w.org\/{rel}","templated":true}]}}