{"id":8559,"date":"2020-02-09T01:47:04","date_gmt":"2020-02-08T22:47:04","guid":{"rendered":"http:\/\/florajia.com\/?post_type=product&#038;p=8559"},"modified":"2025-10-10T19:36:20","modified_gmt":"2025-10-10T16:36:20","slug":"boite-rose-rouge-2","status":"publish","type":"product","link":"https:\/\/florajia.com\/?product=boite-rose-rouge-2","title":{"rendered":"boite de rose"},"content":{"rendered":"<style type=\"text\/css\"><!--td {border: 1px solid #ccc;}br {mso-data-placement:same-cell;}--><\/style>\n<p><span data-sheets-value=\"{&quot;1&quot;:2,&quot;2&quot;:&quot;Depuis les temps anciens, la forme des roses rouges est un symbole d'amour passionn\u00e9, audacieux et clair. Nous choisissons les meilleures roses, avec leurs petits d\u00e9tails, derri\u00e8re chaque histoire d'amour une bouquet de roses.&quot;}\" data-sheets-userformat=\"{&quot;2&quot;:8961,&quot;3&quot;:{&quot;1&quot;:0},&quot;11&quot;:3,&quot;12&quot;:0,&quot;16&quot;:6}\">\u00a0Nous choisissons les meilleures roses, avec leurs petits d\u00e9tails, derri\u00e8re chaque histoire fleur d\u2019amour\u00a0\u00a0une bouquet de roses. florajia offert une boite de\u00a0 chocolate\u00a0<\/span><\/p>\n","protected":false},"excerpt":{"rendered":"<style type=\"text\/css\"><!--td {border: 1px solid #ccc;}br {mso-data-placement:same-cell;}--><\/style>\n<p>&nbsp;<\/p>\n<div>Pourquoi une boite de \u00a0rose rouge \u00a0d\u2019amour \u00a0pour C\u00e9l\u00e9brer les meilleurs moments avec celui que vous aimez <span data-sheets-value=\"{&quot;1&quot;:2,&quot;2&quot;:&quot;Une phrase d'amour que nous avons faite dans une bo\u00eete de roses pour ceux que vous aimez.plus florajia offert une nounours cadeau.&quot;}\" data-sheets-userformat=\"{&quot;2&quot;:9025,&quot;3&quot;:{&quot;1&quot;:0},&quot;9&quot;:0,&quot;11&quot;:3,&quot;12&quot;:0,&quot;16&quot;:6}\">que nous avons faite dans une bo\u00eete de roses rouge qualite pour ceux que vous aimez.plus \u00a0florajia offert une boite de\u00a0 chocolate\u00a0<\/span><\/div>\n<div><img decoding=\"async\" loading=\"lazy\" class=\"alignnone wp-image-13330 size-medium\" src=\"https:\/\/florajia.com\/wp-content\/uploads\/2022\/04\/paiement-en-ligne-10-securise-2-removebg-preview-300x72.png\" alt=\"\" width=\"300\" height=\"72\" srcset=\"https:\/\/florajia.com\/wp-content\/uploads\/2022\/04\/paiement-en-ligne-10-securise-2-removebg-preview-300x72.png 300w, https:\/\/florajia.com\/wp-content\/uploads\/2022\/04\/paiement-en-ligne-10-securise-2-removebg-preview-600x144.png 600w, https:\/\/florajia.com\/wp-content\/uploads\/2022\/04\/paiement-en-ligne-10-securise-2-removebg-preview.png 769w\" sizes=\"(max-width: 300px) 100vw, 300px\" \/><\/div>\n","protected":false},"featured_media":13382,"comment_status":"open","ping_status":"closed","template":"","meta":{"_joinchat":[]},"product_cat":[64],"product_tag":[],"yoast_head":"<!-- This site is optimized with the Yoast SEO plugin v20.13 - https:\/\/yoast.com\/wordpress\/plugins\/seo\/ -->\n<title>Permalien https:\/\/florajia.com\/produit\/boite-rose-Mauve\/ \u200e<\/title>\n<meta name=\"description\" content=\"une boite de rose Mauve avec de tige de rose qualit\u00e9 pour C\u00e9l\u00e9brer des moments amoureux avec une rose rouge\" \/>\n<meta name=\"robots\" content=\"index, follow, max-snippet:-1, max-image-preview:large, max-video-preview:-1\" \/>\n<link rel=\"canonical\" href=\"https:\/\/florajia.com\/?product=boite-rose-rouge-2\" \/>\n<meta property=\"og:locale\" content=\"fr_FR\" \/>\n<meta property=\"og:type\" content=\"article\" \/>\n<meta property=\"og:title\" content=\"Permalien https:\/\/florajia.com\/produit\/boite-rose-Mauve\/ \u200e\" \/>\n<meta property=\"og:description\" content=\"une boite de rose Mauve avec de tige de rose qualit\u00e9 pour C\u00e9l\u00e9brer des moments amoureux avec une rose rouge\" \/>\n<meta property=\"og:url\" content=\"https:\/\/florajia.com\/?product=boite-rose-rouge-2\" \/>\n<meta property=\"og:site_name\" content=\"www.Florajia.com\" \/>\n<meta property=\"article:publisher\" content=\"https:\/\/www.facebook.com\/florajiafleur\" \/>\n<meta property=\"article:modified_time\" content=\"2025-10-10T16:36:20+00:00\" \/>\n<meta property=\"og:image\" content=\"https:\/\/florajia.com\/wp-content\/uploads\/2020\/02\/2-2.png\" \/>\n\t<meta property=\"og:image:width\" content=\"1080\" \/>\n\t<meta property=\"og:image:height\" content=\"1080\" \/>\n\t<meta property=\"og:image:type\" content=\"image\/png\" \/>\n<meta name=\"twitter:card\" content=\"summary_large_image\" \/>\n<meta name=\"twitter:site\" content=\"@florajiafleur\" \/>\n<meta name=\"twitter:label1\" content=\"Dur\u00e9e de lecture estim\u00e9e\" \/>\n\t<meta name=\"twitter:data1\" content=\"1 minute\" \/>\n<script type=\"application\/ld+json\" class=\"yoast-schema-graph\">{\"@context\":\"https:\/\/schema.org\",\"@graph\":[{\"@type\":\"WebPage\",\"@id\":\"https:\/\/florajia.com\/?product=boite-rose-rouge-2\",\"url\":\"https:\/\/florajia.com\/?product=boite-rose-rouge-2\",\"name\":\"Permalien https:\/\/florajia.com\/produit\/boite-rose-Mauve\/ \u200e\",\"isPartOf\":{\"@id\":\"https:\/\/florajia.com\/#website\"},\"datePublished\":\"2020-02-08T22:47:04+00:00\",\"dateModified\":\"2025-10-10T16:36:20+00:00\",\"description\":\"une boite de rose Mauve avec de tige de rose qualit\u00e9 pour C\u00e9l\u00e9brer des moments amoureux avec une rose rouge\",\"breadcrumb\":{\"@id\":\"https:\/\/florajia.com\/?product=boite-rose-rouge-2#breadcrumb\"},\"inLanguage\":\"fr-FR\",\"potentialAction\":[{\"@type\":\"ReadAction\",\"target\":[\"https:\/\/florajia.com\/?product=boite-rose-rouge-2\"]}]},{\"@type\":\"BreadcrumbList\",\"@id\":\"https:\/\/florajia.com\/?product=boite-rose-rouge-2#breadcrumb\",\"itemListElement\":[{\"@type\":\"ListItem\",\"position\":1,\"name\":\"Home\",\"item\":\"https:\/\/florajia.com\/\"},{\"@type\":\"ListItem\",\"position\":2,\"name\":\"Shop\",\"item\":\"https:\/\/florajia.com\/?page_id=345\"},{\"@type\":\"ListItem\",\"position\":3,\"name\":\"boite de rose\"}]},{\"@type\":\"WebSite\",\"@id\":\"https:\/\/florajia.com\/#website\",\"url\":\"https:\/\/florajia.com\/\",\"name\":\"www.Florajia.com\",\"description\":\"florajia c&#039;est un fleuriste   Sp\u00e9cialiste de livraison de bouquets de fleurs et rose qualite fleurissent  livraison partout \u00e0 Marrakech\",\"publisher\":{\"@id\":\"https:\/\/florajia.com\/#organization\"},\"potentialAction\":[{\"@type\":\"SearchAction\",\"target\":{\"@type\":\"EntryPoint\",\"urlTemplate\":\"https:\/\/florajia.com\/?s={search_term_string}\"},\"query-input\":\"required name=search_term_string\"}],\"inLanguage\":\"fr-FR\"},{\"@type\":\"Organization\",\"@id\":\"https:\/\/florajia.com\/#organization\",\"name\":\"Florajia\",\"url\":\"https:\/\/florajia.com\/\",\"logo\":{\"@type\":\"ImageObject\",\"inLanguage\":\"fr-FR\",\"@id\":\"https:\/\/florajia.com\/#\/schema\/logo\/image\/\",\"url\":\"https:\/\/florajia.com\/wp-content\/uploads\/2020\/02\/5e48499b45714_image_name-1.jpg\",\"contentUrl\":\"https:\/\/florajia.com\/wp-content\/uploads\/2020\/02\/5e48499b45714_image_name-1.jpg\",\"width\":512,\"height\":512,\"caption\":\"Florajia\"},\"image\":{\"@id\":\"https:\/\/florajia.com\/#\/schema\/logo\/image\/\"},\"sameAs\":[\"https:\/\/www.facebook.com\/florajiafleur\",\"https:\/\/twitter.com\/florajiafleur\",\"https:\/\/www.instagram.com\/florajiafleurs\",\"https:\/\/www.pinterest.com\/florajiafleurs\/\"]}]}<\/script>\n<!-- \/ Yoast SEO plugin. -->","yoast_head_json":{"title":"Permalien https:\/\/florajia.com\/produit\/boite-rose-Mauve\/ \u200e","description":"une boite de rose Mauve avec de tige de rose qualit\u00e9 pour C\u00e9l\u00e9brer des moments amoureux avec une rose rouge","robots":{"index":"index","follow":"follow","max-snippet":"max-snippet:-1","max-image-preview":"max-image-preview:large","max-video-preview":"max-video-preview:-1"},"canonical":"https:\/\/florajia.com\/?product=boite-rose-rouge-2","og_locale":"fr_FR","og_type":"article","og_title":"Permalien https:\/\/florajia.com\/produit\/boite-rose-Mauve\/ \u200e","og_description":"une boite de rose Mauve avec de tige de rose qualit\u00e9 pour C\u00e9l\u00e9brer des moments amoureux avec une rose rouge","og_url":"https:\/\/florajia.com\/?product=boite-rose-rouge-2","og_site_name":"www.Florajia.com","article_publisher":"https:\/\/www.facebook.com\/florajiafleur","article_modified_time":"2025-10-10T16:36:20+00:00","og_image":[{"width":1080,"height":1080,"url":"https:\/\/florajia.com\/wp-content\/uploads\/2020\/02\/2-2.png","type":"image\/png"}],"twitter_card":"summary_large_image","twitter_site":"@florajiafleur","twitter_misc":{"Dur\u00e9e de lecture estim\u00e9e":"1 minute"},"schema":{"@context":"https:\/\/schema.org","@graph":[{"@type":"WebPage","@id":"https:\/\/florajia.com\/?product=boite-rose-rouge-2","url":"https:\/\/florajia.com\/?product=boite-rose-rouge-2","name":"Permalien https:\/\/florajia.com\/produit\/boite-rose-Mauve\/ \u200e","isPartOf":{"@id":"https:\/\/florajia.com\/#website"},"datePublished":"2020-02-08T22:47:04+00:00","dateModified":"2025-10-10T16:36:20+00:00","description":"une boite de rose Mauve avec de tige de rose qualit\u00e9 pour C\u00e9l\u00e9brer des moments amoureux avec une rose rouge","breadcrumb":{"@id":"https:\/\/florajia.com\/?product=boite-rose-rouge-2#breadcrumb"},"inLanguage":"fr-FR","potentialAction":[{"@type":"ReadAction","target":["https:\/\/florajia.com\/?product=boite-rose-rouge-2"]}]},{"@type":"BreadcrumbList","@id":"https:\/\/florajia.com\/?product=boite-rose-rouge-2#breadcrumb","itemListElement":[{"@type":"ListItem","position":1,"name":"Home","item":"https:\/\/florajia.com\/"},{"@type":"ListItem","position":2,"name":"Shop","item":"https:\/\/florajia.com\/?page_id=345"},{"@type":"ListItem","position":3,"name":"boite de rose"}]},{"@type":"WebSite","@id":"https:\/\/florajia.com\/#website","url":"https:\/\/florajia.com\/","name":"www.Florajia.com","description":"florajia c&#039;est un fleuriste   Sp\u00e9cialiste de livraison de bouquets de fleurs et rose qualite fleurissent  livraison partout \u00e0 Marrakech","publisher":{"@id":"https:\/\/florajia.com\/#organization"},"potentialAction":[{"@type":"SearchAction","target":{"@type":"EntryPoint","urlTemplate":"https:\/\/florajia.com\/?s={search_term_string}"},"query-input":"required name=search_term_string"}],"inLanguage":"fr-FR"},{"@type":"Organization","@id":"https:\/\/florajia.com\/#organization","name":"Florajia","url":"https:\/\/florajia.com\/","logo":{"@type":"ImageObject","inLanguage":"fr-FR","@id":"https:\/\/florajia.com\/#\/schema\/logo\/image\/","url":"https:\/\/florajia.com\/wp-content\/uploads\/2020\/02\/5e48499b45714_image_name-1.jpg","contentUrl":"https:\/\/florajia.com\/wp-content\/uploads\/2020\/02\/5e48499b45714_image_name-1.jpg","width":512,"height":512,"caption":"Florajia"},"image":{"@id":"https:\/\/florajia.com\/#\/schema\/logo\/image\/"},"sameAs":["https:\/\/www.facebook.com\/florajiafleur","https:\/\/twitter.com\/florajiafleur","https:\/\/www.instagram.com\/florajiafleurs","https:\/\/www.pinterest.com\/florajiafleurs\/"]}]}},"_links":{"self":[{"href":"https:\/\/florajia.com\/index.php?rest_route=\/wp\/v2\/product\/8559"}],"collection":[{"href":"https:\/\/florajia.com\/index.php?rest_route=\/wp\/v2\/product"}],"about":[{"href":"https:\/\/florajia.com\/index.php?rest_route=\/wp\/v2\/types\/product"}],"replies":[{"embeddable":true,"href":"https:\/\/florajia.com\/index.php?rest_route=%2Fwp%2Fv2%2Fcomments&post=8559"}],"wp:featuredmedia":[{"embeddable":true,"href":"https:\/\/florajia.com\/index.php?rest_route=\/wp\/v2\/media\/13382"}],"wp:attachment":[{"href":"https:\/\/florajia.com\/index.php?rest_route=%2Fwp%2Fv2%2Fmedia&parent=8559"}],"wp:term":[{"taxonomy":"product_cat","embeddable":true,"href":"https:\/\/florajia.com\/index.php?rest_route=%2Fwp%2Fv2%2Fproduct_cat&post=8559"},{"taxonomy":"product_tag","embeddable":true,"href":"https:\/\/florajia.com\/index.php?rest_route=%2Fwp%2Fv2%2Fproduct_tag&post=8559"}],"curies":[{"name":"wp","href":"https:\/\/api.w.org\/{rel}","templated":true}]}}