{"id":8561,"date":"2020-02-09T01:47:29","date_gmt":"2020-02-08T22:47:29","guid":{"rendered":"http:\/\/florajia.com\/?post_type=product&#038;p=8561"},"modified":"2025-02-14T02:52:13","modified_gmt":"2025-02-13T23:52:13","slug":"fleurs-damour-2","status":"publish","type":"product","link":"https:\/\/florajia.com\/?product=fleurs-damour-2","title":{"rendered":"fleurs d&rsquo;amour"},"content":{"rendered":"<style type=\"text\/css\"><!--td {border: 1px solid #ccc;}br {mso-data-placement:same-cell;}--><\/style>\n<p>Bouquets de Fleurs d&rsquo;Amour : Exprimez Vos Sentiments avec \u00c9l\u00e9gance\u00a0\u00bb<\/p>\n<p>D\u00e9couvrez notre s\u00e9lection de bouquets de fleurs d&rsquo;amour, id\u00e9aux pour exprimer vos \u00e9motions les plus profondes. Choisissez parmi une vari\u00e9t\u00e9 de fleurs symboliques et laissez la passion s&rsquo;\u00e9panouir. Commandez d\u00e8s aujourd&rsquo;hui pour une livraison rapide et une touche romantique garantie.<\/p>\n","protected":false},"excerpt":{"rendered":"<style type=\"text\/css\"><!--td {border: 1px solid #ccc;}br {mso-data-placement:same-cell;}--><\/style>\n<p><span data-sheets-value=\"{&quot;1&quot;:2,&quot;2&quot;:&quot;Un bouquet de mille mots&quot;}\" data-sheets-userformat=\"{&quot;2&quot;:513,&quot;3&quot;:{&quot;1&quot;:0},&quot;12&quot;:0}\">Un bouquet \u00ab\u00a0Fleurs d&rsquo;amour\u00a0\u00bb incarne la passion et l&rsquo;expression la plus pure de l&rsquo;affection. Compos\u00e9 de roses rouges, symboles intemporels de l&rsquo;amour ardent, associ\u00e9es \u00e0 des lys blancs \u00e9l\u00e9gants repr\u00e9sentant la puret\u00e9 et la sinc\u00e9rit\u00e9 des sentiments, ce bouquet \u00e9voque une d\u00e9claration d&rsquo;amour profonde et sinc\u00e8re. Les fleurs sont soigneusement arrang\u00e9es pour capturer l&rsquo;essence m\u00eame de l&rsquo;amour et cr\u00e9er un cadeau floral qui \u00e9meut le c\u0153ur et enchante les sens. Offrir un bouquet \u00ab\u00a0Fleurs d&rsquo;amour\u00a0\u00bb est une fa\u00e7on exquise de t\u00e9moigner son amour et sa d\u00e9votion \u00e0 un \u00eatre cher lors d&rsquo;occasions sp\u00e9ciales ou simplement pour exprimer ses sentiments avec gr\u00e2ce et beaut\u00e9<\/span><\/p>\n<p><img decoding=\"async\" loading=\"lazy\" class=\"alignnone wp-image-13330 size-medium\" src=\"https:\/\/florajia.com\/wp-content\/uploads\/2022\/04\/paiement-en-ligne-10-securise-2-removebg-preview-300x72.png\" alt=\"\" width=\"300\" height=\"72\" srcset=\"https:\/\/florajia.com\/wp-content\/uploads\/2022\/04\/paiement-en-ligne-10-securise-2-removebg-preview-300x72.png 300w, https:\/\/florajia.com\/wp-content\/uploads\/2022\/04\/paiement-en-ligne-10-securise-2-removebg-preview-600x144.png 600w, https:\/\/florajia.com\/wp-content\/uploads\/2022\/04\/paiement-en-ligne-10-securise-2-removebg-preview.png 769w\" sizes=\"(max-width: 300px) 100vw, 300px\" \/><\/p>\n","protected":false},"featured_media":8579,"comment_status":"open","ping_status":"closed","template":"","meta":{"_joinchat":[]},"product_cat":[45],"product_tag":[],"yoast_head":"<!-- This site is optimized with the Yoast SEO plugin v20.13 - https:\/\/yoast.com\/wordpress\/plugins\/seo\/ -->\n<title>&quot;Bouquets de Fleurs d&#039;Amour : Exprimez Vos Sentiments<\/title>\n<meta name=\"description\" content=\"&quot;D\u00e9couvrez notre s\u00e9lection de bouquets de fleurs d&#039;amour, parfaitement con\u00e7us pour exprimer vos sentiments les plus profonds. Choisissez parmi\" \/>\n<meta name=\"robots\" content=\"index, follow, max-snippet:-1, max-image-preview:large, max-video-preview:-1\" \/>\n<link rel=\"canonical\" href=\"https:\/\/florajia.com\/?product=fleurs-damour-2\" \/>\n<meta property=\"og:locale\" content=\"fr_FR\" \/>\n<meta property=\"og:type\" content=\"article\" \/>\n<meta property=\"og:title\" content=\"&quot;Bouquets de Fleurs d&#039;Amour : Exprimez Vos Sentiments\" \/>\n<meta property=\"og:description\" content=\"&quot;D\u00e9couvrez notre s\u00e9lection de bouquets de fleurs d&#039;amour, parfaitement con\u00e7us pour exprimer vos sentiments les plus profonds. Choisissez parmi\" \/>\n<meta property=\"og:url\" content=\"https:\/\/florajia.com\/?product=fleurs-damour-2\" \/>\n<meta property=\"og:site_name\" content=\"www.Florajia.com\" \/>\n<meta property=\"article:publisher\" content=\"https:\/\/www.facebook.com\/florajiafleur\" \/>\n<meta property=\"article:modified_time\" content=\"2025-02-13T23:52:13+00:00\" \/>\n<meta property=\"og:image\" content=\"https:\/\/florajia.com\/wp-content\/uploads\/2020\/02\/florajia-bouquet-de-rose-rouge-.jpg\" \/>\n\t<meta property=\"og:image:width\" content=\"828\" \/>\n\t<meta property=\"og:image:height\" content=\"1000\" \/>\n\t<meta property=\"og:image:type\" content=\"image\/jpeg\" \/>\n<meta name=\"twitter:card\" content=\"summary_large_image\" \/>\n<meta name=\"twitter:site\" content=\"@florajiafleur\" \/>\n<meta name=\"twitter:label1\" content=\"Dur\u00e9e de lecture estim\u00e9e\" \/>\n\t<meta name=\"twitter:data1\" content=\"1 minute\" \/>\n<script type=\"application\/ld+json\" class=\"yoast-schema-graph\">{\"@context\":\"https:\/\/schema.org\",\"@graph\":[{\"@type\":\"WebPage\",\"@id\":\"https:\/\/florajia.com\/?product=fleurs-damour-2\",\"url\":\"https:\/\/florajia.com\/?product=fleurs-damour-2\",\"name\":\"\\\"Bouquets de Fleurs d'Amour : Exprimez Vos Sentiments\",\"isPartOf\":{\"@id\":\"https:\/\/florajia.com\/#website\"},\"datePublished\":\"2020-02-08T22:47:29+00:00\",\"dateModified\":\"2025-02-13T23:52:13+00:00\",\"description\":\"\\\"D\u00e9couvrez notre s\u00e9lection de bouquets de fleurs d'amour, parfaitement con\u00e7us pour exprimer vos sentiments les plus profonds. Choisissez parmi\",\"breadcrumb\":{\"@id\":\"https:\/\/florajia.com\/?product=fleurs-damour-2#breadcrumb\"},\"inLanguage\":\"fr-FR\",\"potentialAction\":[{\"@type\":\"ReadAction\",\"target\":[\"https:\/\/florajia.com\/?product=fleurs-damour-2\"]}]},{\"@type\":\"BreadcrumbList\",\"@id\":\"https:\/\/florajia.com\/?product=fleurs-damour-2#breadcrumb\",\"itemListElement\":[{\"@type\":\"ListItem\",\"position\":1,\"name\":\"Home\",\"item\":\"https:\/\/florajia.com\/\"},{\"@type\":\"ListItem\",\"position\":2,\"name\":\"Shop\",\"item\":\"https:\/\/florajia.com\/?page_id=345\"},{\"@type\":\"ListItem\",\"position\":3,\"name\":\"fleurs d&rsquo;amour\"}]},{\"@type\":\"WebSite\",\"@id\":\"https:\/\/florajia.com\/#website\",\"url\":\"https:\/\/florajia.com\/\",\"name\":\"www.Florajia.com\",\"description\":\"florajia c&#039;est un fleuriste   Sp\u00e9cialiste de livraison de bouquets de fleurs et rose qualite fleurissent  livraison partout \u00e0 Marrakech\",\"publisher\":{\"@id\":\"https:\/\/florajia.com\/#organization\"},\"potentialAction\":[{\"@type\":\"SearchAction\",\"target\":{\"@type\":\"EntryPoint\",\"urlTemplate\":\"https:\/\/florajia.com\/?s={search_term_string}\"},\"query-input\":\"required name=search_term_string\"}],\"inLanguage\":\"fr-FR\"},{\"@type\":\"Organization\",\"@id\":\"https:\/\/florajia.com\/#organization\",\"name\":\"Florajia\",\"url\":\"https:\/\/florajia.com\/\",\"logo\":{\"@type\":\"ImageObject\",\"inLanguage\":\"fr-FR\",\"@id\":\"https:\/\/florajia.com\/#\/schema\/logo\/image\/\",\"url\":\"https:\/\/florajia.com\/wp-content\/uploads\/2020\/02\/5e48499b45714_image_name-1.jpg\",\"contentUrl\":\"https:\/\/florajia.com\/wp-content\/uploads\/2020\/02\/5e48499b45714_image_name-1.jpg\",\"width\":512,\"height\":512,\"caption\":\"Florajia\"},\"image\":{\"@id\":\"https:\/\/florajia.com\/#\/schema\/logo\/image\/\"},\"sameAs\":[\"https:\/\/www.facebook.com\/florajiafleur\",\"https:\/\/twitter.com\/florajiafleur\",\"https:\/\/www.instagram.com\/florajiafleurs\",\"https:\/\/www.pinterest.com\/florajiafleurs\/\"]}]}<\/script>\n<!-- \/ Yoast SEO plugin. -->","yoast_head_json":{"title":"\"Bouquets de Fleurs d'Amour : Exprimez Vos Sentiments","description":"\"D\u00e9couvrez notre s\u00e9lection de bouquets de fleurs d'amour, parfaitement con\u00e7us pour exprimer vos sentiments les plus profonds. Choisissez parmi","robots":{"index":"index","follow":"follow","max-snippet":"max-snippet:-1","max-image-preview":"max-image-preview:large","max-video-preview":"max-video-preview:-1"},"canonical":"https:\/\/florajia.com\/?product=fleurs-damour-2","og_locale":"fr_FR","og_type":"article","og_title":"\"Bouquets de Fleurs d'Amour : Exprimez Vos Sentiments","og_description":"\"D\u00e9couvrez notre s\u00e9lection de bouquets de fleurs d'amour, parfaitement con\u00e7us pour exprimer vos sentiments les plus profonds. Choisissez parmi","og_url":"https:\/\/florajia.com\/?product=fleurs-damour-2","og_site_name":"www.Florajia.com","article_publisher":"https:\/\/www.facebook.com\/florajiafleur","article_modified_time":"2025-02-13T23:52:13+00:00","og_image":[{"width":828,"height":1000,"url":"https:\/\/florajia.com\/wp-content\/uploads\/2020\/02\/florajia-bouquet-de-rose-rouge-.jpg","type":"image\/jpeg"}],"twitter_card":"summary_large_image","twitter_site":"@florajiafleur","twitter_misc":{"Dur\u00e9e de lecture estim\u00e9e":"1 minute"},"schema":{"@context":"https:\/\/schema.org","@graph":[{"@type":"WebPage","@id":"https:\/\/florajia.com\/?product=fleurs-damour-2","url":"https:\/\/florajia.com\/?product=fleurs-damour-2","name":"\"Bouquets de Fleurs d'Amour : Exprimez Vos Sentiments","isPartOf":{"@id":"https:\/\/florajia.com\/#website"},"datePublished":"2020-02-08T22:47:29+00:00","dateModified":"2025-02-13T23:52:13+00:00","description":"\"D\u00e9couvrez notre s\u00e9lection de bouquets de fleurs d'amour, parfaitement con\u00e7us pour exprimer vos sentiments les plus profonds. Choisissez parmi","breadcrumb":{"@id":"https:\/\/florajia.com\/?product=fleurs-damour-2#breadcrumb"},"inLanguage":"fr-FR","potentialAction":[{"@type":"ReadAction","target":["https:\/\/florajia.com\/?product=fleurs-damour-2"]}]},{"@type":"BreadcrumbList","@id":"https:\/\/florajia.com\/?product=fleurs-damour-2#breadcrumb","itemListElement":[{"@type":"ListItem","position":1,"name":"Home","item":"https:\/\/florajia.com\/"},{"@type":"ListItem","position":2,"name":"Shop","item":"https:\/\/florajia.com\/?page_id=345"},{"@type":"ListItem","position":3,"name":"fleurs d&rsquo;amour"}]},{"@type":"WebSite","@id":"https:\/\/florajia.com\/#website","url":"https:\/\/florajia.com\/","name":"www.Florajia.com","description":"florajia c&#039;est un fleuriste   Sp\u00e9cialiste de livraison de bouquets de fleurs et rose qualite fleurissent  livraison partout \u00e0 Marrakech","publisher":{"@id":"https:\/\/florajia.com\/#organization"},"potentialAction":[{"@type":"SearchAction","target":{"@type":"EntryPoint","urlTemplate":"https:\/\/florajia.com\/?s={search_term_string}"},"query-input":"required name=search_term_string"}],"inLanguage":"fr-FR"},{"@type":"Organization","@id":"https:\/\/florajia.com\/#organization","name":"Florajia","url":"https:\/\/florajia.com\/","logo":{"@type":"ImageObject","inLanguage":"fr-FR","@id":"https:\/\/florajia.com\/#\/schema\/logo\/image\/","url":"https:\/\/florajia.com\/wp-content\/uploads\/2020\/02\/5e48499b45714_image_name-1.jpg","contentUrl":"https:\/\/florajia.com\/wp-content\/uploads\/2020\/02\/5e48499b45714_image_name-1.jpg","width":512,"height":512,"caption":"Florajia"},"image":{"@id":"https:\/\/florajia.com\/#\/schema\/logo\/image\/"},"sameAs":["https:\/\/www.facebook.com\/florajiafleur","https:\/\/twitter.com\/florajiafleur","https:\/\/www.instagram.com\/florajiafleurs","https:\/\/www.pinterest.com\/florajiafleurs\/"]}]}},"_links":{"self":[{"href":"https:\/\/florajia.com\/index.php?rest_route=\/wp\/v2\/product\/8561"}],"collection":[{"href":"https:\/\/florajia.com\/index.php?rest_route=\/wp\/v2\/product"}],"about":[{"href":"https:\/\/florajia.com\/index.php?rest_route=\/wp\/v2\/types\/product"}],"replies":[{"embeddable":true,"href":"https:\/\/florajia.com\/index.php?rest_route=%2Fwp%2Fv2%2Fcomments&post=8561"}],"wp:featuredmedia":[{"embeddable":true,"href":"https:\/\/florajia.com\/index.php?rest_route=\/wp\/v2\/media\/8579"}],"wp:attachment":[{"href":"https:\/\/florajia.com\/index.php?rest_route=%2Fwp%2Fv2%2Fmedia&parent=8561"}],"wp:term":[{"taxonomy":"product_cat","embeddable":true,"href":"https:\/\/florajia.com\/index.php?rest_route=%2Fwp%2Fv2%2Fproduct_cat&post=8561"},{"taxonomy":"product_tag","embeddable":true,"href":"https:\/\/florajia.com\/index.php?rest_route=%2Fwp%2Fv2%2Fproduct_tag&post=8561"}],"curies":[{"name":"wp","href":"https:\/\/api.w.org\/{rel}","templated":true}]}}