{"id":87,"date":"2013-06-07T11:34:14","date_gmt":"2013-06-07T08:34:14","guid":{"rendered":"http:\/\/demo2.woothemes.com\/woocommerce\/?post_type=product&#038;p=87"},"modified":"2023-12-12T15:05:36","modified_gmt":"2023-12-12T12:05:36","slug":"sansevieria-zeylanica","status":"publish","type":"product","link":"https:\/\/florajia.com\/?product=sansevieria-zeylanica","title":{"rendered":"SANSEVIERIA ZEYLANICA"},"content":{"rendered":"<style type=\"text\/css\"><!--td {border: 1px solid #ccc;}br {mso-data-placement:same-cell;}--><\/style>\n<p><span data-sheets-value=\"{&quot;1&quot;:2,&quot;2&quot;:&quot;Sansevieria.zeylanica surprise par la forme inhabituelle de ses feuilles. En fait, ils sont triangulaires et viennent en coloration verte, grise et blanche. Le r\u00e9sultat est \u00e0 la fois graphique et lumineux et vous apportera sans aucun doute une touche d'\u00e9tranget\u00e9. De plus, c'est une plante tr\u00e8s facile \u00e0 cultiver et sera parfaite pour les cultivateurs d\u00e9butants qui veulent avoir un coin vert \u00e0 la maison.&quot;}\" data-sheets-userformat=\"{&quot;2&quot;:513,&quot;3&quot;:{&quot;1&quot;:0},&quot;12&quot;:0}\">Sansevieria.zeylanica surprise par la forme inhabituelle de ses feuilles. En fait, ils sont triangulaires et viennent en coloration verte, grise et blanche. Le r\u00e9sultat est \u00e0 la fois graphique et lumineux et vous apportera sans aucun doute une touche d&rsquo;\u00e9tranget\u00e9. De plus, c&rsquo;est une plante tr\u00e8s facile \u00e0 cultiver et sera parfaite pour les cultivateurs d\u00e9butants qui veulent avoir un coin vert \u00e0 la maison.<\/span><\/p>\n","protected":false},"excerpt":{"rendered":"<style type=\"text\/css\"><!--td {border: 1px solid #ccc;}br {mso-data-placement:same-cell;}--><\/style>\n<p><span data-sheets-value=\"{&quot;1&quot;:2,&quot;2&quot;:&quot; Les feuilles panach\u00e9es vert clair, gris et blanc\\nUne plante d\u00e9polluante\\nFacile d'entretien\\nplus florajia offert une arrosoir cadeau. &quot;}\" data-sheets-userformat=\"{&quot;2&quot;:513,&quot;3&quot;:{&quot;1&quot;:0},&quot;12&quot;:0}\"> Les feuilles panach\u00e9es vert clair, gris et blanc<br \/>\nUne plante d\u00e9polluante<br \/>\nFacile d&rsquo;entretien<br \/>\nplus florajia offert une arrosoir cadeau.<\/span><\/p>\n<p><img decoding=\"async\" loading=\"lazy\" class=\"alignnone wp-image-13330 size-medium\" src=\"https:\/\/florajia.com\/wp-content\/uploads\/2022\/04\/paiement-en-ligne-10-securise-2-removebg-preview-300x72.png\" alt=\"\" width=\"300\" height=\"72\" srcset=\"https:\/\/florajia.com\/wp-content\/uploads\/2022\/04\/paiement-en-ligne-10-securise-2-removebg-preview-300x72.png 300w, https:\/\/florajia.com\/wp-content\/uploads\/2022\/04\/paiement-en-ligne-10-securise-2-removebg-preview-600x144.png 600w, https:\/\/florajia.com\/wp-content\/uploads\/2022\/04\/paiement-en-ligne-10-securise-2-removebg-preview.png 769w\" sizes=\"(max-width: 300px) 100vw, 300px\" \/><\/p>\n","protected":false},"featured_media":8695,"comment_status":"open","ping_status":"closed","template":"","meta":{"_joinchat":[]},"product_cat":[29],"product_tag":[],"yoast_head":"<!-- This site is optimized with the Yoast SEO plugin v20.13 - https:\/\/yoast.com\/wordpress\/plugins\/seo\/ -->\n<title>SANSEVIERIA ZEYLANICA - www.Florajia.com<\/title>\n<meta name=\"robots\" content=\"index, follow, max-snippet:-1, max-image-preview:large, max-video-preview:-1\" \/>\n<link rel=\"canonical\" href=\"https:\/\/florajia.com\/?product=sansevieria-zeylanica\" \/>\n<meta property=\"og:locale\" content=\"fr_FR\" \/>\n<meta property=\"og:type\" content=\"article\" \/>\n<meta property=\"og:title\" content=\"SANSEVIERIA ZEYLANICA - www.Florajia.com\" \/>\n<meta property=\"og:description\" content=\"Les feuilles panach\u00e9es vert clair, gris et blanc Une plante d\u00e9polluante Facile d&#039;entretien plus florajia offert une arrosoir cadeau.\" \/>\n<meta property=\"og:url\" content=\"https:\/\/florajia.com\/?product=sansevieria-zeylanica\" \/>\n<meta property=\"og:site_name\" content=\"www.Florajia.com\" \/>\n<meta property=\"article:publisher\" content=\"https:\/\/www.facebook.com\/florajiafleur\" \/>\n<meta property=\"article:modified_time\" content=\"2023-12-12T12:05:36+00:00\" \/>\n<meta property=\"og:image\" content=\"https:\/\/florajia.com\/wp-content\/uploads\/2013\/06\/sansevieria-zeylanica...png\" \/>\n\t<meta property=\"og:image:width\" content=\"1080\" \/>\n\t<meta property=\"og:image:height\" content=\"1080\" \/>\n\t<meta property=\"og:image:type\" content=\"image\/png\" \/>\n<meta name=\"twitter:card\" content=\"summary_large_image\" \/>\n<meta name=\"twitter:site\" content=\"@florajiafleur\" \/>\n<script type=\"application\/ld+json\" class=\"yoast-schema-graph\">{\"@context\":\"https:\/\/schema.org\",\"@graph\":[{\"@type\":\"WebPage\",\"@id\":\"https:\/\/florajia.com\/?product=sansevieria-zeylanica\",\"url\":\"https:\/\/florajia.com\/?product=sansevieria-zeylanica\",\"name\":\"SANSEVIERIA ZEYLANICA - www.Florajia.com\",\"isPartOf\":{\"@id\":\"https:\/\/florajia.com\/#website\"},\"datePublished\":\"2013-06-07T08:34:14+00:00\",\"dateModified\":\"2023-12-12T12:05:36+00:00\",\"breadcrumb\":{\"@id\":\"https:\/\/florajia.com\/?product=sansevieria-zeylanica#breadcrumb\"},\"inLanguage\":\"fr-FR\",\"potentialAction\":[{\"@type\":\"ReadAction\",\"target\":[\"https:\/\/florajia.com\/?product=sansevieria-zeylanica\"]}]},{\"@type\":\"BreadcrumbList\",\"@id\":\"https:\/\/florajia.com\/?product=sansevieria-zeylanica#breadcrumb\",\"itemListElement\":[{\"@type\":\"ListItem\",\"position\":1,\"name\":\"Home\",\"item\":\"https:\/\/florajia.com\/\"},{\"@type\":\"ListItem\",\"position\":2,\"name\":\"Shop\",\"item\":\"https:\/\/florajia.com\/?page_id=345\"},{\"@type\":\"ListItem\",\"position\":3,\"name\":\"calathea m\u00e9daillon\",\"item\":\"https:\/\/florajia.com\/?product=calathea-medaillon\"},{\"@type\":\"ListItem\",\"position\":4,\"name\":\"SANSEVIERIA ZEYLANICA\"}]},{\"@type\":\"WebSite\",\"@id\":\"https:\/\/florajia.com\/#website\",\"url\":\"https:\/\/florajia.com\/\",\"name\":\"www.Florajia.com\",\"description\":\"florajia c&#039;est un fleuriste   Sp\u00e9cialiste de livraison de bouquets de fleurs et rose qualite fleurissent  livraison partout \u00e0 Marrakech\",\"publisher\":{\"@id\":\"https:\/\/florajia.com\/#organization\"},\"potentialAction\":[{\"@type\":\"SearchAction\",\"target\":{\"@type\":\"EntryPoint\",\"urlTemplate\":\"https:\/\/florajia.com\/?s={search_term_string}\"},\"query-input\":\"required name=search_term_string\"}],\"inLanguage\":\"fr-FR\"},{\"@type\":\"Organization\",\"@id\":\"https:\/\/florajia.com\/#organization\",\"name\":\"Florajia\",\"url\":\"https:\/\/florajia.com\/\",\"logo\":{\"@type\":\"ImageObject\",\"inLanguage\":\"fr-FR\",\"@id\":\"https:\/\/florajia.com\/#\/schema\/logo\/image\/\",\"url\":\"https:\/\/florajia.com\/wp-content\/uploads\/2020\/02\/5e48499b45714_image_name-1.jpg\",\"contentUrl\":\"https:\/\/florajia.com\/wp-content\/uploads\/2020\/02\/5e48499b45714_image_name-1.jpg\",\"width\":512,\"height\":512,\"caption\":\"Florajia\"},\"image\":{\"@id\":\"https:\/\/florajia.com\/#\/schema\/logo\/image\/\"},\"sameAs\":[\"https:\/\/www.facebook.com\/florajiafleur\",\"https:\/\/twitter.com\/florajiafleur\",\"https:\/\/www.instagram.com\/florajiafleurs\",\"https:\/\/www.pinterest.com\/florajiafleurs\/\"]}]}<\/script>\n<!-- \/ Yoast SEO plugin. -->","yoast_head_json":{"title":"SANSEVIERIA ZEYLANICA - www.Florajia.com","robots":{"index":"index","follow":"follow","max-snippet":"max-snippet:-1","max-image-preview":"max-image-preview:large","max-video-preview":"max-video-preview:-1"},"canonical":"https:\/\/florajia.com\/?product=sansevieria-zeylanica","og_locale":"fr_FR","og_type":"article","og_title":"SANSEVIERIA ZEYLANICA - www.Florajia.com","og_description":"Les feuilles panach\u00e9es vert clair, gris et blanc Une plante d\u00e9polluante Facile d'entretien plus florajia offert une arrosoir cadeau.","og_url":"https:\/\/florajia.com\/?product=sansevieria-zeylanica","og_site_name":"www.Florajia.com","article_publisher":"https:\/\/www.facebook.com\/florajiafleur","article_modified_time":"2023-12-12T12:05:36+00:00","og_image":[{"width":1080,"height":1080,"url":"https:\/\/florajia.com\/wp-content\/uploads\/2013\/06\/sansevieria-zeylanica...png","type":"image\/png"}],"twitter_card":"summary_large_image","twitter_site":"@florajiafleur","schema":{"@context":"https:\/\/schema.org","@graph":[{"@type":"WebPage","@id":"https:\/\/florajia.com\/?product=sansevieria-zeylanica","url":"https:\/\/florajia.com\/?product=sansevieria-zeylanica","name":"SANSEVIERIA ZEYLANICA - www.Florajia.com","isPartOf":{"@id":"https:\/\/florajia.com\/#website"},"datePublished":"2013-06-07T08:34:14+00:00","dateModified":"2023-12-12T12:05:36+00:00","breadcrumb":{"@id":"https:\/\/florajia.com\/?product=sansevieria-zeylanica#breadcrumb"},"inLanguage":"fr-FR","potentialAction":[{"@type":"ReadAction","target":["https:\/\/florajia.com\/?product=sansevieria-zeylanica"]}]},{"@type":"BreadcrumbList","@id":"https:\/\/florajia.com\/?product=sansevieria-zeylanica#breadcrumb","itemListElement":[{"@type":"ListItem","position":1,"name":"Home","item":"https:\/\/florajia.com\/"},{"@type":"ListItem","position":2,"name":"Shop","item":"https:\/\/florajia.com\/?page_id=345"},{"@type":"ListItem","position":3,"name":"calathea m\u00e9daillon","item":"https:\/\/florajia.com\/?product=calathea-medaillon"},{"@type":"ListItem","position":4,"name":"SANSEVIERIA ZEYLANICA"}]},{"@type":"WebSite","@id":"https:\/\/florajia.com\/#website","url":"https:\/\/florajia.com\/","name":"www.Florajia.com","description":"florajia c&#039;est un fleuriste   Sp\u00e9cialiste de livraison de bouquets de fleurs et rose qualite fleurissent  livraison partout \u00e0 Marrakech","publisher":{"@id":"https:\/\/florajia.com\/#organization"},"potentialAction":[{"@type":"SearchAction","target":{"@type":"EntryPoint","urlTemplate":"https:\/\/florajia.com\/?s={search_term_string}"},"query-input":"required name=search_term_string"}],"inLanguage":"fr-FR"},{"@type":"Organization","@id":"https:\/\/florajia.com\/#organization","name":"Florajia","url":"https:\/\/florajia.com\/","logo":{"@type":"ImageObject","inLanguage":"fr-FR","@id":"https:\/\/florajia.com\/#\/schema\/logo\/image\/","url":"https:\/\/florajia.com\/wp-content\/uploads\/2020\/02\/5e48499b45714_image_name-1.jpg","contentUrl":"https:\/\/florajia.com\/wp-content\/uploads\/2020\/02\/5e48499b45714_image_name-1.jpg","width":512,"height":512,"caption":"Florajia"},"image":{"@id":"https:\/\/florajia.com\/#\/schema\/logo\/image\/"},"sameAs":["https:\/\/www.facebook.com\/florajiafleur","https:\/\/twitter.com\/florajiafleur","https:\/\/www.instagram.com\/florajiafleurs","https:\/\/www.pinterest.com\/florajiafleurs\/"]}]}},"_links":{"self":[{"href":"https:\/\/florajia.com\/index.php?rest_route=\/wp\/v2\/product\/87"}],"collection":[{"href":"https:\/\/florajia.com\/index.php?rest_route=\/wp\/v2\/product"}],"about":[{"href":"https:\/\/florajia.com\/index.php?rest_route=\/wp\/v2\/types\/product"}],"replies":[{"embeddable":true,"href":"https:\/\/florajia.com\/index.php?rest_route=%2Fwp%2Fv2%2Fcomments&post=87"}],"wp:featuredmedia":[{"embeddable":true,"href":"https:\/\/florajia.com\/index.php?rest_route=\/wp\/v2\/media\/8695"}],"wp:attachment":[{"href":"https:\/\/florajia.com\/index.php?rest_route=%2Fwp%2Fv2%2Fmedia&parent=87"}],"wp:term":[{"taxonomy":"product_cat","embeddable":true,"href":"https:\/\/florajia.com\/index.php?rest_route=%2Fwp%2Fv2%2Fproduct_cat&post=87"},{"taxonomy":"product_tag","embeddable":true,"href":"https:\/\/florajia.com\/index.php?rest_route=%2Fwp%2Fv2%2Fproduct_tag&post=87"}],"curies":[{"name":"wp","href":"https:\/\/api.w.org\/{rel}","templated":true}]}}