{"id":8852,"date":"2020-02-12T16:44:48","date_gmt":"2020-02-12T13:44:48","guid":{"rendered":"http:\/\/florajia.com\/?post_type=product&#038;p=8852"},"modified":"2024-03-18T01:18:26","modified_gmt":"2024-03-17T22:18:26","slug":"coeur-de-rose-rouge-pourrait-etre-coeur-de-rose-rouge","status":"publish","type":"product","link":"https:\/\/florajia.com\/?product=coeur-de-rose-rouge-pourrait-etre-coeur-de-rose-rouge","title":{"rendered":"coeur de rose rouge"},"content":{"rendered":"<p>&nbsp;<\/p>\n<div class=\"flex-1 overflow-hidden\">\n<div class=\"react-scroll-to-bottom--css-fkvuv-79elbk h-full\">\n<div class=\"react-scroll-to-bottom--css-fkvuv-1n7m0yu\">\n<div class=\"flex flex-col text-sm pb-9\">\n<div class=\"w-full text-token-text-primary\" data-testid=\"conversation-turn-5\">\n<div class=\"px-4 py-2 justify-center text-base md:gap-6 m-auto\">\n<div class=\"flex flex-1 text-base mx-auto gap-3 md:px-5 lg:px-1 xl:px-5 md:max-w-3xl lg:max-w-[40rem] xl:max-w-[48rem] group final-completion\">\n<div class=\"relative flex w-full flex-col agent-turn\">\n<div class=\"flex-col gap-1 md:gap-3\">\n<div class=\"flex flex-grow flex-col max-w-full\">\n<div class=\"min-h-[20px] text-message flex flex-col items-start gap-3 whitespace-pre-wrap break-words [.text-message+&amp;]:mt-5 overflow-x-auto\" data-message-author-role=\"assistant\" data-message-id=\"c94b74d1-bf80-464f-9d46-24b315e24763\">\n<div class=\"markdown prose w-full break-words dark:prose-invert light\">\n<p>Coeur de rose rouge\u00a0\u00bb signifie \u00ab\u00a0c\u0153ur de rose rouge\u00a0\u00bb en fran\u00e7ais. C&rsquo;est une expression po\u00e9tique qui \u00e9voque le centre ou l&rsquo;essence d&rsquo;une rose rouge. <button class=\"flex items-center gap-1.5 rounded-md p-1 text-xs text-token-text-tertiary hover:text-token-text-primary md:invisible md:group-hover:visible md:group-[.final-completion]:visible\"><\/button><\/p>\n<\/div>\n<\/div>\n<\/div>\n<div class=\"pr-2 lg:pr-0\"><\/div>\n<\/div>\n<div class=\"absolute\">\n<div class=\"flex w-full gap-2 items-center justify-center\"><\/div>\n<\/div>\n<\/div>\n<\/div>\n<\/div>\n<\/div>\n<\/div>\n<\/div>\n<\/div>\n<\/div>\n<div class=\"w-full pt-2 md:pt-0 dark:border-white\/20 md:border-transparent md:dark:border-transparent md:w-[calc(100%-.5rem)]\">\n<form class=\"stretch mx-2 flex flex-row gap-3 last:mb-2 md:mx-4 md:last:mb-6 lg:mx-auto lg:max-w-2xl xl:max-w-3xl\">\n<div class=\"relative flex h-full flex-1 flex-col\">\n<div class=\"flex w-full items-center\"><\/div>\n<\/div>\n<\/form>\n<\/div>\n","protected":false},"excerpt":{"rendered":"<p>D\u00e9couvrez la profondeur envo\u00fbtante du c\u0153ur d&rsquo;une rose rouge. Symbole \u00e9loquent de passion et d&rsquo;amour \u00e9ternel, le coeur de cette fleur embl\u00e9matique offre un \u00e9clat captivant. Plongez dans l&rsquo;intensit\u00e9 de son \u00e9carlate velout\u00e9 et laissez-vous envo\u00fbter par la beaut\u00e9 intemporelle qui \u00e9mane de chaque p\u00e9tale. Explorez l&rsquo;univers sensoriel des roses rouges et laissez-vous transporter par leur fragrance enivrante et leur symbolisme romantique<\/p>\n<p><img decoding=\"async\" loading=\"lazy\" class=\"alignnone wp-image-13330 size-medium\" src=\"https:\/\/florajia.com\/wp-content\/uploads\/2022\/04\/paiement-en-ligne-10-securise-2-removebg-preview-300x72.png\" alt=\"\" width=\"300\" height=\"72\" srcset=\"https:\/\/florajia.com\/wp-content\/uploads\/2022\/04\/paiement-en-ligne-10-securise-2-removebg-preview-300x72.png 300w, https:\/\/florajia.com\/wp-content\/uploads\/2022\/04\/paiement-en-ligne-10-securise-2-removebg-preview-600x144.png 600w, https:\/\/florajia.com\/wp-content\/uploads\/2022\/04\/paiement-en-ligne-10-securise-2-removebg-preview.png 769w\" sizes=\"(max-width: 300px) 100vw, 300px\" \/><\/p>\n","protected":false},"featured_media":8853,"comment_status":"open","ping_status":"closed","template":"","meta":{"_joinchat":[]},"product_cat":[64],"product_tag":[],"yoast_head":"<!-- This site is optimized with the Yoast SEO plugin v20.13 - https:\/\/yoast.com\/wordpress\/plugins\/seo\/ -->\n<title>un coeur de rose rouge la vie en Rose joyeux anniversaire<\/title>\n<meta name=\"description\" content=\"&quot;D\u00e9couvrez la beaut\u00e9 intemporelle du coeur de rose rouge. Explorez la symbolique de l&#039;amour et de la passion incarn\u00e9e dans chaque p\u00e9tale\" \/>\n<meta name=\"robots\" content=\"index, follow, max-snippet:-1, max-image-preview:large, max-video-preview:-1\" \/>\n<link rel=\"canonical\" href=\"https:\/\/florajia.com\/?product=coeur-de-rose-rouge-pourrait-etre-coeur-de-rose-rouge\" \/>\n<meta property=\"og:locale\" content=\"fr_FR\" \/>\n<meta property=\"og:type\" content=\"article\" \/>\n<meta property=\"og:title\" content=\"un coeur de rose rouge la vie en Rose joyeux anniversaire\" \/>\n<meta property=\"og:description\" content=\"&quot;D\u00e9couvrez la beaut\u00e9 intemporelle du coeur de rose rouge. Explorez la symbolique de l&#039;amour et de la passion incarn\u00e9e dans chaque p\u00e9tale\" \/>\n<meta property=\"og:url\" content=\"https:\/\/florajia.com\/?product=coeur-de-rose-rouge-pourrait-etre-coeur-de-rose-rouge\" \/>\n<meta property=\"og:site_name\" content=\"www.Florajia.com\" \/>\n<meta property=\"article:publisher\" content=\"https:\/\/www.facebook.com\/florajiafleur\" \/>\n<meta property=\"article:modified_time\" content=\"2024-03-17T22:18:26+00:00\" \/>\n<meta property=\"og:image\" content=\"https:\/\/florajia.com\/wp-content\/uploads\/2020\/02\/BIG-LOVE.png\" \/>\n\t<meta property=\"og:image:width\" content=\"1080\" \/>\n\t<meta property=\"og:image:height\" content=\"1080\" \/>\n\t<meta property=\"og:image:type\" content=\"image\/png\" \/>\n<meta name=\"twitter:card\" content=\"summary_large_image\" \/>\n<meta name=\"twitter:site\" content=\"@florajiafleur\" \/>\n<meta name=\"twitter:label1\" content=\"Dur\u00e9e de lecture estim\u00e9e\" \/>\n\t<meta name=\"twitter:data1\" content=\"1 minute\" \/>\n<script type=\"application\/ld+json\" class=\"yoast-schema-graph\">{\"@context\":\"https:\/\/schema.org\",\"@graph\":[{\"@type\":\"WebPage\",\"@id\":\"https:\/\/florajia.com\/?product=coeur-de-rose-rouge-pourrait-etre-coeur-de-rose-rouge\",\"url\":\"https:\/\/florajia.com\/?product=coeur-de-rose-rouge-pourrait-etre-coeur-de-rose-rouge\",\"name\":\"un coeur de rose rouge la vie en Rose joyeux anniversaire\",\"isPartOf\":{\"@id\":\"https:\/\/florajia.com\/#website\"},\"datePublished\":\"2020-02-12T13:44:48+00:00\",\"dateModified\":\"2024-03-17T22:18:26+00:00\",\"description\":\"\\\"D\u00e9couvrez la beaut\u00e9 intemporelle du coeur de rose rouge. Explorez la symbolique de l'amour et de la passion incarn\u00e9e dans chaque p\u00e9tale\",\"breadcrumb\":{\"@id\":\"https:\/\/florajia.com\/?product=coeur-de-rose-rouge-pourrait-etre-coeur-de-rose-rouge#breadcrumb\"},\"inLanguage\":\"fr-FR\",\"potentialAction\":[{\"@type\":\"ReadAction\",\"target\":[\"https:\/\/florajia.com\/?product=coeur-de-rose-rouge-pourrait-etre-coeur-de-rose-rouge\"]}]},{\"@type\":\"BreadcrumbList\",\"@id\":\"https:\/\/florajia.com\/?product=coeur-de-rose-rouge-pourrait-etre-coeur-de-rose-rouge#breadcrumb\",\"itemListElement\":[{\"@type\":\"ListItem\",\"position\":1,\"name\":\"Home\",\"item\":\"https:\/\/florajia.com\/\"},{\"@type\":\"ListItem\",\"position\":2,\"name\":\"Shop\",\"item\":\"https:\/\/florajia.com\/?page_id=345\"},{\"@type\":\"ListItem\",\"position\":3,\"name\":\"coeur de rose rouge\"}]},{\"@type\":\"WebSite\",\"@id\":\"https:\/\/florajia.com\/#website\",\"url\":\"https:\/\/florajia.com\/\",\"name\":\"www.Florajia.com\",\"description\":\"florajia c&#039;est un fleuriste   Sp\u00e9cialiste de livraison de bouquets de fleurs et rose qualite fleurissent  livraison partout \u00e0 Marrakech\",\"publisher\":{\"@id\":\"https:\/\/florajia.com\/#organization\"},\"potentialAction\":[{\"@type\":\"SearchAction\",\"target\":{\"@type\":\"EntryPoint\",\"urlTemplate\":\"https:\/\/florajia.com\/?s={search_term_string}\"},\"query-input\":\"required name=search_term_string\"}],\"inLanguage\":\"fr-FR\"},{\"@type\":\"Organization\",\"@id\":\"https:\/\/florajia.com\/#organization\",\"name\":\"Florajia\",\"url\":\"https:\/\/florajia.com\/\",\"logo\":{\"@type\":\"ImageObject\",\"inLanguage\":\"fr-FR\",\"@id\":\"https:\/\/florajia.com\/#\/schema\/logo\/image\/\",\"url\":\"https:\/\/florajia.com\/wp-content\/uploads\/2020\/02\/5e48499b45714_image_name-1.jpg\",\"contentUrl\":\"https:\/\/florajia.com\/wp-content\/uploads\/2020\/02\/5e48499b45714_image_name-1.jpg\",\"width\":512,\"height\":512,\"caption\":\"Florajia\"},\"image\":{\"@id\":\"https:\/\/florajia.com\/#\/schema\/logo\/image\/\"},\"sameAs\":[\"https:\/\/www.facebook.com\/florajiafleur\",\"https:\/\/twitter.com\/florajiafleur\",\"https:\/\/www.instagram.com\/florajiafleurs\",\"https:\/\/www.pinterest.com\/florajiafleurs\/\"]}]}<\/script>\n<!-- \/ Yoast SEO plugin. -->","yoast_head_json":{"title":"un coeur de rose rouge la vie en Rose joyeux anniversaire","description":"\"D\u00e9couvrez la beaut\u00e9 intemporelle du coeur de rose rouge. Explorez la symbolique de l'amour et de la passion incarn\u00e9e dans chaque p\u00e9tale","robots":{"index":"index","follow":"follow","max-snippet":"max-snippet:-1","max-image-preview":"max-image-preview:large","max-video-preview":"max-video-preview:-1"},"canonical":"https:\/\/florajia.com\/?product=coeur-de-rose-rouge-pourrait-etre-coeur-de-rose-rouge","og_locale":"fr_FR","og_type":"article","og_title":"un coeur de rose rouge la vie en Rose joyeux anniversaire","og_description":"\"D\u00e9couvrez la beaut\u00e9 intemporelle du coeur de rose rouge. Explorez la symbolique de l'amour et de la passion incarn\u00e9e dans chaque p\u00e9tale","og_url":"https:\/\/florajia.com\/?product=coeur-de-rose-rouge-pourrait-etre-coeur-de-rose-rouge","og_site_name":"www.Florajia.com","article_publisher":"https:\/\/www.facebook.com\/florajiafleur","article_modified_time":"2024-03-17T22:18:26+00:00","og_image":[{"width":1080,"height":1080,"url":"https:\/\/florajia.com\/wp-content\/uploads\/2020\/02\/BIG-LOVE.png","type":"image\/png"}],"twitter_card":"summary_large_image","twitter_site":"@florajiafleur","twitter_misc":{"Dur\u00e9e de lecture estim\u00e9e":"1 minute"},"schema":{"@context":"https:\/\/schema.org","@graph":[{"@type":"WebPage","@id":"https:\/\/florajia.com\/?product=coeur-de-rose-rouge-pourrait-etre-coeur-de-rose-rouge","url":"https:\/\/florajia.com\/?product=coeur-de-rose-rouge-pourrait-etre-coeur-de-rose-rouge","name":"un coeur de rose rouge la vie en Rose joyeux anniversaire","isPartOf":{"@id":"https:\/\/florajia.com\/#website"},"datePublished":"2020-02-12T13:44:48+00:00","dateModified":"2024-03-17T22:18:26+00:00","description":"\"D\u00e9couvrez la beaut\u00e9 intemporelle du coeur de rose rouge. Explorez la symbolique de l'amour et de la passion incarn\u00e9e dans chaque p\u00e9tale","breadcrumb":{"@id":"https:\/\/florajia.com\/?product=coeur-de-rose-rouge-pourrait-etre-coeur-de-rose-rouge#breadcrumb"},"inLanguage":"fr-FR","potentialAction":[{"@type":"ReadAction","target":["https:\/\/florajia.com\/?product=coeur-de-rose-rouge-pourrait-etre-coeur-de-rose-rouge"]}]},{"@type":"BreadcrumbList","@id":"https:\/\/florajia.com\/?product=coeur-de-rose-rouge-pourrait-etre-coeur-de-rose-rouge#breadcrumb","itemListElement":[{"@type":"ListItem","position":1,"name":"Home","item":"https:\/\/florajia.com\/"},{"@type":"ListItem","position":2,"name":"Shop","item":"https:\/\/florajia.com\/?page_id=345"},{"@type":"ListItem","position":3,"name":"coeur de rose rouge"}]},{"@type":"WebSite","@id":"https:\/\/florajia.com\/#website","url":"https:\/\/florajia.com\/","name":"www.Florajia.com","description":"florajia c&#039;est un fleuriste   Sp\u00e9cialiste de livraison de bouquets de fleurs et rose qualite fleurissent  livraison partout \u00e0 Marrakech","publisher":{"@id":"https:\/\/florajia.com\/#organization"},"potentialAction":[{"@type":"SearchAction","target":{"@type":"EntryPoint","urlTemplate":"https:\/\/florajia.com\/?s={search_term_string}"},"query-input":"required name=search_term_string"}],"inLanguage":"fr-FR"},{"@type":"Organization","@id":"https:\/\/florajia.com\/#organization","name":"Florajia","url":"https:\/\/florajia.com\/","logo":{"@type":"ImageObject","inLanguage":"fr-FR","@id":"https:\/\/florajia.com\/#\/schema\/logo\/image\/","url":"https:\/\/florajia.com\/wp-content\/uploads\/2020\/02\/5e48499b45714_image_name-1.jpg","contentUrl":"https:\/\/florajia.com\/wp-content\/uploads\/2020\/02\/5e48499b45714_image_name-1.jpg","width":512,"height":512,"caption":"Florajia"},"image":{"@id":"https:\/\/florajia.com\/#\/schema\/logo\/image\/"},"sameAs":["https:\/\/www.facebook.com\/florajiafleur","https:\/\/twitter.com\/florajiafleur","https:\/\/www.instagram.com\/florajiafleurs","https:\/\/www.pinterest.com\/florajiafleurs\/"]}]}},"_links":{"self":[{"href":"https:\/\/florajia.com\/index.php?rest_route=\/wp\/v2\/product\/8852"}],"collection":[{"href":"https:\/\/florajia.com\/index.php?rest_route=\/wp\/v2\/product"}],"about":[{"href":"https:\/\/florajia.com\/index.php?rest_route=\/wp\/v2\/types\/product"}],"replies":[{"embeddable":true,"href":"https:\/\/florajia.com\/index.php?rest_route=%2Fwp%2Fv2%2Fcomments&post=8852"}],"wp:featuredmedia":[{"embeddable":true,"href":"https:\/\/florajia.com\/index.php?rest_route=\/wp\/v2\/media\/8853"}],"wp:attachment":[{"href":"https:\/\/florajia.com\/index.php?rest_route=%2Fwp%2Fv2%2Fmedia&parent=8852"}],"wp:term":[{"taxonomy":"product_cat","embeddable":true,"href":"https:\/\/florajia.com\/index.php?rest_route=%2Fwp%2Fv2%2Fproduct_cat&post=8852"},{"taxonomy":"product_tag","embeddable":true,"href":"https:\/\/florajia.com\/index.php?rest_route=%2Fwp%2Fv2%2Fproduct_tag&post=8852"}],"curies":[{"name":"wp","href":"https:\/\/api.w.org\/{rel}","templated":true}]}}